{"id":9313,"date":"2025-02-27T15:27:23","date_gmt":"2025-02-27T15:27:23","guid":{"rendered":"https:\/\/quickchannel.com\/kollektiv-integration\/"},"modified":"2025-03-24T08:30:47","modified_gmt":"2025-03-24T08:30:47","slug":"kollective","status":"publish","type":"page","link":"https:\/\/quickchannel.com\/sv\/integrationer\/kollective\/","title":{"rendered":"Kollektive integration"},"content":{"rendered":"\n<div class=\"wp-block-group alignfull is-style-qc-group-constrain is-layout-constrained wp-block-group-is-layout-constrained\">\n<h1 class=\"wp-block-heading\">Quickchannels videoplattform integreras med Kollective<\/h1>\n\n\n\n<figure class=\"wp-block-image aligncenter size-large\"><img loading=\"lazy\" decoding=\"async\" width=\"1024\" height=\"369\" src=\"\/wp-content\/uploads\/2025\/03\/Group-48096090-1024x369.png\" alt=\"\" class=\"wp-image-9240\" srcset=\"\/wp-content\/uploads\/2025\/03\/Group-48096090-1024x369.png 1024w, \/wp-content\/uploads\/2025\/03\/Group-48096090-300x108.png 300w, \/wp-content\/uploads\/2025\/03\/Group-48096090-768x277.png 768w, \/wp-content\/uploads\/2025\/03\/Group-48096090-200x72.png 200w, \/wp-content\/uploads\/2025\/03\/Group-48096090.png 1200w\" sizes=\"auto, (max-width: 1024px) 100vw, 1024px\" \/><\/figure>\n\n\n\n<h2 class=\"wp-block-heading\">\u00d6ka din streamingkapacitet med Kollective och Quickchannel<\/h2>\n\n\n\n<h2 class=\"wp-block-heading\">Vad \u00e4r Kollective?<\/h2>\n\n\n\n<p><a href=\"https:\/\/kollective.com\/\" target=\"_blank\" rel=\"noreferrer noopener\">Kollective<\/a> \u00e4r ett mjukvaruf\u00f6retag som observerar, analyserar och optimerar samarbets- och videoupplevelser f\u00f6r de st\u00f6rsta f\u00f6retagen i v\u00e4rlden, med hj\u00e4lp av en revolutionerande plattform och med st\u00f6d av AI.<\/p>\n\n\n\n<h2 class=\"wp-block-heading\">Vad \u00e4r ett eCDN (enterprise content delivery network)?<\/h2>\n\n\n\n<p>eCDN minskar belastningen p\u00e5 n\u00e4tverket n\u00e4r video str\u00f6mmas till platser med m\u00e5nga tittare samtidigt. Det optimerar bandbreddsanv\u00e4ndningen genom att effektivt leverera samma inneh\u00e5ll, t.ex. en lives\u00e4ndning, till flera tittare samtidigt.<\/p>\n\n\n\n<h2 class=\"wp-block-heading\">Varf\u00f6r integrera Quickchannel och Kollective?<\/h2>\n\n\n\n<p>Quickchannel och Kollective har en integration som m\u00f6jligg\u00f6r streaming av b\u00e5de live och on-demand video p\u00e5 Quickchannels videoplattform med hj\u00e4lp av Kollectives peer-to-peer eCDN (Enterprise Content Delivery Network) teknologi. Den fr\u00e4msta f\u00f6rdelen \u00e4r att streamingkapaciteten (m\u00e5nga tittare samtidigt) inte begr\u00e4nsas av kundens n\u00e4tverk. Dessutom fungerar all funktionalitet fr\u00e5n Quickchannel s\u00f6ml\u00f6st och \u00e4ven om trafiken g\u00e5r \u00f6ver Kollective.<\/p>\n\n\n\n<figure class=\"wp-block-image aligncenter size-large is-resized\"><img loading=\"lazy\" decoding=\"async\" width=\"1024\" height=\"480\" src=\"\/wp-content\/uploads\/2025\/03\/Kollective-for-Quickchannel-Diagram-1024x480.png\" alt=\"\" class=\"wp-image-9277\" style=\"width:1024px;height:auto\" srcset=\"\/wp-content\/uploads\/2025\/03\/Kollective-for-Quickchannel-Diagram-1024x480.png 1024w, \/wp-content\/uploads\/2025\/03\/Kollective-for-Quickchannel-Diagram-300x141.png 300w, \/wp-content\/uploads\/2025\/03\/Kollective-for-Quickchannel-Diagram-768x360.png 768w, \/wp-content\/uploads\/2025\/03\/Kollective-for-Quickchannel-Diagram-200x94.png 200w, \/wp-content\/uploads\/2025\/03\/Kollective-for-Quickchannel-Diagram.png 1200w\" sizes=\"auto, (max-width: 1024px) 100vw, 1024px\" \/><figcaption class=\"wp-element-caption\">Bild fr\u00e5n Kollective<\/figcaption><\/figure>\n\n\n\n<h2 class=\"wp-block-heading\">Hur integrerar jag Quickchannel och Kollective?<\/h2>\n\n\n\n<p>Att integrera Kollective och Quickchannel \u00e4r enkelt!<\/p>\n\n\n\n<p>1. F\u00f6r att aktivera Kollective support p\u00e5 Quickchannel-konto, dela Tenant ID och Service Token med ditt Quickchannel Account Team. Du kan g\u00f6ra det genom att skicka ett e-postmeddelande till <a href=\"mailto:support@quickchannel.com\" target=\"_blank\" rel=\"noreferrer noopener\">support@quickchannel.com.<\/a> <\/p>\n\n\n\n<p>2. Ditt Quickchannel Account Team m\u00e5ste aktivera Kollective Enterprise Content Delivery Network (eCDN) f\u00f6r ditt konto och ange det tillhandah\u00e5llna Tenant ID och Service Token.<\/p>\n\n\n\n<h2 class=\"wp-block-heading\">\u00c4r du intresserad av att integrera Quickchannel och Kollective?<\/h2>\n\n\n\n<div class=\"wp-block-buttons is-content-justification-center is-layout-flex wp-container-core-buttons-is-layout-a89b3969 wp-block-buttons-is-layout-flex\">\n<div class=\"wp-block-button\"><a class=\"wp-block-button__link has-text-align-left wp-element-button\" href=\"https:\/\/quickchannel.com\/sv\/boka-en-demo\/\">Prata med en expert<\/a><\/div>\n<\/div>\n<\/div>\n","protected":false},"excerpt":{"rendered":"<p>Quickchannels videoplattform integreras med Kollective \u00d6ka din streamingkapacitet med Kollective och Quickchannel Vad \u00e4r Kollective? Kollective \u00e4r ett mjukvaruf\u00f6retag som [&hellip;]<\/p>\n","protected":false},"author":21,"featured_media":9240,"parent":3155,"menu_order":0,"comment_status":"closed","ping_status":"closed","template":"","meta":{"_acf_changed":false,"site-sidebar-layout":"default","site-content-layout":"","ast-site-content-layout":"","site-content-style":"default","site-sidebar-style":"default","ast-global-header-display":"","ast-banner-title-visibility":"","ast-main-header-display":"","ast-hfb-above-header-display":"","ast-hfb-below-header-display":"","ast-hfb-mobile-header-display":"","site-post-title":"disabled","ast-breadcrumbs-content":"","ast-featured-img":"disabled","footer-sml-layout":"","theme-transparent-header-meta":"","adv-header-id-meta":"","stick-header-meta":"","header-above-stick-meta":"","header-main-stick-meta":"","header-below-stick-meta":"","astra-migrate-meta-layouts":"default","ast-page-background-enabled":"default","ast-page-background-meta":{"desktop":{"background-color":"var(--ast-global-color-5)","background-image":"","background-repeat":"repeat","background-position":"center center","background-size":"auto","background-attachment":"scroll","background-type":"","background-media":"","overlay-type":"","overlay-color":"","overlay-opacity":"","overlay-gradient":""},"tablet":{"background-color":"","background-image":"","background-repeat":"repeat","background-position":"center center","background-size":"auto","background-attachment":"scroll","background-type":"","background-media":"","overlay-type":"","overlay-color":"","overlay-opacity":"","overlay-gradient":""},"mobile":{"background-color":"","background-image":"","background-repeat":"repeat","background-position":"center center","background-size":"auto","background-attachment":"scroll","background-type":"","background-media":"","overlay-type":"","overlay-color":"","overlay-opacity":"","overlay-gradient":""}},"ast-content-background-meta":{"desktop":{"background-color":"var(--ast-global-color-4)","background-image":"","background-repeat":"repeat","background-position":"center center","background-size":"auto","background-attachment":"scroll","background-type":"","background-media":"","overlay-type":"","overlay-color":"","overlay-opacity":"","overlay-gradient":""},"tablet":{"background-color":"var(--ast-global-color-4)","background-image":"","background-repeat":"repeat","background-position":"center center","background-size":"auto","background-attachment":"scroll","background-type":"","background-media":"","overlay-type":"","overlay-color":"","overlay-opacity":"","overlay-gradient":""},"mobile":{"background-color":"var(--ast-global-color-4)","background-image":"","background-repeat":"repeat","background-position":"center center","background-size":"auto","background-attachment":"scroll","background-type":"","background-media":"","overlay-type":"","overlay-color":"","overlay-opacity":"","overlay-gradient":""}},"footnotes":""},"class_list":["post-9313","page","type-page","status-publish","has-post-thumbnail","hentry"],"acf":[],"yoast_head":"<!-- This site is optimized with the Yoast SEO plugin v27.4 - https:\/\/yoast.com\/product\/yoast-seo-wordpress\/ -->\n<title>Kollektive integration | Quickchannel<\/title>\n<meta name=\"description\" content=\"Aktivera din Quickchannel-streaming av b\u00e5de live- och on-demand-video med Kollective&#039;s kraftfulla och p\u00e5litliga peer-to-peer eCDN-teknik.\" \/>\n<meta name=\"robots\" content=\"index, follow, max-snippet:-1, max-image-preview:large, max-video-preview:-1\" \/>\n<link rel=\"canonical\" href=\"https:\/\/quickchannel.com\/sv\/integrationer\/kollective\/\" \/>\n<meta property=\"og:locale\" content=\"sv_SE\" \/>\n<meta property=\"og:type\" content=\"article\" \/>\n<meta property=\"og:title\" content=\"Kollektive integration | Quickchannel\" \/>\n<meta property=\"og:description\" content=\"Aktivera din Quickchannel-streaming av b\u00e5de live- och on-demand-video med Kollective&#039;s kraftfulla och p\u00e5litliga peer-to-peer eCDN-teknik.\" \/>\n<meta property=\"og:url\" content=\"https:\/\/quickchannel.com\/sv\/integrationer\/kollective\/\" \/>\n<meta property=\"og:site_name\" content=\"Quickchannel\" \/>\n<meta property=\"article:publisher\" content=\"https:\/\/www.facebook.com\/61567385758463\" \/>\n<meta property=\"article:modified_time\" content=\"2025-03-24T08:30:47+00:00\" \/>\n<meta property=\"og:image\" content=\"https:\/\/quickchannel.com\/wp-content\/uploads\/2025\/03\/Group-48096090.png\" \/>\n\t<meta property=\"og:image:width\" content=\"1200\" \/>\n\t<meta property=\"og:image:height\" content=\"433\" \/>\n\t<meta property=\"og:image:type\" content=\"image\/png\" \/>\n<meta name=\"twitter:card\" content=\"summary_large_image\" \/>\n<meta name=\"twitter:label1\" content=\"Ber\u00e4knad l\u00e4stid\" \/>\n\t<meta name=\"twitter:data1\" content=\"2 minuter\" \/>\n<script type=\"application\/ld+json\" class=\"yoast-schema-graph\">{\"@context\":\"https:\\\/\\\/schema.org\",\"@graph\":[{\"@type\":\"WebPage\",\"@id\":\"https:\\\/\\\/quickchannel.com\\\/sv\\\/integrationer\\\/kollective\\\/\",\"url\":\"https:\\\/\\\/quickchannel.com\\\/sv\\\/integrationer\\\/kollective\\\/\",\"name\":\"Kollektive integration | Quickchannel\",\"isPartOf\":{\"@id\":\"https:\\\/\\\/quickchannel.com\\\/sv\\\/#website\"},\"primaryImageOfPage\":{\"@id\":\"https:\\\/\\\/quickchannel.com\\\/sv\\\/integrationer\\\/kollective\\\/#primaryimage\"},\"image\":{\"@id\":\"https:\\\/\\\/quickchannel.com\\\/sv\\\/integrationer\\\/kollective\\\/#primaryimage\"},\"thumbnailUrl\":\"\\\/wp-content\\\/uploads\\\/2025\\\/03\\\/Group-48096090.png\",\"datePublished\":\"2025-02-27T15:27:23+00:00\",\"dateModified\":\"2025-03-24T08:30:47+00:00\",\"description\":\"Aktivera din Quickchannel-streaming av b\u00e5de live- och on-demand-video med Kollective's kraftfulla och p\u00e5litliga peer-to-peer eCDN-teknik.\",\"breadcrumb\":{\"@id\":\"https:\\\/\\\/quickchannel.com\\\/sv\\\/integrationer\\\/kollective\\\/#breadcrumb\"},\"inLanguage\":\"sv-SE\",\"potentialAction\":[{\"@type\":\"ReadAction\",\"target\":[\"https:\\\/\\\/quickchannel.com\\\/sv\\\/integrationer\\\/kollective\\\/\"]}]},{\"@type\":\"ImageObject\",\"inLanguage\":\"sv-SE\",\"@id\":\"https:\\\/\\\/quickchannel.com\\\/sv\\\/integrationer\\\/kollective\\\/#primaryimage\",\"url\":\"\\\/wp-content\\\/uploads\\\/2025\\\/03\\\/Group-48096090.png\",\"contentUrl\":\"\\\/wp-content\\\/uploads\\\/2025\\\/03\\\/Group-48096090.png\",\"width\":1200,\"height\":433,\"caption\":\"Quickchannel Kollective\"},{\"@type\":\"BreadcrumbList\",\"@id\":\"https:\\\/\\\/quickchannel.com\\\/sv\\\/integrationer\\\/kollective\\\/#breadcrumb\",\"itemListElement\":[{\"@type\":\"ListItem\",\"position\":1,\"name\":\"Home\",\"item\":\"https:\\\/\\\/quickchannel.com\\\/sv\\\/\"},{\"@type\":\"ListItem\",\"position\":2,\"name\":\"Kollektive integration\"}]},{\"@type\":\"WebSite\",\"@id\":\"https:\\\/\\\/quickchannel.com\\\/sv\\\/#website\",\"url\":\"https:\\\/\\\/quickchannel.com\\\/sv\\\/\",\"name\":\"Quickchannel\",\"description\":\"All you need for video creation, management, and sharing \u2013 whether on-demand or live \u2013 all within one end-to-end platform.\",\"publisher\":{\"@id\":\"https:\\\/\\\/quickchannel.com\\\/sv\\\/#organization\"},\"alternateName\":\"QC\",\"potentialAction\":[{\"@type\":\"SearchAction\",\"target\":{\"@type\":\"EntryPoint\",\"urlTemplate\":\"https:\\\/\\\/quickchannel.com\\\/sv\\\/?s={search_term_string}\"},\"query-input\":{\"@type\":\"PropertyValueSpecification\",\"valueRequired\":true,\"valueName\":\"search_term_string\"}}],\"inLanguage\":\"sv-SE\"},{\"@type\":\"Organization\",\"@id\":\"https:\\\/\\\/quickchannel.com\\\/sv\\\/#organization\",\"name\":\"Quickchannel\",\"url\":\"https:\\\/\\\/quickchannel.com\\\/sv\\\/\",\"logo\":{\"@type\":\"ImageObject\",\"inLanguage\":\"sv-SE\",\"@id\":\"https:\\\/\\\/quickchannel.com\\\/sv\\\/#\\\/schema\\\/logo\\\/image\\\/\",\"url\":\"\\\/wp-content\\\/uploads\\\/2024\\\/07\\\/qc-logo-black-horisontal-no-slogan-scaled.webp\",\"contentUrl\":\"\\\/wp-content\\\/uploads\\\/2024\\\/07\\\/qc-logo-black-horisontal-no-slogan-scaled.webp\",\"width\":2560,\"height\":330,\"caption\":\"Quickchannel\"},\"image\":{\"@id\":\"https:\\\/\\\/quickchannel.com\\\/sv\\\/#\\\/schema\\\/logo\\\/image\\\/\"},\"sameAs\":[\"https:\\\/\\\/www.facebook.com\\\/61567385758463\",\"https:\\\/\\\/www.linkedin.com\\\/company\\\/quickchannel-ab\",\"https:\\\/\\\/www.youtube.com\\\/@quickchannelab\"]}]}<\/script>\n<!-- \/ Yoast SEO plugin. -->","yoast_head_json":{"title":"Kollektive integration | Quickchannel","description":"Aktivera din Quickchannel-streaming av b\u00e5de live- och on-demand-video med Kollective's kraftfulla och p\u00e5litliga peer-to-peer eCDN-teknik.","robots":{"index":"index","follow":"follow","max-snippet":"max-snippet:-1","max-image-preview":"max-image-preview:large","max-video-preview":"max-video-preview:-1"},"canonical":"https:\/\/quickchannel.com\/sv\/integrationer\/kollective\/","og_locale":"sv_SE","og_type":"article","og_title":"Kollektive integration | Quickchannel","og_description":"Aktivera din Quickchannel-streaming av b\u00e5de live- och on-demand-video med Kollective's kraftfulla och p\u00e5litliga peer-to-peer eCDN-teknik.","og_url":"https:\/\/quickchannel.com\/sv\/integrationer\/kollective\/","og_site_name":"Quickchannel","article_publisher":"https:\/\/www.facebook.com\/61567385758463","article_modified_time":"2025-03-24T08:30:47+00:00","og_image":[{"width":1200,"height":433,"url":"https:\/\/quickchannel.com\/wp-content\/uploads\/2025\/03\/Group-48096090.png","type":"image\/png"}],"twitter_card":"summary_large_image","twitter_misc":{"Ber\u00e4knad l\u00e4stid":"2 minuter"},"schema":{"@context":"https:\/\/schema.org","@graph":[{"@type":"WebPage","@id":"https:\/\/quickchannel.com\/sv\/integrationer\/kollective\/","url":"https:\/\/quickchannel.com\/sv\/integrationer\/kollective\/","name":"Kollektive integration | Quickchannel","isPartOf":{"@id":"https:\/\/quickchannel.com\/sv\/#website"},"primaryImageOfPage":{"@id":"https:\/\/quickchannel.com\/sv\/integrationer\/kollective\/#primaryimage"},"image":{"@id":"https:\/\/quickchannel.com\/sv\/integrationer\/kollective\/#primaryimage"},"thumbnailUrl":"\/wp-content\/uploads\/2025\/03\/Group-48096090.png","datePublished":"2025-02-27T15:27:23+00:00","dateModified":"2025-03-24T08:30:47+00:00","description":"Aktivera din Quickchannel-streaming av b\u00e5de live- och on-demand-video med Kollective's kraftfulla och p\u00e5litliga peer-to-peer eCDN-teknik.","breadcrumb":{"@id":"https:\/\/quickchannel.com\/sv\/integrationer\/kollective\/#breadcrumb"},"inLanguage":"sv-SE","potentialAction":[{"@type":"ReadAction","target":["https:\/\/quickchannel.com\/sv\/integrationer\/kollective\/"]}]},{"@type":"ImageObject","inLanguage":"sv-SE","@id":"https:\/\/quickchannel.com\/sv\/integrationer\/kollective\/#primaryimage","url":"\/wp-content\/uploads\/2025\/03\/Group-48096090.png","contentUrl":"\/wp-content\/uploads\/2025\/03\/Group-48096090.png","width":1200,"height":433,"caption":"Quickchannel Kollective"},{"@type":"BreadcrumbList","@id":"https:\/\/quickchannel.com\/sv\/integrationer\/kollective\/#breadcrumb","itemListElement":[{"@type":"ListItem","position":1,"name":"Home","item":"https:\/\/quickchannel.com\/sv\/"},{"@type":"ListItem","position":2,"name":"Kollektive integration"}]},{"@type":"WebSite","@id":"https:\/\/quickchannel.com\/sv\/#website","url":"https:\/\/quickchannel.com\/sv\/","name":"Quickchannel","description":"All you need for video creation, management, and sharing \u2013 whether on-demand or live \u2013 all within one end-to-end platform.","publisher":{"@id":"https:\/\/quickchannel.com\/sv\/#organization"},"alternateName":"QC","potentialAction":[{"@type":"SearchAction","target":{"@type":"EntryPoint","urlTemplate":"https:\/\/quickchannel.com\/sv\/?s={search_term_string}"},"query-input":{"@type":"PropertyValueSpecification","valueRequired":true,"valueName":"search_term_string"}}],"inLanguage":"sv-SE"},{"@type":"Organization","@id":"https:\/\/quickchannel.com\/sv\/#organization","name":"Quickchannel","url":"https:\/\/quickchannel.com\/sv\/","logo":{"@type":"ImageObject","inLanguage":"sv-SE","@id":"https:\/\/quickchannel.com\/sv\/#\/schema\/logo\/image\/","url":"\/wp-content\/uploads\/2024\/07\/qc-logo-black-horisontal-no-slogan-scaled.webp","contentUrl":"\/wp-content\/uploads\/2024\/07\/qc-logo-black-horisontal-no-slogan-scaled.webp","width":2560,"height":330,"caption":"Quickchannel"},"image":{"@id":"https:\/\/quickchannel.com\/sv\/#\/schema\/logo\/image\/"},"sameAs":["https:\/\/www.facebook.com\/61567385758463","https:\/\/www.linkedin.com\/company\/quickchannel-ab","https:\/\/www.youtube.com\/@quickchannelab"]}]}},"_links":{"self":[{"href":"https:\/\/quickchannel.com\/sv\/wp-json\/wp\/v2\/pages\/9313","targetHints":{"allow":["GET"]}}],"collection":[{"href":"https:\/\/quickchannel.com\/sv\/wp-json\/wp\/v2\/pages"}],"about":[{"href":"https:\/\/quickchannel.com\/sv\/wp-json\/wp\/v2\/types\/page"}],"author":[{"embeddable":true,"href":"https:\/\/quickchannel.com\/sv\/wp-json\/wp\/v2\/users\/21"}],"replies":[{"embeddable":true,"href":"https:\/\/quickchannel.com\/sv\/wp-json\/wp\/v2\/comments?post=9313"}],"version-history":[{"count":0,"href":"https:\/\/quickchannel.com\/sv\/wp-json\/wp\/v2\/pages\/9313\/revisions"}],"up":[{"embeddable":true,"href":"https:\/\/quickchannel.com\/sv\/wp-json\/wp\/v2\/pages\/3155"}],"wp:featuredmedia":[{"embeddable":true,"href":"https:\/\/quickchannel.com\/sv\/wp-json\/wp\/v2\/media\/9240"}],"wp:attachment":[{"href":"https:\/\/quickchannel.com\/sv\/wp-json\/wp\/v2\/media?parent=9313"}],"curies":[{"name":"wp","href":"https:\/\/api.w.org\/{rel}","templated":true}]}}