{"id":7307,"date":"2024-07-08T11:43:46","date_gmt":"2024-07-08T11:43:46","guid":{"rendered":"https:\/\/quickchannel.com\/sla\/"},"modified":"2025-09-25T08:03:41","modified_gmt":"2025-09-25T08:03:41","slug":"sla","status":"publish","type":"page","link":"https:\/\/quickchannel.com\/sv\/sla\/","title":{"rendered":"Sla"},"content":{"rendered":"\n<div class=\"wp-block-group alignfull is-layout-constrained wp-container-core-group-is-layout-d273a42d wp-block-group-is-layout-constrained has-background\" style=\"margin-top:0;margin-bottom:0;padding-top:168px;padding-bottom:136px;background-image:url(&apos;\/wp-content\/uploads\/2025\/05\/light-banner-1.png&apos;);background-position:50% 100%;background-size:cover;\">\n<h2 class=\"wp-block-heading has-text-align-center heading-h6 has-text-color has-link-color wp-elements-b44c2a977dfc945223d9ea9a90cf3605\" style=\"color:#81350d;margin-top:0;margin-right:0;margin-bottom:0;margin-left:0;text-transform:uppercase\"><strong>Quickchannel \u2013 SLA<\/strong><\/h2>\n\n\n\n<h1 class=\"wp-block-heading has-text-align-center heading-h1 has-text-color has-link-color wp-elements-86ff2881a1a842938a54480a4c5371d8\" style=\"color:#462004;margin-top:0;margin-right:0;margin-bottom:0;margin-left:0;font-size:56px\">Avtal om serviceniv\u00e5<\/h1>\n<\/div>\n\n\n\n<div class=\"wp-block-group is-style-qc-group-constrain is-layout-constrained wp-container-core-group-is-layout-52fd8420 wp-block-group-is-layout-constrained\">\n<p>Version: 2024.11<br>Uppdaterat: November 2024<\/p>\n\n\n\n<ol class=\"wp-block-list\">\n<li><strong>Tj\u00e4nsteserviceniv\u00e5&nbsp;<\/strong>\n<ul class=\"wp-block-list\">\n<li>1.1. Quickchannel str\u00e4var efter att levera 100% tillg\u00e4nglighet f\u00f6r sina Tj\u00e4nster. Quickchannel \u00f6vervakar Tj\u00e4nsterna och meddelar Abonnenten vid p\u00e5g\u00e5ende st\u00f6rningar. Om tillg\u00e4ngligheten f\u00f6r Tj\u00e4nsterna blir l\u00e4gre \u00e4n den avtalade tillg\u00e4ngligheten (\u201dTillg\u00e4nglighetsgaranti\u201d) n\u00e5gon m\u00e5nad under Avtalstiden kommer Quickchannel utf\u00e4rda en kredit (\u201dTj\u00e4nstekredit\u201d) enligt punkt <a href=\"bookmark:\/\/_Tj%C3%A4nstekrediter\" target=\"_blank\" rel=\"noreferrer noopener\">5<\/a> nedan. Tj\u00e4nstekrediten \u00e4r ber\u00e4knad p\u00e5 Abonnemangsavgiften f\u00f6r den m\u00e5nad som Tj\u00e4nsten inte m\u00f6tte Tillg\u00e4nglighetsgarantin.&nbsp;<\/li>\n<\/ul>\n<\/li>\n\n\n\n<li><strong>Tillg\u00e4nglighet<\/strong>\n<ul class=\"wp-block-list\">\n<li>2.1. Tillg\u00e4nglighet till Tj\u00e4nsten inneb\u00e4r att Tj\u00e4nsten \u00e4r tillg\u00e4nglig vid aktuell m\u00e4tpunkt. Med tillg\u00e4nglig avses att anv\u00e4ndare kan logga in i Console, video kan laddas upp, lives\u00e4ndas, redigeras och spelas upp. Tillg\u00e4nglighet ber\u00e4knas enligt f\u00f6ljande formel&nbsp;\n<ul class=\"wp-block-list\">\n<li>a) Tillg\u00e4nglighet (%) = 100 \u2013 AB\/MT*100&nbsp;<\/li>\n\n\n\n<li>b) AB = Sammanlagd avbrottstid (aktuell kalenderm\u00e5nad)&nbsp;<\/li>\n\n\n\n<li>c) MT = M\u00e5nadstid (aktuell kalenderm\u00e5nad)&nbsp;<\/li>\n<\/ul>\n<\/li>\n\n\n\n<li>2.2. Om Tillg\u00e4nglighet understiger avtalad SLA enligt Orderformul\u00e4r f\u00f6r given kalenderm\u00e5nad ska Leverant\u00f6ren utf\u00e4rda Tj\u00e4nstekrediter till Abonnenten enligt f\u00f6ljande:&nbsp;<\/li>\n\n\n\n<li>2.3. F\u00f6r vara 0.1% under avtalad SLA betalas 5% av Abonnemangsavgiften f\u00f6r p\u00e5verkad kalenderm\u00e5nad. Tj\u00e4nstekrediterna kan inte \u00f6verstiga 50% av Abonnemangsavgiften per m\u00e5nad om inte Tillg\u00e4ngligheten faller under 95% d\u00e5 100% av Abonnemangsavgiften f\u00f6r p\u00e5verkad kalenderm\u00e5nad utf\u00e4rdas som Tj\u00e4nstekredit.&nbsp;<\/li>\n<\/ul>\n<\/li>\n\n\n\n<li><strong>M\u00e4tning<\/strong>\n<ul class=\"wp-block-list\">\n<li>3.1 Leverant\u00f6ren \u00e4r ansvarig att m\u00e4ta avbrottstid och ber\u00e4kna Tillg\u00e4nglighet f\u00f6r Tj\u00e4nsterna.&nbsp;<\/li>\n<\/ul>\n<\/li>\n\n\n\n<li><strong>Kundsupport<\/strong>\n<ul class=\"wp-block-list\">\n<li>4.1. Leverant\u00f6ren tillhandah\u00e5ller kundsupport f\u00f6r Tj\u00e4nsten enligt f\u00f6ljande:&nbsp;&nbsp;\n<ul class=\"wp-block-list\">\n<li>a) E-postsupport p\u00e5 support@quickchannel.com mellan kl. 08.00 &#8211; 17.00 CEST p\u00e5 vardagar.<\/li>\n\n\n\n<li>b) Kundtj\u00e4nst svarar p\u00e5 supportfr\u00e5gor inom 4 timmar under den tid som e-postsupport tillhandah\u00e5lls.<\/li>\n\n\n\n<li>c) Telefonsupport mellan kl. 08.00 &#8211; 17.00 CEST p\u00e5 vardagar (n\u00e4r telefonsupport ing\u00e5r enligt Orderformul\u00e4ret)<\/li>\n<\/ul>\n<\/li>\n\n\n\n<li>4.2. Om Leverant\u00f6ren tillhandah\u00e5ller teknisk support f\u00f6r ett \u00e4rende som Leverant\u00f6ren rimligen kan anse vara Abonnentens skyldighet har Leverant\u00f6ren r\u00e4tt att fakturera f\u00f6r s\u00e5dan support enligt vid var tid g\u00e4llande prislista. Leverant\u00f6ren tillhandah\u00e5ller support f\u00f6r Abonnenten men inte f\u00f6r Abonnentens slutanv\u00e4ndare.&nbsp;<\/li>\n<\/ul>\n<\/li>\n\n\n\n<li><strong><strong>Tj\u00e4nstekrediter&nbsp;<\/strong><\/strong>\n<ul class=\"wp-block-list\">\n<li>5.1. F\u00f6r att erh\u00e5lla tj\u00e4nstekrediter beh\u00f6ver Abonnenten g\u00f6ra f\u00f6ljande:&nbsp;\n<ul class=\"wp-block-list\">\n<li>a) Skicka en beg\u00e4ran (&#8221;Kreditf\u00f6rfr\u00e5gan&#8221;) till <a href=\"mailto:creditrequest@quickchannel.com\">creditrequest@quickchannel.com.<\/a><\/li>\n\n\n\n<li>b) \u00c4mnesraden i e-postmeddelandet m\u00e5ste lyda &#8221;Beg\u00e4ran om servicekredit&#8221;<\/li>\n\n\n\n<li>c) Quickchannel m\u00e5ste ha mottagit e-postmeddelandet senast trettio (30) kalenderdagar efter den sista dagen i den m\u00e5nad d\u00e5 serviceniv\u00e5n upplevdes som ej uppfylld.<\/li>\n\n\n\n<li>d) Varje Kreditbeg\u00e4ran ska inneh\u00e5lla Abonnent, kontaktperson och kontaktuppgifter (telefon och e-post), datum och tid f\u00f6r avbrottet samt en kortfattad beskrivning av det upplevda avbrottet.<\/li>\n<\/ul>\n<\/li>\n\n\n\n<li>5.2. Om Quickchannel kan bekr\u00e4fta avbrottet och inga undantag f\u00f6religger godk\u00e4ns Kreditf\u00f6rfr\u00e5gan. Leverant\u00f6ren ska till\u00e4mpa Tj\u00e4nstekrediten inom tv\u00e5 m\u00e5nader fr\u00e5n att den godk\u00e4nts. Tj\u00e4nstekrediten \u00e4r den enda kompensationen som ska utg\u00e5 med avseende p\u00e5 fel eller tillg\u00e4nglighet av Tj\u00e4nsten.&nbsp;<\/li>\n<\/ul>\n<\/li>\n\n\n\n<li><strong>Undantag<\/strong>\n<ul class=\"wp-block-list\">\n<li>6.1. Tj\u00e4nsteserviceniv\u00e5 g\u00e4ller inte om (i) Abonnenten inte betalat utst\u00e5ende fakturor f\u00f6r Abonnemangsavgiften eller andra fakturor fr\u00e5n Leverant\u00f6ren, eller (ii) Tillg\u00e4nglighetsgarantin inte kunde m\u00f6tas p\u00e5 grund av&nbsp;\n<ul class=\"wp-block-list\">\n<li>a) fel i Abonnentens programvara&nbsp;<\/li>\n\n\n\n<li>b) omst\u00e4ndighet utanf\u00f6r leverant\u00f6rens ansvarsomr\u00e5de f\u00f6r Tj\u00e4nsten som exempelvis brist i kommunikation eller andra produkter eller tj\u00e4nster fr\u00e5n tredje man som Leverant\u00f6ren inte uttryckligen tagit ansvar f\u00f6r,&nbsp;<\/li>\n\n\n\n<li>c) Abonnentens brott mot Allm\u00e4nna villkor,&nbsp;<\/li>\n\n\n\n<li>d) annan omst\u00e4ndighet som kunden svarar f\u00f6r enligt avtalet,&nbsp;<\/li>\n\n\n\n<li>e) en force majeure h\u00e4ndelse som beskriven i Allm\u00e4nna villkor&nbsp;<\/li>\n\n\n\n<li>f) Abonnentens ovilja att \u00e5tg\u00e4rda fel Leverant\u00f6ren rekommenderat,&nbsp;<\/li>\n\n\n\n<li>g) Abonnenten hindrar Leverant\u00f6ren att \u00e5tg\u00e4rda fel,&nbsp;<\/li>\n\n\n\n<li>h) Abonnentens oaktsamhet&nbsp;<\/li>\n<\/ul>\n<\/li>\n<\/ul>\n<\/li>\n\n\n\n<li><strong>Eskalering<\/strong>\n<ul class=\"wp-block-list\">\n<li>7.1 Om Abonnenten har klagom\u00e5l p\u00e5 Tj\u00e4nsten, dess Tillg\u00e4nglighet eller Support ska Leverant\u00f6ren eskalera enligt f\u00f6ljande process:\n<ul class=\"wp-block-list\">\n<li>a) Abonnenten skickar ett klagom\u00e5l till <a href=\"mailto:support@quickchannel.com\" target=\"_blank\" rel=\"noreferrer noopener\">support@quickchannel.com<\/a> eller skapar ett \u00e4rende i webbportalen. I det ska det tydligt framg\u00e5 upplevt problem, namn, epost, telefonnummer och kontaktperson hos Abonnenten.&nbsp;&nbsp;&nbsp;&nbsp;<\/li>\n\n\n\n<li>b) Leverant\u00f6rens supportperson ska svara p\u00e5 Abonnentens klagom\u00e5l inom fem (5) vardagar.&nbsp;<\/li>\n\n\n\n<li>c) Om Leverant\u00f6ren supportperson misslyckas med att svara inom fem (5) vardagar eller misslyckas med att l\u00f6sa upplevt problem inom ytterligare tio (10) vardagar eller en tidsperiod som Abonnenten och Leverant\u00f6ren enas om, givet det upplevda problemets art, kan Abonnenten eskalera \u00e4rendet till Leverant\u00f6rens VP Customer Success.&nbsp;<\/li>\n\n\n\n<li>d) VP Customer Success och Abonnentens kontaktperson ska arbeta f\u00f6r att gemensamt l\u00f6sa det upplevda problemet inom 30 vardagar. Om inte en l\u00f6sning kan n\u00e5s, kan Abonnenten eskalera \u00e4rendet till Leverant\u00f6rens Chief Commercial Officer.&nbsp;<\/li>\n<\/ul>\n<\/li>\n<\/ul>\n<\/li>\n<\/ol>\n<\/div>\n","protected":false},"excerpt":{"rendered":"<p>Quickchannel \u2013 SLA Avtal om serviceniv\u00e5 Version: 2024.11Uppdaterat: November 2024<\/p>\n","protected":false},"author":1,"featured_media":0,"parent":0,"menu_order":0,"comment_status":"closed","ping_status":"closed","template":"","meta":{"_acf_changed":false,"site-sidebar-layout":"default","site-content-layout":"","ast-site-content-layout":"default","site-content-style":"default","site-sidebar-style":"default","ast-global-header-display":"","ast-banner-title-visibility":"","ast-main-header-display":"","ast-hfb-above-header-display":"","ast-hfb-below-header-display":"","ast-hfb-mobile-header-display":"","site-post-title":"disabled","ast-breadcrumbs-content":"","ast-featured-img":"","footer-sml-layout":"","theme-transparent-header-meta":"","adv-header-id-meta":"","stick-header-meta":"","header-above-stick-meta":"","header-main-stick-meta":"","header-below-stick-meta":"","astra-migrate-meta-layouts":"default","ast-page-background-enabled":"default","ast-page-background-meta":{"desktop":{"background-color":"var(--ast-global-color-5)","background-image":"","background-repeat":"repeat","background-position":"center center","background-size":"auto","background-attachment":"scroll","background-type":"","background-media":"","overlay-type":"","overlay-color":"","overlay-opacity":"","overlay-gradient":""},"tablet":{"background-color":"","background-image":"","background-repeat":"repeat","background-position":"center center","background-size":"auto","background-attachment":"scroll","background-type":"","background-media":"","overlay-type":"","overlay-color":"","overlay-opacity":"","overlay-gradient":""},"mobile":{"background-color":"","background-image":"","background-repeat":"repeat","background-position":"center center","background-size":"auto","background-attachment":"scroll","background-type":"","background-media":"","overlay-type":"","overlay-color":"","overlay-opacity":"","overlay-gradient":""}},"ast-content-background-meta":{"desktop":{"background-color":"var(--ast-global-color-4)","background-image":"","background-repeat":"repeat","background-position":"center center","background-size":"auto","background-attachment":"scroll","background-type":"","background-media":"","overlay-type":"","overlay-color":"","overlay-opacity":"","overlay-gradient":""},"tablet":{"background-color":"var(--ast-global-color-4)","background-image":"","background-repeat":"repeat","background-position":"center center","background-size":"auto","background-attachment":"scroll","background-type":"","background-media":"","overlay-type":"","overlay-color":"","overlay-opacity":"","overlay-gradient":""},"mobile":{"background-color":"var(--ast-global-color-4)","background-image":"","background-repeat":"repeat","background-position":"center center","background-size":"auto","background-attachment":"scroll","background-type":"","background-media":"","overlay-type":"","overlay-color":"","overlay-opacity":"","overlay-gradient":""}},"footnotes":""},"class_list":["post-7307","page","type-page","status-publish","hentry"],"acf":[],"yoast_head":"<!-- This site is optimized with the Yoast SEO plugin v27.4 - https:\/\/yoast.com\/product\/yoast-seo-wordpress\/ -->\n<title>Avtal om serviceniv\u00e5 | Quickchannel<\/title>\n<meta name=\"description\" content=\"Se v\u00e5rt SLA h\u00e4r\" \/>\n<meta name=\"robots\" content=\"index, follow, max-snippet:-1, max-image-preview:large, max-video-preview:-1\" \/>\n<link rel=\"canonical\" href=\"https:\/\/quickchannel.com\/sv\/sla\/\" \/>\n<meta property=\"og:locale\" content=\"sv_SE\" \/>\n<meta property=\"og:type\" content=\"article\" \/>\n<meta property=\"og:title\" content=\"Avtal om serviceniv\u00e5 | Quickchannel\" \/>\n<meta property=\"og:description\" content=\"Se v\u00e5rt SLA h\u00e4r\" \/>\n<meta property=\"og:url\" content=\"https:\/\/quickchannel.com\/sv\/sla\/\" \/>\n<meta property=\"og:site_name\" content=\"Quickchannel\" \/>\n<meta property=\"article:publisher\" content=\"https:\/\/www.facebook.com\/61567385758463\" \/>\n<meta property=\"article:modified_time\" content=\"2025-09-25T08:03:41+00:00\" \/>\n<meta name=\"twitter:card\" content=\"summary_large_image\" \/>\n<meta name=\"twitter:label1\" content=\"Ber\u00e4knad l\u00e4stid\" \/>\n\t<meta name=\"twitter:data1\" content=\"3 minuter\" \/>\n<script type=\"application\/ld+json\" class=\"yoast-schema-graph\">{\"@context\":\"https:\\\/\\\/schema.org\",\"@graph\":[{\"@type\":\"WebPage\",\"@id\":\"https:\\\/\\\/quickchannel.com\\\/sv\\\/sla\\\/\",\"url\":\"https:\\\/\\\/quickchannel.com\\\/sv\\\/sla\\\/\",\"name\":\"Avtal om serviceniv\u00e5 | Quickchannel\",\"isPartOf\":{\"@id\":\"https:\\\/\\\/quickchannel.com\\\/sv\\\/#website\"},\"datePublished\":\"2024-07-08T11:43:46+00:00\",\"dateModified\":\"2025-09-25T08:03:41+00:00\",\"description\":\"Se v\u00e5rt SLA h\u00e4r\",\"breadcrumb\":{\"@id\":\"https:\\\/\\\/quickchannel.com\\\/sv\\\/sla\\\/#breadcrumb\"},\"inLanguage\":\"sv-SE\",\"potentialAction\":[{\"@type\":\"ReadAction\",\"target\":[\"https:\\\/\\\/quickchannel.com\\\/sv\\\/sla\\\/\"]}]},{\"@type\":\"BreadcrumbList\",\"@id\":\"https:\\\/\\\/quickchannel.com\\\/sv\\\/sla\\\/#breadcrumb\",\"itemListElement\":[{\"@type\":\"ListItem\",\"position\":1,\"name\":\"Home\",\"item\":\"https:\\\/\\\/quickchannel.com\\\/sv\\\/\"},{\"@type\":\"ListItem\",\"position\":2,\"name\":\"Sla\"}]},{\"@type\":\"WebSite\",\"@id\":\"https:\\\/\\\/quickchannel.com\\\/sv\\\/#website\",\"url\":\"https:\\\/\\\/quickchannel.com\\\/sv\\\/\",\"name\":\"Quickchannel\",\"description\":\"All you need for video creation, management, and sharing \u2013 whether on-demand or live \u2013 all within one end-to-end platform.\",\"publisher\":{\"@id\":\"https:\\\/\\\/quickchannel.com\\\/sv\\\/#organization\"},\"alternateName\":\"QC\",\"potentialAction\":[{\"@type\":\"SearchAction\",\"target\":{\"@type\":\"EntryPoint\",\"urlTemplate\":\"https:\\\/\\\/quickchannel.com\\\/sv\\\/?s={search_term_string}\"},\"query-input\":{\"@type\":\"PropertyValueSpecification\",\"valueRequired\":true,\"valueName\":\"search_term_string\"}}],\"inLanguage\":\"sv-SE\"},{\"@type\":\"Organization\",\"@id\":\"https:\\\/\\\/quickchannel.com\\\/sv\\\/#organization\",\"name\":\"Quickchannel\",\"url\":\"https:\\\/\\\/quickchannel.com\\\/sv\\\/\",\"logo\":{\"@type\":\"ImageObject\",\"inLanguage\":\"sv-SE\",\"@id\":\"https:\\\/\\\/quickchannel.com\\\/sv\\\/#\\\/schema\\\/logo\\\/image\\\/\",\"url\":\"\\\/wp-content\\\/uploads\\\/2024\\\/07\\\/qc-logo-black-horisontal-no-slogan-scaled.webp\",\"contentUrl\":\"\\\/wp-content\\\/uploads\\\/2024\\\/07\\\/qc-logo-black-horisontal-no-slogan-scaled.webp\",\"width\":2560,\"height\":330,\"caption\":\"Quickchannel\"},\"image\":{\"@id\":\"https:\\\/\\\/quickchannel.com\\\/sv\\\/#\\\/schema\\\/logo\\\/image\\\/\"},\"sameAs\":[\"https:\\\/\\\/www.facebook.com\\\/61567385758463\",\"https:\\\/\\\/www.linkedin.com\\\/company\\\/quickchannel-ab\",\"https:\\\/\\\/www.youtube.com\\\/@quickchannelab\"]}]}<\/script>\n<!-- \/ Yoast SEO plugin. -->","yoast_head_json":{"title":"Avtal om serviceniv\u00e5 | Quickchannel","description":"Se v\u00e5rt SLA h\u00e4r","robots":{"index":"index","follow":"follow","max-snippet":"max-snippet:-1","max-image-preview":"max-image-preview:large","max-video-preview":"max-video-preview:-1"},"canonical":"https:\/\/quickchannel.com\/sv\/sla\/","og_locale":"sv_SE","og_type":"article","og_title":"Avtal om serviceniv\u00e5 | Quickchannel","og_description":"Se v\u00e5rt SLA h\u00e4r","og_url":"https:\/\/quickchannel.com\/sv\/sla\/","og_site_name":"Quickchannel","article_publisher":"https:\/\/www.facebook.com\/61567385758463","article_modified_time":"2025-09-25T08:03:41+00:00","twitter_card":"summary_large_image","twitter_misc":{"Ber\u00e4knad l\u00e4stid":"3 minuter"},"schema":{"@context":"https:\/\/schema.org","@graph":[{"@type":"WebPage","@id":"https:\/\/quickchannel.com\/sv\/sla\/","url":"https:\/\/quickchannel.com\/sv\/sla\/","name":"Avtal om serviceniv\u00e5 | Quickchannel","isPartOf":{"@id":"https:\/\/quickchannel.com\/sv\/#website"},"datePublished":"2024-07-08T11:43:46+00:00","dateModified":"2025-09-25T08:03:41+00:00","description":"Se v\u00e5rt SLA h\u00e4r","breadcrumb":{"@id":"https:\/\/quickchannel.com\/sv\/sla\/#breadcrumb"},"inLanguage":"sv-SE","potentialAction":[{"@type":"ReadAction","target":["https:\/\/quickchannel.com\/sv\/sla\/"]}]},{"@type":"BreadcrumbList","@id":"https:\/\/quickchannel.com\/sv\/sla\/#breadcrumb","itemListElement":[{"@type":"ListItem","position":1,"name":"Home","item":"https:\/\/quickchannel.com\/sv\/"},{"@type":"ListItem","position":2,"name":"Sla"}]},{"@type":"WebSite","@id":"https:\/\/quickchannel.com\/sv\/#website","url":"https:\/\/quickchannel.com\/sv\/","name":"Quickchannel","description":"All you need for video creation, management, and sharing \u2013 whether on-demand or live \u2013 all within one end-to-end platform.","publisher":{"@id":"https:\/\/quickchannel.com\/sv\/#organization"},"alternateName":"QC","potentialAction":[{"@type":"SearchAction","target":{"@type":"EntryPoint","urlTemplate":"https:\/\/quickchannel.com\/sv\/?s={search_term_string}"},"query-input":{"@type":"PropertyValueSpecification","valueRequired":true,"valueName":"search_term_string"}}],"inLanguage":"sv-SE"},{"@type":"Organization","@id":"https:\/\/quickchannel.com\/sv\/#organization","name":"Quickchannel","url":"https:\/\/quickchannel.com\/sv\/","logo":{"@type":"ImageObject","inLanguage":"sv-SE","@id":"https:\/\/quickchannel.com\/sv\/#\/schema\/logo\/image\/","url":"\/wp-content\/uploads\/2024\/07\/qc-logo-black-horisontal-no-slogan-scaled.webp","contentUrl":"\/wp-content\/uploads\/2024\/07\/qc-logo-black-horisontal-no-slogan-scaled.webp","width":2560,"height":330,"caption":"Quickchannel"},"image":{"@id":"https:\/\/quickchannel.com\/sv\/#\/schema\/logo\/image\/"},"sameAs":["https:\/\/www.facebook.com\/61567385758463","https:\/\/www.linkedin.com\/company\/quickchannel-ab","https:\/\/www.youtube.com\/@quickchannelab"]}]}},"_links":{"self":[{"href":"https:\/\/quickchannel.com\/sv\/wp-json\/wp\/v2\/pages\/7307","targetHints":{"allow":["GET"]}}],"collection":[{"href":"https:\/\/quickchannel.com\/sv\/wp-json\/wp\/v2\/pages"}],"about":[{"href":"https:\/\/quickchannel.com\/sv\/wp-json\/wp\/v2\/types\/page"}],"author":[{"embeddable":true,"href":"https:\/\/quickchannel.com\/sv\/wp-json\/wp\/v2\/users\/1"}],"replies":[{"embeddable":true,"href":"https:\/\/quickchannel.com\/sv\/wp-json\/wp\/v2\/comments?post=7307"}],"version-history":[{"count":3,"href":"https:\/\/quickchannel.com\/sv\/wp-json\/wp\/v2\/pages\/7307\/revisions"}],"predecessor-version":[{"id":18883,"href":"https:\/\/quickchannel.com\/sv\/wp-json\/wp\/v2\/pages\/7307\/revisions\/18883"}],"wp:attachment":[{"href":"https:\/\/quickchannel.com\/sv\/wp-json\/wp\/v2\/media?parent=7307"}],"curies":[{"name":"wp","href":"https:\/\/api.w.org\/{rel}","templated":true}]}}