{"id":22259,"date":"2026-01-27T13:43:36","date_gmt":"2026-01-27T13:43:36","guid":{"rendered":"https:\/\/quickchannel.com\/integrationer\/pexip-integration\/"},"modified":"2026-02-26T10:22:22","modified_gmt":"2026-02-26T10:22:22","slug":"pexip","status":"publish","type":"page","link":"https:\/\/quickchannel.com\/sv\/integrationer\/pexip\/","title":{"rendered":"Pexip integration"},"content":{"rendered":"\n<div class=\"wp-block-cover alignfull is-light\" style=\"padding-top:168px;padding-bottom:236px\"><img loading=\"lazy\" decoding=\"async\" width=\"1440\" height=\"802\" class=\"wp-block-cover__image-background wp-image-16692 size-large\" alt=\"\" src=\"\/wp-content\/uploads\/2025\/06\/green-background-1.svg\" style=\"object-position:50% 100%\" data-object-fit=\"cover\" data-object-position=\"50% 100%\"\/><span aria-hidden=\"true\" class=\"wp-block-cover__background has-background-dim-0 has-background-dim\"><\/span><div class=\"wp-block-cover__inner-container is-layout-constrained wp-block-cover-is-layout-constrained\">\n<div class=\"wp-block-columns is-layout-flex wp-container-core-columns-is-layout-28f84493 wp-block-columns-is-layout-flex\">\n<div class=\"wp-block-column is-layout-flow wp-block-column-is-layout-flow\">\n<h1 class=\"wp-block-heading has-ast-global-color-7-color has-text-color has-link-color wp-elements-46657f56c35920b7e90106979167db49\">Pexip &amp; Quickchannel integration<\/h1>\n<\/div>\n\n\n\n<div class=\"wp-block-column is-layout-flow wp-block-column-is-layout-flow\">\n<figure class=\"wp-block-image aligncenter size-full is-resized\"><img loading=\"lazy\" decoding=\"async\" width=\"750\" height=\"203\" src=\"\/wp-content\/uploads\/2026\/01\/Pexip-Logo-Blue-RGB.webp\" alt=\"\" class=\"wp-image-22002\" style=\"width:358px;height:auto\" srcset=\"\/wp-content\/uploads\/2026\/01\/Pexip-Logo-Blue-RGB.webp 750w, \/wp-content\/uploads\/2026\/01\/Pexip-Logo-Blue-RGB-300x81.webp 300w\" sizes=\"auto, (max-width: 750px) 100vw, 750px\" \/><\/figure>\n<\/div>\n<\/div>\n<\/div><\/div>\n\n<div class=\"wp-block-group is-style-default narrow-container is-layout-flow wp-block-group-is-layout-flow\">\n<h2 class=\"wp-block-heading\">Arrangera professionella videom\u00f6ten utan anstr\u00e4ngning med Pexip och Quickchannel<\/h2>\n\n\n\n<p>Integrationen mellan <a href=\"https:\/\/www.pexip.com\/\" type=\"link\" id=\"https:\/\/www.pexip.com\/\" target=\"_blank\" rel=\"noreferrer noopener\">Pexip<\/a> och Quickchannel g\u00f6r det m\u00f6jligt f\u00f6r organisationer att s\u00e4nda, spela in, hantera och distribuera videom\u00f6ten och event med minimal insats. Genom att koppla ihop Pexips s\u00e4kra videoplattform i f\u00f6retagsklass med Quickchannels kraftfulla streaming- och inneh\u00e5llshanteringsfunktioner kan du f\u00f6rl\u00e4nga v\u00e4rdet av varje m\u00f6te l\u00e5ngt bortom den direkts\u00e4nda sessionen. <\/p>\n\n\n\n<h2 class=\"wp-block-heading\">F\u00f6rdelar<\/h2>\n\n\n\n<h2 class=\"wp-block-heading\"><strong>1. <\/strong>Dubbelstr\u00f6m f\u00f6r lives\u00e4ndningar och inspelningar<\/h2>\n\n\n\n<p>Pexip\u2011m\u00f6ten kan utnyttja Dual Streams for Live Events i Quickchannel. Detta g\u00f6r att du kan str\u00f6mma tv\u00e5 videofl\u00f6den samtidigt till en och samma spelare, vilket ger tittarna full kontroll \u00f6ver hur de vill titta. Tittarna kan v\u00e4xla mellan helsk\u00e4rmsvy, bild\u2011i\u2011bild eller sida\u2011vid\u2011sida\u2011layout direkt i spelaren.  <\/p>\n\n\n\n<p>Pexip\u2011m\u00f6ten kan str\u00f6mma dubbelstr\u00f6m f\u00f6r Live Events i Quickchannel. Detta g\u00f6r att du kan str\u00f6mma b\u00e5de presentat\u00f6rens video och en presentation samtidigt. Tittarna har full kontroll \u00f6ver hur de vill titta: helsk\u00e4rmsvy, bild\u2011i\u2011bild eller sida\u2011vid\u2011sida\u2011layout i spelaren.  <\/p>\n\n\n\n<figure class=\"wp-block-image aligncenter size-large\"><img loading=\"lazy\" decoding=\"async\" width=\"1024\" height=\"554\" src=\"\/wp-content\/uploads\/2026\/01\/image-12-1024x554.png\" alt=\"Quickchannel Pexip streaming\" class=\"wp-image-22191\" srcset=\"\/wp-content\/uploads\/2026\/01\/image-12-1024x554.png 1024w, \/wp-content\/uploads\/2026\/01\/image-12-300x162.png 300w, \/wp-content\/uploads\/2026\/01\/image-12-768x416.png 768w, \/wp-content\/uploads\/2026\/01\/image-12-1536x832.png 1536w, \/wp-content\/uploads\/2026\/01\/image-12.png 1917w\" sizes=\"auto, (max-width: 1024px) 100vw, 1024px\" \/><figcaption class=\"wp-element-caption\">Str\u00f6mning fr\u00e5n Pexip till Quickchannel<\/figcaption><\/figure>\n\n\n\n<h2 class=\"wp-block-heading\">2. F\u00f6rvandla lives\u00e4ndningar till inspelningar<\/h2>\n\n\n\n<p>F\u00f6rutom att str\u00f6mma dina livem\u00f6ten i Pexip till en st\u00f6rre publik kan m\u00f6ten ocks\u00e5 spelas in och\/eller lagras i Quickchannel. Integrationen m\u00f6jligg\u00f6r dessutom tittarregistrering eller \u00e5tkomstkontroll med hj\u00e4lp av SSO, IP\u2011l\u00e5s eller andra s\u00e4kerhets\u00e5tg\u00e4rder. Inspelningar som skapas i Pexip \u00f6verf\u00f6rs automatiskt till Quickchannel, d\u00e4r de kan lagras, hanteras och delas. Detta g\u00f6r att du kan:   <\/p>\n\n\n\n<ul class=\"wp-block-list\">\n<li>\u00c5teranv\u00e4nda viktiga sessioner som utbildningsmaterial eller referensmaterial<\/li>\n\n\n\n<li>Erbjuda on\u2011demand\u2011\u00e5tkomst till informationsm\u00f6ten, storm\u00f6ten och webbinarier<\/li>\n\n\n\n<li>Minska repetitionen av \u00e5terkommande presentationer och uppdateringar<\/li>\n<\/ul>\n\n\n\n<p>Pexip\u2011m\u00f6te inspelat och lagrat i Quickchannel<\/p>\n\n\n\n<figure class=\"wp-block-image size-large\"><img loading=\"lazy\" decoding=\"async\" width=\"1024\" height=\"555\" src=\"\/wp-content\/uploads\/2026\/01\/image-14-1024x555.png\" alt=\"Quickchannel Pexip Dual Streams recording\" class=\"wp-image-22211\" srcset=\"\/wp-content\/uploads\/2026\/01\/image-14-1024x555.png 1024w, \/wp-content\/uploads\/2026\/01\/image-14-300x162.png 300w, \/wp-content\/uploads\/2026\/01\/image-14-768x416.png 768w, \/wp-content\/uploads\/2026\/01\/image-14-1536x832.png 1536w, \/wp-content\/uploads\/2026\/01\/image-14.png 1915w\" sizes=\"auto, (max-width: 1024px) 100vw, 1024px\" \/><\/figure>\n\n\n\n<h2 class=\"wp-block-heading\"><strong>3. <\/strong>Centraliserad och regel\u00adefterlevande videohantering<\/h2>\n\n\n\n<p>Quickchannel tillhandah\u00e5ller en strukturerad milj\u00f6 f\u00f6r hantering av inspelade m\u00f6ten:<\/p>\n\n\n\n<p>St\u00f6dja styrning, regelefterlevnad och interna policys genom kontrollerad distribution<\/p>\n\n\n\n<p>Lagra och organisera inneh\u00e5ll i ett enda, s\u00f6kbart bibliotek<\/p>\n\n\n\n<p>Till\u00e4mpa \u00e5tkomstkontroll f\u00f6r specifika m\u00e5lgrupper eller anv\u00e4ndargrupper<\/p>\n\n\n\n<h2 class=\"wp-block-heading\">4. Friktionsfri anv\u00e4ndarupplevelse<\/h2>\n\n\n\n<p>Integrationen \u00e4r utformad f\u00f6r att passa in i befintliga arbetsfl\u00f6den:<\/p>\n\n\n\n<ul class=\"wp-block-list\">\n<li>Anv\u00e4ndare forts\u00e4tter att schemal\u00e4gga och ansluta till m\u00f6ten i Pexip som vanligt<\/li>\n\n\n\n<li>Utvalda m\u00f6ten kan spelas in i Quickchannel<\/li>\n\n\n\n<li>Ingen manuell filhantering eller extra steg f\u00f6r slutanv\u00e4ndare n\u00e4r allt v\u00e4l \u00e4r konfigurerat<\/li>\n<\/ul>\n\n\n\n<p>Detta s\u00e4nker tr\u00f6skeln f\u00f6r att f\u00e5nga kunskap och institutionellt minne utan att \u00f6ka komplexiteten f\u00f6r m\u00f6tesv\u00e4rdar eller deltagare. <\/p>\n\n\n\n<h2 class=\"wp-block-heading\"><strong>5. <\/strong>Ut\u00f6ka r\u00e4ckvidden med live\u2011 och on\u2011demand\u2011streaming<\/h2>\n\n\n\n<p>Genom att kombinera Pexip med Quickchannel kan organisationer:<\/p>\n\n\n\n<ul class=\"wp-block-list\">\n<li>Str\u00f6mma utvalda Pexip\u2011sessioner via Quickchannel till st\u00f6rre m\u00e5lgrupper<\/li>\n\n\n\n<li>Erbjuda en enhetlig tittarupplevelse p\u00e5 alla enheter<\/li>\n\n\n\n<li>Ge b\u00e5de live\u2011deltagande och on\u2011demand\u2011uppf\u00f6ljning fr\u00e5n samma event<\/li>\n<\/ul>\n\n\n\n<p>Detta g\u00f6r l\u00f6sningen l\u00e4mplig f\u00f6r interna storm\u00f6ten, offentliga informationsm\u00f6ten, utbildning och kundinriktade webbinarier. <\/p>\n\n\n\n<h2 class=\"wp-block-heading\">Vem \u00e4r integrationen b\u00e4st l\u00e4mpad f\u00f6r<\/h2>\n\n\n\n<p>ntegrationen mellan Pexip och Quickchannel passar s\u00e4rskilt bra f\u00f6r:<\/p>\n\n\n\n<ul class=\"wp-block-list\">\n<li>Offentlig sektor och myndigheter \u2013 f\u00f6r transparent och s\u00e4ker kommunikation<\/li>\n\n\n\n<li>F\u00f6retag \u2013 f\u00f6r internkommunikation, ledningsinformation och utbildning<\/li>\n\n\n\n<li>Utbildning och forskning \u2013 f\u00f6r f\u00f6rel\u00e4sningar, seminarier och kunskapsdelning<\/li>\n\n\n\n<li>Reglerade branscher \u2013 d\u00e4r dokumentation, sp\u00e5rbarhet och \u00e5tkomstkontroll \u00e4r viktiga<\/li>\n<\/ul>\n\n\n\n<p>Genom att kombinera s\u00e4kra videom\u00f6ten med en robust inneh\u00e5llsplattform f\u00e5r organisationer ett tillf\u00f6rlitligt s\u00e4tt att dokumentera, bevara och dela kritisk information.<\/p>\n\n\n\n<h2 class=\"wp-block-heading\">Summering av v\u00e4rdet integrationen skapar dig<\/h2>\n\n\n\n<ul class=\"wp-block-list\">\n<li>Skala upp och maximera din r\u00e4ckvidd genom att kombinera Pexip och Quickchannel<\/li>\n\n\n\n<li>F\u00e5nga och \u00e5teranv\u00e4nd Pexip\u2011m\u00f6ten med minimal extra insats<\/li>\n\n\n\n<li>Centralisera videoinneh\u00e5ll i Quickchannel f\u00f6r s\u00e4ker och strukturerad hantering<\/li>\n\n\n\n<li>Ut\u00f6ka r\u00e4ckvidden f\u00f6r viktiga sessioner genom live\u2011 och on\u2011demand\u2011streaming<\/li>\n\n\n\n<li>St\u00f6d regelefterlevnad, styrning och l\u00e5ngsiktigt bevarande av kunskap<\/li>\n<\/ul>\n\n\n\n<p>Pexip\u2013Quickchannel\u2011integrationen f\u00f6rvandlar vardagliga videom\u00f6ten till en strategisk inneh\u00e5llsresurs som g\u00f6r det enklare att informera, engagera och utbilda dina m\u00e5lgrupper.<\/p>\n\n\n\n<div class=\"wp-block-buttons is-content-justification-left is-layout-flex wp-container-core-buttons-is-layout-fc4fd283 wp-block-buttons-is-layout-flex\">\n<div class=\"wp-block-button\"><a class=\"wp-block-button__link has-text-align-left wp-element-button\" href=\"https:\/\/quickchannel.com\/sv\/boka-en-demo\/\">Boka en demo<\/a><\/div>\n\n\n\n<div class=\"wp-block-button is-style-outline is-style-outline--1\"><a class=\"wp-block-button__link has-text-align-left wp-element-button\" href=\"&lt;!--[CDATA[https:\/\/support.quickchannel.com\/kb\/faq.php?id=287]]--&gt;\" target=\"_blank\" rel=\"noreferrer noopener\">Bes\u00f6k v\u00e5r knowledge base<\/a><\/div>\n<\/div>\n<\/div>\n","protected":false},"excerpt":{"rendered":"<p>Arrangera professionella videom\u00f6ten utan anstr\u00e4ngning med Pexip och Quickchannel Integrationen mellan Pexip och Quickchannel g\u00f6r det m\u00f6jligt f\u00f6r organisationer att [&hellip;]<\/p>\n","protected":false},"author":21,"featured_media":1770,"parent":3155,"menu_order":0,"comment_status":"closed","ping_status":"closed","template":"","meta":{"_acf_changed":false,"site-sidebar-layout":"default","site-content-layout":"","ast-site-content-layout":"default","site-content-style":"default","site-sidebar-style":"default","ast-global-header-display":"","ast-banner-title-visibility":"","ast-main-header-display":"","ast-hfb-above-header-display":"","ast-hfb-below-header-display":"","ast-hfb-mobile-header-display":"","site-post-title":"disabled","ast-breadcrumbs-content":"","ast-featured-img":"disabled","footer-sml-layout":"","theme-transparent-header-meta":"","adv-header-id-meta":"","stick-header-meta":"","header-above-stick-meta":"","header-main-stick-meta":"","header-below-stick-meta":"","astra-migrate-meta-layouts":"default","ast-page-background-enabled":"default","ast-page-background-meta":{"desktop":{"background-color":"var(--ast-global-color-5)","background-image":"","background-repeat":"repeat","background-position":"center center","background-size":"auto","background-attachment":"scroll","background-type":"","background-media":"","overlay-type":"","overlay-color":"","overlay-opacity":"","overlay-gradient":""},"tablet":{"background-color":"","background-image":"","background-repeat":"repeat","background-position":"center center","background-size":"auto","background-attachment":"scroll","background-type":"","background-media":"","overlay-type":"","overlay-color":"","overlay-opacity":"","overlay-gradient":""},"mobile":{"background-color":"","background-image":"","background-repeat":"repeat","background-position":"center center","background-size":"auto","background-attachment":"scroll","background-type":"","background-media":"","overlay-type":"","overlay-color":"","overlay-opacity":"","overlay-gradient":""}},"ast-content-background-meta":{"desktop":{"background-color":"var(--ast-global-color-4)","background-image":"","background-repeat":"repeat","background-position":"center center","background-size":"auto","background-attachment":"scroll","background-type":"","background-media":"","overlay-type":"","overlay-color":"","overlay-opacity":"","overlay-gradient":""},"tablet":{"background-color":"var(--ast-global-color-4)","background-image":"","background-repeat":"repeat","background-position":"center center","background-size":"auto","background-attachment":"scroll","background-type":"","background-media":"","overlay-type":"","overlay-color":"","overlay-opacity":"","overlay-gradient":""},"mobile":{"background-color":"var(--ast-global-color-4)","background-image":"","background-repeat":"repeat","background-position":"center center","background-size":"auto","background-attachment":"scroll","background-type":"","background-media":"","overlay-type":"","overlay-color":"","overlay-opacity":"","overlay-gradient":""}},"footnotes":""},"class_list":["post-22259","page","type-page","status-publish","has-post-thumbnail","hentry"],"acf":[],"yoast_head":"<!-- This site is optimized with the Yoast SEO plugin v27.4 - https:\/\/yoast.com\/product\/yoast-seo-wordpress\/ -->\n<title>Pexip integration<\/title>\n<meta name=\"description\" content=\"Learn how and why the integration between Pexip and Quickchannel can create value for your organisation and your video strategy.\" \/>\n<meta name=\"robots\" content=\"index, follow, max-snippet:-1, max-image-preview:large, max-video-preview:-1\" \/>\n<link rel=\"canonical\" href=\"https:\/\/quickchannel.com\/sv\/integrationer\/pexip\/\" \/>\n<meta property=\"og:locale\" content=\"sv_SE\" \/>\n<meta property=\"og:type\" content=\"article\" \/>\n<meta property=\"og:title\" content=\"Pexip integration\" \/>\n<meta property=\"og:description\" content=\"Learn how and why the integration between Pexip and Quickchannel can create value for your organisation and your video strategy.\" \/>\n<meta property=\"og:url\" content=\"https:\/\/quickchannel.com\/sv\/integrationer\/pexip\/\" \/>\n<meta property=\"og:site_name\" content=\"Quickchannel\" \/>\n<meta property=\"article:publisher\" content=\"https:\/\/www.facebook.com\/61567385758463\" \/>\n<meta property=\"article:modified_time\" content=\"2026-02-26T10:22:22+00:00\" \/>\n<meta property=\"og:image\" content=\"https:\/\/quickchannel.com\/wp-content\/uploads\/2024\/07\/Pexip_logo.png\" \/>\n\t<meta property=\"og:image:width\" content=\"160\" \/>\n\t<meta property=\"og:image:height\" content=\"45\" \/>\n\t<meta property=\"og:image:type\" content=\"image\/png\" \/>\n<meta name=\"twitter:card\" content=\"summary_large_image\" \/>\n<meta name=\"twitter:label1\" content=\"Ber\u00e4knad l\u00e4stid\" \/>\n\t<meta name=\"twitter:data1\" content=\"4 minuter\" \/>\n<script type=\"application\/ld+json\" class=\"yoast-schema-graph\">{\"@context\":\"https:\\\/\\\/schema.org\",\"@graph\":[{\"@type\":\"WebPage\",\"@id\":\"https:\\\/\\\/quickchannel.com\\\/sv\\\/integrationer\\\/pexip\\\/\",\"url\":\"https:\\\/\\\/quickchannel.com\\\/sv\\\/integrationer\\\/pexip\\\/\",\"name\":\"Pexip integration\",\"isPartOf\":{\"@id\":\"https:\\\/\\\/quickchannel.com\\\/sv\\\/#website\"},\"primaryImageOfPage\":{\"@id\":\"https:\\\/\\\/quickchannel.com\\\/sv\\\/integrationer\\\/pexip\\\/#primaryimage\"},\"image\":{\"@id\":\"https:\\\/\\\/quickchannel.com\\\/sv\\\/integrationer\\\/pexip\\\/#primaryimage\"},\"thumbnailUrl\":\"\\\/wp-content\\\/uploads\\\/2024\\\/07\\\/Pexip_logo.png\",\"datePublished\":\"2026-01-27T13:43:36+00:00\",\"dateModified\":\"2026-02-26T10:22:22+00:00\",\"description\":\"Learn how and why the integration between Pexip and Quickchannel can create value for your organisation and your video strategy.\",\"breadcrumb\":{\"@id\":\"https:\\\/\\\/quickchannel.com\\\/sv\\\/integrationer\\\/pexip\\\/#breadcrumb\"},\"inLanguage\":\"sv-SE\",\"potentialAction\":[{\"@type\":\"ReadAction\",\"target\":[\"https:\\\/\\\/quickchannel.com\\\/sv\\\/integrationer\\\/pexip\\\/\"]}]},{\"@type\":\"ImageObject\",\"inLanguage\":\"sv-SE\",\"@id\":\"https:\\\/\\\/quickchannel.com\\\/sv\\\/integrationer\\\/pexip\\\/#primaryimage\",\"url\":\"\\\/wp-content\\\/uploads\\\/2024\\\/07\\\/Pexip_logo.png\",\"contentUrl\":\"\\\/wp-content\\\/uploads\\\/2024\\\/07\\\/Pexip_logo.png\",\"width\":160,\"height\":45,\"caption\":\"pexip-logotype\"},{\"@type\":\"BreadcrumbList\",\"@id\":\"https:\\\/\\\/quickchannel.com\\\/sv\\\/integrationer\\\/pexip\\\/#breadcrumb\",\"itemListElement\":[{\"@type\":\"ListItem\",\"position\":1,\"name\":\"Home\",\"item\":\"https:\\\/\\\/quickchannel.com\\\/sv\\\/\"},{\"@type\":\"ListItem\",\"position\":2,\"name\":\"Integrationer\",\"item\":\"https:\\\/\\\/quickchannel.com\\\/sv\\\/integrationer\\\/\"},{\"@type\":\"ListItem\",\"position\":3,\"name\":\"Pexip integration\"}]},{\"@type\":\"WebSite\",\"@id\":\"https:\\\/\\\/quickchannel.com\\\/sv\\\/#website\",\"url\":\"https:\\\/\\\/quickchannel.com\\\/sv\\\/\",\"name\":\"Quickchannel\",\"description\":\"All you need for video creation, management, and sharing \u2013 whether on-demand or live \u2013 all within one end-to-end platform.\",\"publisher\":{\"@id\":\"https:\\\/\\\/quickchannel.com\\\/sv\\\/#organization\"},\"alternateName\":\"QC\",\"potentialAction\":[{\"@type\":\"SearchAction\",\"target\":{\"@type\":\"EntryPoint\",\"urlTemplate\":\"https:\\\/\\\/quickchannel.com\\\/sv\\\/?s={search_term_string}\"},\"query-input\":{\"@type\":\"PropertyValueSpecification\",\"valueRequired\":true,\"valueName\":\"search_term_string\"}}],\"inLanguage\":\"sv-SE\"},{\"@type\":\"Organization\",\"@id\":\"https:\\\/\\\/quickchannel.com\\\/sv\\\/#organization\",\"name\":\"Quickchannel\",\"url\":\"https:\\\/\\\/quickchannel.com\\\/sv\\\/\",\"logo\":{\"@type\":\"ImageObject\",\"inLanguage\":\"sv-SE\",\"@id\":\"https:\\\/\\\/quickchannel.com\\\/sv\\\/#\\\/schema\\\/logo\\\/image\\\/\",\"url\":\"\\\/wp-content\\\/uploads\\\/2024\\\/07\\\/qc-logo-black-horisontal-no-slogan-scaled.webp\",\"contentUrl\":\"\\\/wp-content\\\/uploads\\\/2024\\\/07\\\/qc-logo-black-horisontal-no-slogan-scaled.webp\",\"width\":2560,\"height\":330,\"caption\":\"Quickchannel\"},\"image\":{\"@id\":\"https:\\\/\\\/quickchannel.com\\\/sv\\\/#\\\/schema\\\/logo\\\/image\\\/\"},\"sameAs\":[\"https:\\\/\\\/www.facebook.com\\\/61567385758463\",\"https:\\\/\\\/www.linkedin.com\\\/company\\\/quickchannel-ab\",\"https:\\\/\\\/www.youtube.com\\\/@quickchannelab\"]}]}<\/script>\n<!-- \/ Yoast SEO plugin. -->","yoast_head_json":{"title":"Pexip integration","description":"Learn how and why the integration between Pexip and Quickchannel can create value for your organisation and your video strategy.","robots":{"index":"index","follow":"follow","max-snippet":"max-snippet:-1","max-image-preview":"max-image-preview:large","max-video-preview":"max-video-preview:-1"},"canonical":"https:\/\/quickchannel.com\/sv\/integrationer\/pexip\/","og_locale":"sv_SE","og_type":"article","og_title":"Pexip integration","og_description":"Learn how and why the integration between Pexip and Quickchannel can create value for your organisation and your video strategy.","og_url":"https:\/\/quickchannel.com\/sv\/integrationer\/pexip\/","og_site_name":"Quickchannel","article_publisher":"https:\/\/www.facebook.com\/61567385758463","article_modified_time":"2026-02-26T10:22:22+00:00","og_image":[{"width":160,"height":45,"url":"https:\/\/quickchannel.com\/wp-content\/uploads\/2024\/07\/Pexip_logo.png","type":"image\/png"}],"twitter_card":"summary_large_image","twitter_misc":{"Ber\u00e4knad l\u00e4stid":"4 minuter"},"schema":{"@context":"https:\/\/schema.org","@graph":[{"@type":"WebPage","@id":"https:\/\/quickchannel.com\/sv\/integrationer\/pexip\/","url":"https:\/\/quickchannel.com\/sv\/integrationer\/pexip\/","name":"Pexip integration","isPartOf":{"@id":"https:\/\/quickchannel.com\/sv\/#website"},"primaryImageOfPage":{"@id":"https:\/\/quickchannel.com\/sv\/integrationer\/pexip\/#primaryimage"},"image":{"@id":"https:\/\/quickchannel.com\/sv\/integrationer\/pexip\/#primaryimage"},"thumbnailUrl":"\/wp-content\/uploads\/2024\/07\/Pexip_logo.png","datePublished":"2026-01-27T13:43:36+00:00","dateModified":"2026-02-26T10:22:22+00:00","description":"Learn how and why the integration between Pexip and Quickchannel can create value for your organisation and your video strategy.","breadcrumb":{"@id":"https:\/\/quickchannel.com\/sv\/integrationer\/pexip\/#breadcrumb"},"inLanguage":"sv-SE","potentialAction":[{"@type":"ReadAction","target":["https:\/\/quickchannel.com\/sv\/integrationer\/pexip\/"]}]},{"@type":"ImageObject","inLanguage":"sv-SE","@id":"https:\/\/quickchannel.com\/sv\/integrationer\/pexip\/#primaryimage","url":"\/wp-content\/uploads\/2024\/07\/Pexip_logo.png","contentUrl":"\/wp-content\/uploads\/2024\/07\/Pexip_logo.png","width":160,"height":45,"caption":"pexip-logotype"},{"@type":"BreadcrumbList","@id":"https:\/\/quickchannel.com\/sv\/integrationer\/pexip\/#breadcrumb","itemListElement":[{"@type":"ListItem","position":1,"name":"Home","item":"https:\/\/quickchannel.com\/sv\/"},{"@type":"ListItem","position":2,"name":"Integrationer","item":"https:\/\/quickchannel.com\/sv\/integrationer\/"},{"@type":"ListItem","position":3,"name":"Pexip integration"}]},{"@type":"WebSite","@id":"https:\/\/quickchannel.com\/sv\/#website","url":"https:\/\/quickchannel.com\/sv\/","name":"Quickchannel","description":"All you need for video creation, management, and sharing \u2013 whether on-demand or live \u2013 all within one end-to-end platform.","publisher":{"@id":"https:\/\/quickchannel.com\/sv\/#organization"},"alternateName":"QC","potentialAction":[{"@type":"SearchAction","target":{"@type":"EntryPoint","urlTemplate":"https:\/\/quickchannel.com\/sv\/?s={search_term_string}"},"query-input":{"@type":"PropertyValueSpecification","valueRequired":true,"valueName":"search_term_string"}}],"inLanguage":"sv-SE"},{"@type":"Organization","@id":"https:\/\/quickchannel.com\/sv\/#organization","name":"Quickchannel","url":"https:\/\/quickchannel.com\/sv\/","logo":{"@type":"ImageObject","inLanguage":"sv-SE","@id":"https:\/\/quickchannel.com\/sv\/#\/schema\/logo\/image\/","url":"\/wp-content\/uploads\/2024\/07\/qc-logo-black-horisontal-no-slogan-scaled.webp","contentUrl":"\/wp-content\/uploads\/2024\/07\/qc-logo-black-horisontal-no-slogan-scaled.webp","width":2560,"height":330,"caption":"Quickchannel"},"image":{"@id":"https:\/\/quickchannel.com\/sv\/#\/schema\/logo\/image\/"},"sameAs":["https:\/\/www.facebook.com\/61567385758463","https:\/\/www.linkedin.com\/company\/quickchannel-ab","https:\/\/www.youtube.com\/@quickchannelab"]}]}},"_links":{"self":[{"href":"https:\/\/quickchannel.com\/sv\/wp-json\/wp\/v2\/pages\/22259","targetHints":{"allow":["GET"]}}],"collection":[{"href":"https:\/\/quickchannel.com\/sv\/wp-json\/wp\/v2\/pages"}],"about":[{"href":"https:\/\/quickchannel.com\/sv\/wp-json\/wp\/v2\/types\/page"}],"author":[{"embeddable":true,"href":"https:\/\/quickchannel.com\/sv\/wp-json\/wp\/v2\/users\/21"}],"replies":[{"embeddable":true,"href":"https:\/\/quickchannel.com\/sv\/wp-json\/wp\/v2\/comments?post=22259"}],"version-history":[{"count":3,"href":"https:\/\/quickchannel.com\/sv\/wp-json\/wp\/v2\/pages\/22259\/revisions"}],"predecessor-version":[{"id":22262,"href":"https:\/\/quickchannel.com\/sv\/wp-json\/wp\/v2\/pages\/22259\/revisions\/22262"}],"up":[{"embeddable":true,"href":"https:\/\/quickchannel.com\/sv\/wp-json\/wp\/v2\/pages\/3155"}],"wp:featuredmedia":[{"embeddable":true,"href":"https:\/\/quickchannel.com\/sv\/wp-json\/wp\/v2\/media\/1770"}],"wp:attachment":[{"href":"https:\/\/quickchannel.com\/sv\/wp-json\/wp\/v2\/media?parent=22259"}],"curies":[{"name":"wp","href":"https:\/\/api.w.org\/{rel}","templated":true}]}}