{"id":16085,"date":"2024-09-06T11:25:34","date_gmt":"2024-09-06T11:25:34","guid":{"rendered":"https:\/\/quickchannel.com\/?page_id=16085"},"modified":"2025-11-27T08:14:56","modified_gmt":"2025-11-27T08:14:56","slug":"sitevision","status":"publish","type":"page","link":"https:\/\/quickchannel.com\/sv\/integrationer\/sitevision\/","title":{"rendered":"Sitevision"},"content":{"rendered":"\n<div class=\"wp-block-cover alignfull is-light\" style=\"padding-top:168px;padding-bottom:236px\"><img loading=\"lazy\" decoding=\"async\" width=\"1440\" height=\"802\" class=\"wp-block-cover__image-background wp-image-16692 size-large\" alt=\"\" src=\"\/wp-content\/uploads\/2025\/06\/green-background-1.svg\" style=\"object-position:50% 100%\" data-object-fit=\"cover\" data-object-position=\"50% 100%\"\/><span aria-hidden=\"true\" class=\"wp-block-cover__background has-background-dim-0 has-background-dim\"><\/span><div class=\"wp-block-cover__inner-container is-layout-constrained wp-block-cover-is-layout-constrained\">\n<div class=\"wp-block-group is-style-narrow is-layout-constrained wp-block-group-is-layout-constrained\">\n<div class=\"wp-block-columns is-layout-flex wp-container-core-columns-is-layout-28f84493 wp-block-columns-is-layout-flex\">\n<div class=\"wp-block-column is-layout-flow wp-block-column-is-layout-flow\">\n<h1 class=\"wp-block-heading heading-h2 has-ast-global-color-7-color has-text-color has-link-color wp-elements-eadbb97bec5bcc189ecba4b9903a59f7\">Enkel publicering av video direkt i Sitevision.<\/h1>\n<\/div>\n\n\n\n<div class=\"wp-block-column is-layout-flow wp-block-column-is-layout-flow\">\n<figure class=\"wp-block-image aligncenter size-full is-resized is-style-default wp-duotone-unset-1\"><img loading=\"lazy\" decoding=\"async\" width=\"1200\" height=\"225\" src=\"\/wp-content\/uploads\/2025\/06\/Sitevision-logotyp-black-green.svg\" alt=\"\" class=\"wp-image-13485\" style=\"width:358px;height:auto\"\/><\/figure>\n<\/div>\n<\/div>\n<\/div>\n<\/div><\/div>\n\n\n\n<div class=\"wp-block-group narrow-container is-content-justification-center is-layout-constrained wp-block-group-is-layout-constrained\">\n<h2 class=\"wp-block-heading\">Om integrationen<\/h2>\n\n\n\n<p>Quickchannels modul f\u00f6r video i Sitevision g\u00f6r det m\u00f6jligt att enkelt och s\u00e4kert ladda upp och publicera video i Sitevision. Genom att koppla samman Quickchannel med Sitevision blir videohanteringen och publiceringen b\u00e5de tillg\u00e4nglig (WCAG) och GDPR-kompatibel samt optimerad f\u00f6r dina anv\u00e4ndare.&nbsp;<\/p>\n\n\n\n<p>Quickchannel erbjuder fler funktioner s\u00e5som inspelning, webbinarier, lives\u00e4ndningar, undertextning, redigering och hantering av video. Genom integrationen blir all din video tillg\u00e4nglig i Sitevision.&nbsp;<br>Om du redan \u00e4r kund hos Quickchannel kan du ladda ner Quickchannel-till\u00e4gget via <a href=\"https:\/\/marketplace.sitevision.se\/sv\/product\/sitevision--quickchannel\" target=\"_blank\" rel=\"noreferrer noopener\">Sitevision Marketplace<\/a>.<\/p>\n\n\n\n<p>Om du inte har ett konto kan du prova gratis genom att <a href=\"https:\/\/quickchannel.com\/sv\/kontakta-oss\/\">kontakta oss h\u00e4r<\/a>.<\/p>\n\n\n\n<p>F\u00f6r att anv\u00e4nda videotill\u00e4gget fr\u00e5n Quickchannel m\u00e5ste du ha ett Quickchannel-konto. F\u00f6rsta steget \u00e4r att boka en demo med en av v\u00e5ra experter.<\/p>\n\n\n\n<div class=\"wp-block-buttons is-content-justification-left is-layout-flex wp-container-core-buttons-is-layout-fc4fd283 wp-block-buttons-is-layout-flex\">\n<div class=\"wp-block-button\"><a class=\"wp-block-button__link has-text-align-left wp-element-button\" href=\"https:\/\/quickchannel.com\/sv\/boka-en-demo\/\">Book a demo now<\/a><\/div>\n<\/div>\n<\/div>\n","protected":false},"excerpt":{"rendered":"<p>Om integrationen Quickchannels modul f\u00f6r video i Sitevision g\u00f6r det m\u00f6jligt att enkelt och s\u00e4kert ladda upp och publicera video [&hellip;]<\/p>\n","protected":false},"author":5,"featured_media":2903,"parent":3155,"menu_order":0,"comment_status":"closed","ping_status":"closed","template":"","meta":{"_acf_changed":false,"site-sidebar-layout":"default","site-content-layout":"","ast-site-content-layout":"default","site-content-style":"default","site-sidebar-style":"default","ast-global-header-display":"","ast-banner-title-visibility":"","ast-main-header-display":"","ast-hfb-above-header-display":"","ast-hfb-below-header-display":"","ast-hfb-mobile-header-display":"","site-post-title":"disabled","ast-breadcrumbs-content":"","ast-featured-img":"disabled","footer-sml-layout":"","theme-transparent-header-meta":"","adv-header-id-meta":"","stick-header-meta":"","header-above-stick-meta":"","header-main-stick-meta":"","header-below-stick-meta":"","astra-migrate-meta-layouts":"default","ast-page-background-enabled":"default","ast-page-background-meta":{"desktop":{"background-color":"var(--ast-global-color-5)","background-image":"","background-repeat":"repeat","background-position":"center center","background-size":"auto","background-attachment":"scroll","background-type":"","background-media":"","overlay-type":"","overlay-color":"","overlay-opacity":"","overlay-gradient":""},"tablet":{"background-color":"","background-image":"","background-repeat":"repeat","background-position":"center center","background-size":"auto","background-attachment":"scroll","background-type":"","background-media":"","overlay-type":"","overlay-color":"","overlay-opacity":"","overlay-gradient":""},"mobile":{"background-color":"","background-image":"","background-repeat":"repeat","background-position":"center center","background-size":"auto","background-attachment":"scroll","background-type":"","background-media":"","overlay-type":"","overlay-color":"","overlay-opacity":"","overlay-gradient":""}},"ast-content-background-meta":{"desktop":{"background-color":"var(--ast-global-color-4)","background-image":"","background-repeat":"repeat","background-position":"center center","background-size":"auto","background-attachment":"scroll","background-type":"","background-media":"","overlay-type":"","overlay-color":"","overlay-opacity":"","overlay-gradient":""},"tablet":{"background-color":"var(--ast-global-color-4)","background-image":"","background-repeat":"repeat","background-position":"center center","background-size":"auto","background-attachment":"scroll","background-type":"","background-media":"","overlay-type":"","overlay-color":"","overlay-opacity":"","overlay-gradient":""},"mobile":{"background-color":"var(--ast-global-color-4)","background-image":"","background-repeat":"repeat","background-position":"center center","background-size":"auto","background-attachment":"scroll","background-type":"","background-media":"","overlay-type":"","overlay-color":"","overlay-opacity":"","overlay-gradient":""}},"footnotes":""},"class_list":["post-16085","page","type-page","status-publish","has-post-thumbnail","hentry"],"acf":[],"yoast_head":"<!-- This site is optimized with the Yoast SEO plugin v27.3 - https:\/\/yoast.com\/product\/yoast-seo-wordpress\/ -->\n<title>Integration med Sitevision | Quickchannel<\/title>\n<meta name=\"description\" content=\"Quickchannels modul f\u00f6r video i Sitevision g\u00f6r det m\u00f6jligt att enkelt och s\u00e4kert ladda upp och publicera video i Sitevision.\" \/>\n<meta name=\"robots\" content=\"index, follow, max-snippet:-1, max-image-preview:large, max-video-preview:-1\" \/>\n<link rel=\"canonical\" href=\"https:\/\/quickchannel.com\/sv\/integrationer\/sitevision\/\" \/>\n<meta property=\"og:locale\" content=\"sv_SE\" \/>\n<meta property=\"og:type\" content=\"article\" \/>\n<meta property=\"og:title\" content=\"Integration med Sitevision | Quickchannel\" \/>\n<meta property=\"og:description\" content=\"Quickchannels modul f\u00f6r video i Sitevision g\u00f6r det m\u00f6jligt att enkelt och s\u00e4kert ladda upp och publicera video i Sitevision.\" \/>\n<meta property=\"og:url\" content=\"https:\/\/quickchannel.com\/sv\/integrationer\/sitevision\/\" \/>\n<meta property=\"og:site_name\" content=\"Quickchannel\" \/>\n<meta property=\"article:publisher\" content=\"https:\/\/www.facebook.com\/61567385758463\" \/>\n<meta property=\"article:modified_time\" content=\"2025-11-27T08:14:56+00:00\" \/>\n<meta property=\"og:image\" content=\"https:\/\/quickchannel.com\/wp-content\/uploads\/2024\/09\/sitevision-logo.webp\" \/>\n\t<meta property=\"og:image:width\" content=\"474\" \/>\n\t<meta property=\"og:image:height\" content=\"89\" \/>\n\t<meta property=\"og:image:type\" content=\"image\/webp\" \/>\n<meta name=\"twitter:card\" content=\"summary_large_image\" \/>\n<meta name=\"twitter:label1\" content=\"Ber\u00e4knad l\u00e4stid\" \/>\n\t<meta name=\"twitter:data1\" content=\"2 minuter\" \/>\n<script type=\"application\/ld+json\" class=\"yoast-schema-graph\">{\"@context\":\"https:\\\/\\\/schema.org\",\"@graph\":[{\"@type\":\"WebPage\",\"@id\":\"https:\\\/\\\/quickchannel.com\\\/sv\\\/integrationer\\\/sitevision\\\/\",\"url\":\"https:\\\/\\\/quickchannel.com\\\/sv\\\/integrationer\\\/sitevision\\\/\",\"name\":\"Integration med Sitevision | Quickchannel\",\"isPartOf\":{\"@id\":\"https:\\\/\\\/quickchannel.com\\\/sv\\\/#website\"},\"primaryImageOfPage\":{\"@id\":\"https:\\\/\\\/quickchannel.com\\\/sv\\\/integrationer\\\/sitevision\\\/#primaryimage\"},\"image\":{\"@id\":\"https:\\\/\\\/quickchannel.com\\\/sv\\\/integrationer\\\/sitevision\\\/#primaryimage\"},\"thumbnailUrl\":\"\\\/wp-content\\\/uploads\\\/2024\\\/09\\\/sitevision-logo.webp\",\"datePublished\":\"2024-09-06T11:25:34+00:00\",\"dateModified\":\"2025-11-27T08:14:56+00:00\",\"description\":\"Quickchannels modul f\u00f6r video i Sitevision g\u00f6r det m\u00f6jligt att enkelt och s\u00e4kert ladda upp och publicera video i Sitevision.\",\"breadcrumb\":{\"@id\":\"https:\\\/\\\/quickchannel.com\\\/sv\\\/integrationer\\\/sitevision\\\/#breadcrumb\"},\"inLanguage\":\"sv-SE\",\"potentialAction\":[{\"@type\":\"ReadAction\",\"target\":[\"https:\\\/\\\/quickchannel.com\\\/sv\\\/integrationer\\\/sitevision\\\/\"]}]},{\"@type\":\"ImageObject\",\"inLanguage\":\"sv-SE\",\"@id\":\"https:\\\/\\\/quickchannel.com\\\/sv\\\/integrationer\\\/sitevision\\\/#primaryimage\",\"url\":\"\\\/wp-content\\\/uploads\\\/2024\\\/09\\\/sitevision-logo.webp\",\"contentUrl\":\"\\\/wp-content\\\/uploads\\\/2024\\\/09\\\/sitevision-logo.webp\",\"width\":474,\"height\":89,\"caption\":\"sitevision-logo\"},{\"@type\":\"BreadcrumbList\",\"@id\":\"https:\\\/\\\/quickchannel.com\\\/sv\\\/integrationer\\\/sitevision\\\/#breadcrumb\",\"itemListElement\":[{\"@type\":\"ListItem\",\"position\":1,\"name\":\"Home\",\"item\":\"https:\\\/\\\/quickchannel.com\\\/sv\\\/\"},{\"@type\":\"ListItem\",\"position\":2,\"name\":\"Integrationer\",\"item\":\"https:\\\/\\\/quickchannel.com\\\/sv\\\/integrationer\\\/\"},{\"@type\":\"ListItem\",\"position\":3,\"name\":\"Sitevision\"}]},{\"@type\":\"WebSite\",\"@id\":\"https:\\\/\\\/quickchannel.com\\\/sv\\\/#website\",\"url\":\"https:\\\/\\\/quickchannel.com\\\/sv\\\/\",\"name\":\"Quickchannel\",\"description\":\"All you need for video creation, management, and sharing \u2013 whether on-demand or live \u2013 all within one end-to-end platform.\",\"publisher\":{\"@id\":\"https:\\\/\\\/quickchannel.com\\\/sv\\\/#organization\"},\"alternateName\":\"QC\",\"potentialAction\":[{\"@type\":\"SearchAction\",\"target\":{\"@type\":\"EntryPoint\",\"urlTemplate\":\"https:\\\/\\\/quickchannel.com\\\/sv\\\/?s={search_term_string}\"},\"query-input\":{\"@type\":\"PropertyValueSpecification\",\"valueRequired\":true,\"valueName\":\"search_term_string\"}}],\"inLanguage\":\"sv-SE\"},{\"@type\":\"Organization\",\"@id\":\"https:\\\/\\\/quickchannel.com\\\/sv\\\/#organization\",\"name\":\"Quickchannel\",\"url\":\"https:\\\/\\\/quickchannel.com\\\/sv\\\/\",\"logo\":{\"@type\":\"ImageObject\",\"inLanguage\":\"sv-SE\",\"@id\":\"https:\\\/\\\/quickchannel.com\\\/sv\\\/#\\\/schema\\\/logo\\\/image\\\/\",\"url\":\"\\\/wp-content\\\/uploads\\\/2024\\\/07\\\/qc-logo-black-horisontal-no-slogan-scaled.webp\",\"contentUrl\":\"\\\/wp-content\\\/uploads\\\/2024\\\/07\\\/qc-logo-black-horisontal-no-slogan-scaled.webp\",\"width\":2560,\"height\":330,\"caption\":\"Quickchannel\"},\"image\":{\"@id\":\"https:\\\/\\\/quickchannel.com\\\/sv\\\/#\\\/schema\\\/logo\\\/image\\\/\"},\"sameAs\":[\"https:\\\/\\\/www.facebook.com\\\/61567385758463\",\"https:\\\/\\\/www.linkedin.com\\\/company\\\/quickchannel-ab\",\"https:\\\/\\\/www.youtube.com\\\/@quickchannelab\"]}]}<\/script>\n<!-- \/ Yoast SEO plugin. -->","yoast_head_json":{"title":"Integration med Sitevision | Quickchannel","description":"Quickchannels modul f\u00f6r video i Sitevision g\u00f6r det m\u00f6jligt att enkelt och s\u00e4kert ladda upp och publicera video i Sitevision.","robots":{"index":"index","follow":"follow","max-snippet":"max-snippet:-1","max-image-preview":"max-image-preview:large","max-video-preview":"max-video-preview:-1"},"canonical":"https:\/\/quickchannel.com\/sv\/integrationer\/sitevision\/","og_locale":"sv_SE","og_type":"article","og_title":"Integration med Sitevision | Quickchannel","og_description":"Quickchannels modul f\u00f6r video i Sitevision g\u00f6r det m\u00f6jligt att enkelt och s\u00e4kert ladda upp och publicera video i Sitevision.","og_url":"https:\/\/quickchannel.com\/sv\/integrationer\/sitevision\/","og_site_name":"Quickchannel","article_publisher":"https:\/\/www.facebook.com\/61567385758463","article_modified_time":"2025-11-27T08:14:56+00:00","og_image":[{"width":474,"height":89,"url":"https:\/\/quickchannel.com\/wp-content\/uploads\/2024\/09\/sitevision-logo.webp","type":"image\/webp"}],"twitter_card":"summary_large_image","twitter_misc":{"Ber\u00e4knad l\u00e4stid":"2 minuter"},"schema":{"@context":"https:\/\/schema.org","@graph":[{"@type":"WebPage","@id":"https:\/\/quickchannel.com\/sv\/integrationer\/sitevision\/","url":"https:\/\/quickchannel.com\/sv\/integrationer\/sitevision\/","name":"Integration med Sitevision | Quickchannel","isPartOf":{"@id":"https:\/\/quickchannel.com\/sv\/#website"},"primaryImageOfPage":{"@id":"https:\/\/quickchannel.com\/sv\/integrationer\/sitevision\/#primaryimage"},"image":{"@id":"https:\/\/quickchannel.com\/sv\/integrationer\/sitevision\/#primaryimage"},"thumbnailUrl":"\/wp-content\/uploads\/2024\/09\/sitevision-logo.webp","datePublished":"2024-09-06T11:25:34+00:00","dateModified":"2025-11-27T08:14:56+00:00","description":"Quickchannels modul f\u00f6r video i Sitevision g\u00f6r det m\u00f6jligt att enkelt och s\u00e4kert ladda upp och publicera video i Sitevision.","breadcrumb":{"@id":"https:\/\/quickchannel.com\/sv\/integrationer\/sitevision\/#breadcrumb"},"inLanguage":"sv-SE","potentialAction":[{"@type":"ReadAction","target":["https:\/\/quickchannel.com\/sv\/integrationer\/sitevision\/"]}]},{"@type":"ImageObject","inLanguage":"sv-SE","@id":"https:\/\/quickchannel.com\/sv\/integrationer\/sitevision\/#primaryimage","url":"\/wp-content\/uploads\/2024\/09\/sitevision-logo.webp","contentUrl":"\/wp-content\/uploads\/2024\/09\/sitevision-logo.webp","width":474,"height":89,"caption":"sitevision-logo"},{"@type":"BreadcrumbList","@id":"https:\/\/quickchannel.com\/sv\/integrationer\/sitevision\/#breadcrumb","itemListElement":[{"@type":"ListItem","position":1,"name":"Home","item":"https:\/\/quickchannel.com\/sv\/"},{"@type":"ListItem","position":2,"name":"Integrationer","item":"https:\/\/quickchannel.com\/sv\/integrationer\/"},{"@type":"ListItem","position":3,"name":"Sitevision"}]},{"@type":"WebSite","@id":"https:\/\/quickchannel.com\/sv\/#website","url":"https:\/\/quickchannel.com\/sv\/","name":"Quickchannel","description":"All you need for video creation, management, and sharing \u2013 whether on-demand or live \u2013 all within one end-to-end platform.","publisher":{"@id":"https:\/\/quickchannel.com\/sv\/#organization"},"alternateName":"QC","potentialAction":[{"@type":"SearchAction","target":{"@type":"EntryPoint","urlTemplate":"https:\/\/quickchannel.com\/sv\/?s={search_term_string}"},"query-input":{"@type":"PropertyValueSpecification","valueRequired":true,"valueName":"search_term_string"}}],"inLanguage":"sv-SE"},{"@type":"Organization","@id":"https:\/\/quickchannel.com\/sv\/#organization","name":"Quickchannel","url":"https:\/\/quickchannel.com\/sv\/","logo":{"@type":"ImageObject","inLanguage":"sv-SE","@id":"https:\/\/quickchannel.com\/sv\/#\/schema\/logo\/image\/","url":"\/wp-content\/uploads\/2024\/07\/qc-logo-black-horisontal-no-slogan-scaled.webp","contentUrl":"\/wp-content\/uploads\/2024\/07\/qc-logo-black-horisontal-no-slogan-scaled.webp","width":2560,"height":330,"caption":"Quickchannel"},"image":{"@id":"https:\/\/quickchannel.com\/sv\/#\/schema\/logo\/image\/"},"sameAs":["https:\/\/www.facebook.com\/61567385758463","https:\/\/www.linkedin.com\/company\/quickchannel-ab","https:\/\/www.youtube.com\/@quickchannelab"]}]}},"_links":{"self":[{"href":"https:\/\/quickchannel.com\/sv\/wp-json\/wp\/v2\/pages\/16085","targetHints":{"allow":["GET"]}}],"collection":[{"href":"https:\/\/quickchannel.com\/sv\/wp-json\/wp\/v2\/pages"}],"about":[{"href":"https:\/\/quickchannel.com\/sv\/wp-json\/wp\/v2\/types\/page"}],"author":[{"embeddable":true,"href":"https:\/\/quickchannel.com\/sv\/wp-json\/wp\/v2\/users\/5"}],"replies":[{"embeddable":true,"href":"https:\/\/quickchannel.com\/sv\/wp-json\/wp\/v2\/comments?post=16085"}],"version-history":[{"count":3,"href":"https:\/\/quickchannel.com\/sv\/wp-json\/wp\/v2\/pages\/16085\/revisions"}],"predecessor-version":[{"id":20655,"href":"https:\/\/quickchannel.com\/sv\/wp-json\/wp\/v2\/pages\/16085\/revisions\/20655"}],"up":[{"embeddable":true,"href":"https:\/\/quickchannel.com\/sv\/wp-json\/wp\/v2\/pages\/3155"}],"wp:featuredmedia":[{"embeddable":true,"href":"https:\/\/quickchannel.com\/sv\/wp-json\/wp\/v2\/media\/2903"}],"wp:attachment":[{"href":"https:\/\/quickchannel.com\/sv\/wp-json\/wp\/v2\/media?parent=16085"}],"curies":[{"name":"wp","href":"https:\/\/api.w.org\/{rel}","templated":true}]}}