{"id":3342,"date":"2024-08-30T12:00:12","date_gmt":"2024-08-30T12:00:12","guid":{"rendered":"https:\/\/kristofer.quickchannel.com\/wcag-alusta-ja-kokonaisvaltainen-videoalusta-quickchannel\/"},"modified":"2024-09-12T14:06:57","modified_gmt":"2024-09-12T14:06:57","slug":"wcag-alusta-ja-kokonaisvaltainen-videoalusta-quickchannel","status":"publish","type":"page","link":"https:\/\/quickchannel.com\/fi\/wcag-alusta-ja-kokonaisvaltainen-videoalusta-quickchannel\/","title":{"rendered":"WCAG-alusta ja kokonaisvaltainen videoalusta | Quickchannel"},"content":{"rendered":"\n<div style=\"background-image:url(&apos;https:\/\/quickchannel.com\/wp-content\/uploads\/2024\/07\/wave-green-station33.png&apos;);background-size:cover;\" class=\"wp-block-group alignfull is-layout-constrained wp-container-core-group-is-layout-52fd8420 wp-block-group-is-layout-constrained has-background\">\n<h1 class=\"wp-block-heading has-text-align-center\">WCAG-yhteensopiva ja turvallinen videoalusta  <\/h1>\n\n\n\n<p class=\"has-text-align-left\">Kun haluat valita oikean alustan videoviestint\u00e4\u00e4si, on t\u00e4rke\u00e4\u00e4 ottaa huomioon saavutettavuus ja k\u00e4ytett\u00e4vyys.\nWCAG-yhteensopivan alustan tai kokonaisvaltaisen videoalustan avulla voit olla varma siit\u00e4, ett\u00e4 digitaalinen viestinn\u00e4st\u00e4si on hy\u00f6ty\u00e4 kaikille vammaisuudesta riippumatta.   <\/p>\n\n\n\n<p>WCAG, Web Content Accessibility Guidelines, on joukko ohjeita, joiden avulla verkkosis\u00e4ll\u00f6st\u00e4 tehd\u00e4\u00e4n helpommin saavutettavaa vammaisille.\nNoudattamalla n\u00e4it\u00e4 ohjeita voit varmistaa, ett\u00e4 videoalustasi on kaikkien k\u00e4ytett\u00e4viss\u00e4, mik\u00e4 on hyv\u00e4 asia paitsi k\u00e4ytt\u00e4jien kannalta my\u00f6s yrityksesi maineen ja lakien ja asetusten noudattamisen kannalta.   <\/p>\n\n\n\n<p>Kokonaisvaltainen videoalusta puolestaan tarjoaa t\u00e4ydellisen ratkaisun videoviestint\u00e4\u00e4n tallennuksesta ja muokkauksesta jakeluun ja analysointiin.\nT\u00e4llaisella alustalla voit helposti luoda, hallita ja jakaa videosis\u00e4lt\u00f6\u00e4 tehokkaasti ja k\u00e4ytt\u00e4j\u00e4yst\u00e4v\u00e4llisesti.   <\/p>\n\n\n\n<p>Quickchannel tarjoaa alustan, jossa yhdistyv\u00e4t molempien maailmojen parhaat puolet.\nAlustamme ei ole ainoastaan WCAG-yhteensopiva, vaan se on my\u00f6s t\u00e4ydellinen kokonaisratkaisu videoviestint\u00e4\u00e4n.\nTy\u00f6kalujemme avulla voit helposti luoda ammattimaisia videoita, suoratoistaa tapahtumia ja analysoida videoiden suorituskyky\u00e4si parantaaksesi viestint\u00e4\u00e4si jatkuvasti.    <\/p>\n<\/div>\n\n<div class=\"wp-block-group is-layout-constrained wp-container-core-group-is-layout-52fd8420 wp-block-group-is-layout-constrained\">\n<h2 class=\"wp-block-heading has-text-align-center\">Aloita matkasi kanssamme t\u00e4n\u00e4\u00e4n<\/h2>\n\n\n\n<p class=\"has-text-align-center\">Valitse alusta, joka ottaa saavutettavuuden vakavasti ja antaa sinulle kaikki tarvittavat ty\u00f6kalut, jotta voit onnistua videoviestinn\u00e4ss\u00e4si.\nValitse Quickchannel.   <\/p>\n\n\n\n<div class=\"wp-block-buttons is-content-justification-center is-layout-flex wp-container-core-buttons-is-layout-a89b3969 wp-block-buttons-is-layout-flex\">\n<div class=\"wp-block-button is-style-fill button-gradiant\"><a class=\"wp-block-button__link has-text-align-center wp-element-button\" href=\"https:\/\/quickchannel.com\/sv\/boka-demo\">Varaa esittely<\/a><\/div>\n<\/div>\n<\/div>\n\n<div class=\"wp-block-group is-layout-constrained wp-container-core-group-is-layout-73405a87 wp-block-group-is-layout-constrained\">\n<div class=\"wp-block-group is-layout-constrained wp-block-group-is-layout-constrained\">\n<div class=\"wp-block-group is-layout-constrained wp-container-core-group-is-layout-52fd8420 wp-block-group-is-layout-constrained\">\n<h2 class=\"wp-block-heading has-text-align-center\">Alusta, johon voit luottaa<\/h2>\n\n\n\n<p class=\"has-text-align-center\">Tietojesi suojaaminen on meille itsest\u00e4\u00e4nselvyys, samoin kuin GDPR:n noudattaminen ja sen varmistaminen, ett\u00e4 alustamme on kaikkien k\u00e4ytett\u00e4viss\u00e4 WCAG-standardien mukaisesti.<\/p>\n<\/div>\n<\/div>\n\n\n\n<div class=\"wp-block-columns is-layout-flex wp-container-core-columns-is-layout-28f84493 wp-block-columns-is-layout-flex\">\n<div class=\"wp-block-column is-layout-flow wp-block-column-is-layout-flow\">\n<div class=\"wp-block-group is-layout-constrained wp-block-group-is-layout-constrained\">\n<figure class=\"wp-block-image aligncenter size-full is-resized\"><img loading=\"lazy\" decoding=\"async\" width=\"56\" height=\"56\" src=\"https:\/\/quickchannel.com\/wp-content\/uploads\/2024\/07\/security-icon-1.png\" alt=\"Turvallisuuskuvake\" class=\"wp-image-554\" style=\"width:48px\"\/><\/figure>\n\n\n\n<h4 class=\"wp-block-heading has-text-align-center\"><strong>Yksityisyys ja turvallisuus<\/strong><\/h4>\n\n\n\n<p class=\"has-text-align-center\">Quickchannel tarjoaa turvallisen ratkaisun, jossa on tietojen salaus, suojattu videon suoratoisto ja idP:hen integroitu p\u00e4\u00e4synhallinta.<\/p>\n<\/div>\n<\/div>\n\n\n\n<div class=\"wp-block-column is-layout-flow wp-block-column-is-layout-flow\">\n<div class=\"wp-block-group is-layout-constrained wp-block-group-is-layout-constrained\">\n<figure class=\"wp-block-image aligncenter size-full is-resized\"><img loading=\"lazy\" decoding=\"async\" width=\"56\" height=\"56\" src=\"https:\/\/quickchannel.com\/wp-content\/uploads\/2024\/07\/lock-icon.png\" alt=\"Lukituskuvake\" class=\"wp-image-703\" style=\"width:48px\"\/><\/figure>\n\n\n\n<h4 class=\"wp-block-heading has-text-align-center\"><strong><strong>GDPR<\/strong><\/strong><\/h4>\n\n\n\n<p class=\"has-text-align-center\">Alustamme on t\u00e4ysin GDPR:n ja Schrems II:n mukainen, ja tietojasi s\u00e4ilytet\u00e4\u00e4n turvallisesti ja k\u00e4sitell\u00e4\u00e4n EU:n alueella eurooppalaisten yritysten omistamilla palvelimilla.<\/p>\n<\/div>\n<\/div>\n\n\n\n<div class=\"wp-block-column is-layout-flow wp-block-column-is-layout-flow\">\n<div class=\"wp-block-group is-layout-constrained wp-block-group-is-layout-constrained\">\n<figure class=\"wp-block-image aligncenter size-full is-resized\"><img loading=\"lazy\" decoding=\"async\" width=\"56\" height=\"56\" src=\"https:\/\/quickchannel.com\/wp-content\/uploads\/2024\/07\/accessibility-icon.png\" alt=\"Esteett&#xF6;myyskuvake\" class=\"wp-image-704\" style=\"width:48px\"\/><\/figure>\n\n\n\n<h4 class=\"wp-block-heading has-text-align-center\"><strong><strong>WCAG 2.1 AA  <\/strong><\/strong><\/h4>\n\n\n\n<p class=\"has-text-align-center\">Automaattisen transkription ja tekstityseditorin ansiosta videosi on EU:n direktiivin mukainen julkisen sektorin verkkosivustojen ja mobiilisovellusten saavutettavuudesta.<\/p>\n<\/div>\n<\/div>\n<\/div>\n<\/div>\n","protected":false},"excerpt":{"rendered":"<p>WCAG-yhteensopiva ja turvallinen videoalusta Kun haluat valita oikean alustan videoviestint\u00e4\u00e4si, on t\u00e4rke\u00e4\u00e4 ottaa huomioon saavutettavuus ja k\u00e4ytett\u00e4vyys. WCAG-yhteensopivan alustan tai [&hellip;]<\/p>\n","protected":false},"author":21,"featured_media":1625,"parent":0,"menu_order":0,"comment_status":"closed","ping_status":"closed","template":"","meta":{"_acf_changed":false,"site-sidebar-layout":"default","site-content-layout":"","ast-site-content-layout":"default","site-content-style":"default","site-sidebar-style":"default","ast-global-header-display":"","ast-banner-title-visibility":"","ast-main-header-display":"","ast-hfb-above-header-display":"","ast-hfb-below-header-display":"","ast-hfb-mobile-header-display":"","site-post-title":"disabled","ast-breadcrumbs-content":"","ast-featured-img":"disabled","footer-sml-layout":"","theme-transparent-header-meta":"","adv-header-id-meta":"","stick-header-meta":"","header-above-stick-meta":"","header-main-stick-meta":"","header-below-stick-meta":"","astra-migrate-meta-layouts":"default","ast-page-background-enabled":"default","ast-page-background-meta":{"desktop":{"background-color":"var(--ast-global-color-5)","background-image":"","background-repeat":"repeat","background-position":"center center","background-size":"auto","background-attachment":"scroll","background-type":"","background-media":"","overlay-type":"","overlay-color":"","overlay-opacity":"","overlay-gradient":""},"tablet":{"background-color":"","background-image":"","background-repeat":"repeat","background-position":"center center","background-size":"auto","background-attachment":"scroll","background-type":"","background-media":"","overlay-type":"","overlay-color":"","overlay-opacity":"","overlay-gradient":""},"mobile":{"background-color":"","background-image":"","background-repeat":"repeat","background-position":"center center","background-size":"auto","background-attachment":"scroll","background-type":"","background-media":"","overlay-type":"","overlay-color":"","overlay-opacity":"","overlay-gradient":""}},"ast-content-background-meta":{"desktop":{"background-color":"var(--ast-global-color-4)","background-image":"","background-repeat":"repeat","background-position":"center center","background-size":"auto","background-attachment":"scroll","background-type":"","background-media":"","overlay-type":"","overlay-color":"","overlay-opacity":"","overlay-gradient":""},"tablet":{"background-color":"var(--ast-global-color-4)","background-image":"","background-repeat":"repeat","background-position":"center center","background-size":"auto","background-attachment":"scroll","background-type":"","background-media":"","overlay-type":"","overlay-color":"","overlay-opacity":"","overlay-gradient":""},"mobile":{"background-color":"var(--ast-global-color-4)","background-image":"","background-repeat":"repeat","background-position":"center center","background-size":"auto","background-attachment":"scroll","background-type":"","background-media":"","overlay-type":"","overlay-color":"","overlay-opacity":"","overlay-gradient":""}},"footnotes":""},"class_list":["post-3342","page","type-page","status-publish","has-post-thumbnail","hentry"],"acf":[],"yoast_head":"<!-- This site is optimized with the Yoast SEO plugin v27.5 - https:\/\/yoast.com\/product\/yoast-seo-wordpress\/ -->\n<title>WCAG-alusta ja kokonaisvaltainen videoalusta | Quickchannel - Quickchannel<\/title>\n<meta name=\"description\" content=\"Etsitk\u00f6 WCAG-yhteensopivaa alustaa tai t\u00e4ydellist\u00e4 videoalustaa organisaatiollesi? Meill\u00e4 on sinulle sopiva ratkaisu\" \/>\n<meta name=\"robots\" content=\"index, follow, max-snippet:-1, max-image-preview:large, max-video-preview:-1\" \/>\n<link rel=\"canonical\" href=\"https:\/\/quickchannel.com\/fi\/wcag-alusta-ja-kokonaisvaltainen-videoalusta-quickchannel\/\" \/>\n<meta property=\"og:locale\" content=\"fi_FI\" \/>\n<meta property=\"og:type\" content=\"article\" \/>\n<meta property=\"og:title\" content=\"WCAG-alusta ja kokonaisvaltainen videoalusta | Quickchannel - Quickchannel\" \/>\n<meta property=\"og:description\" content=\"Etsitk\u00f6 WCAG-yhteensopivaa alustaa tai t\u00e4ydellist\u00e4 videoalustaa organisaatiollesi? Meill\u00e4 on sinulle sopiva ratkaisu\" \/>\n<meta property=\"og:url\" content=\"https:\/\/quickchannel.com\/fi\/wcag-alusta-ja-kokonaisvaltainen-videoalusta-quickchannel\/\" \/>\n<meta property=\"og:site_name\" content=\"Quickchannel\" \/>\n<meta property=\"article:publisher\" content=\"https:\/\/www.facebook.com\/61567385758463\" \/>\n<meta property=\"article:modified_time\" content=\"2024-09-12T14:06:57+00:00\" \/>\n<meta property=\"og:image\" content=\"https:\/\/quickchannel.com\/wp-content\/uploads\/2024\/07\/dashboard_e2e.png\" \/>\n\t<meta property=\"og:image:width\" content=\"1060\" \/>\n\t<meta property=\"og:image:height\" content=\"632\" \/>\n\t<meta property=\"og:image:type\" content=\"image\/png\" \/>\n<meta name=\"twitter:card\" content=\"summary_large_image\" \/>\n<meta name=\"twitter:label1\" content=\"Arvioitu lukuaika\" \/>\n\t<meta name=\"twitter:data1\" content=\"1 minuutti\" \/>\n<script type=\"application\/ld+json\" class=\"yoast-schema-graph\">{\"@context\":\"https:\\\/\\\/schema.org\",\"@graph\":[{\"@type\":\"WebPage\",\"@id\":\"https:\\\/\\\/quickchannel.com\\\/fi\\\/wcag-alusta-ja-kokonaisvaltainen-videoalusta-quickchannel\\\/\",\"url\":\"https:\\\/\\\/quickchannel.com\\\/fi\\\/wcag-alusta-ja-kokonaisvaltainen-videoalusta-quickchannel\\\/\",\"name\":\"WCAG-alusta ja kokonaisvaltainen videoalusta | Quickchannel - Quickchannel\",\"isPartOf\":{\"@id\":\"https:\\\/\\\/quickchannel.com\\\/fi\\\/#website\"},\"primaryImageOfPage\":{\"@id\":\"https:\\\/\\\/quickchannel.com\\\/fi\\\/wcag-alusta-ja-kokonaisvaltainen-videoalusta-quickchannel\\\/#primaryimage\"},\"image\":{\"@id\":\"https:\\\/\\\/quickchannel.com\\\/fi\\\/wcag-alusta-ja-kokonaisvaltainen-videoalusta-quickchannel\\\/#primaryimage\"},\"thumbnailUrl\":\"\\\/wp-content\\\/uploads\\\/2024\\\/07\\\/dashboard_e2e.png\",\"datePublished\":\"2024-08-30T12:00:12+00:00\",\"dateModified\":\"2024-09-12T14:06:57+00:00\",\"description\":\"Etsitk\u00f6 WCAG-yhteensopivaa alustaa tai t\u00e4ydellist\u00e4 videoalustaa organisaatiollesi? Meill\u00e4 on sinulle sopiva ratkaisu\",\"breadcrumb\":{\"@id\":\"https:\\\/\\\/quickchannel.com\\\/fi\\\/wcag-alusta-ja-kokonaisvaltainen-videoalusta-quickchannel\\\/#breadcrumb\"},\"inLanguage\":\"fi\",\"potentialAction\":[{\"@type\":\"ReadAction\",\"target\":[\"https:\\\/\\\/quickchannel.com\\\/fi\\\/wcag-alusta-ja-kokonaisvaltainen-videoalusta-quickchannel\\\/\"]}]},{\"@type\":\"ImageObject\",\"inLanguage\":\"fi\",\"@id\":\"https:\\\/\\\/quickchannel.com\\\/fi\\\/wcag-alusta-ja-kokonaisvaltainen-videoalusta-quickchannel\\\/#primaryimage\",\"url\":\"\\\/wp-content\\\/uploads\\\/2024\\\/07\\\/dashboard_e2e.png\",\"contentUrl\":\"\\\/wp-content\\\/uploads\\\/2024\\\/07\\\/dashboard_e2e.png\",\"width\":1060,\"height\":632,\"caption\":\"quickchanel-dashboard-ui\"},{\"@type\":\"BreadcrumbList\",\"@id\":\"https:\\\/\\\/quickchannel.com\\\/fi\\\/wcag-alusta-ja-kokonaisvaltainen-videoalusta-quickchannel\\\/#breadcrumb\",\"itemListElement\":[{\"@type\":\"ListItem\",\"position\":1,\"name\":\"Home\",\"item\":\"https:\\\/\\\/quickchannel.com\\\/fi\\\/\"},{\"@type\":\"ListItem\",\"position\":2,\"name\":\"WCAG-alusta ja kokonaisvaltainen videoalusta | Quickchannel\"}]},{\"@type\":\"WebSite\",\"@id\":\"https:\\\/\\\/quickchannel.com\\\/fi\\\/#website\",\"url\":\"https:\\\/\\\/quickchannel.com\\\/fi\\\/\",\"name\":\"Quickchannel\",\"description\":\"All you need for video creation, management, and sharing \u2013 whether on-demand or live \u2013 all within one end-to-end platform.\",\"publisher\":{\"@id\":\"https:\\\/\\\/quickchannel.com\\\/fi\\\/#organization\"},\"alternateName\":\"QC\",\"potentialAction\":[{\"@type\":\"SearchAction\",\"target\":{\"@type\":\"EntryPoint\",\"urlTemplate\":\"https:\\\/\\\/quickchannel.com\\\/fi\\\/?s={search_term_string}\"},\"query-input\":{\"@type\":\"PropertyValueSpecification\",\"valueRequired\":true,\"valueName\":\"search_term_string\"}}],\"inLanguage\":\"fi\"},{\"@type\":\"Organization\",\"@id\":\"https:\\\/\\\/quickchannel.com\\\/fi\\\/#organization\",\"name\":\"Quickchannel\",\"url\":\"https:\\\/\\\/quickchannel.com\\\/fi\\\/\",\"logo\":{\"@type\":\"ImageObject\",\"inLanguage\":\"fi\",\"@id\":\"https:\\\/\\\/quickchannel.com\\\/fi\\\/#\\\/schema\\\/logo\\\/image\\\/\",\"url\":\"\\\/wp-content\\\/uploads\\\/2024\\\/07\\\/qc-logo-black-horisontal-no-slogan-scaled.webp\",\"contentUrl\":\"\\\/wp-content\\\/uploads\\\/2024\\\/07\\\/qc-logo-black-horisontal-no-slogan-scaled.webp\",\"width\":2560,\"height\":330,\"caption\":\"Quickchannel\"},\"image\":{\"@id\":\"https:\\\/\\\/quickchannel.com\\\/fi\\\/#\\\/schema\\\/logo\\\/image\\\/\"},\"sameAs\":[\"https:\\\/\\\/www.facebook.com\\\/61567385758463\",\"https:\\\/\\\/www.linkedin.com\\\/company\\\/quickchannel-ab\",\"https:\\\/\\\/www.youtube.com\\\/@quickchannelab\"]}]}<\/script>\n<!-- \/ Yoast SEO plugin. -->","yoast_head_json":{"title":"WCAG-alusta ja kokonaisvaltainen videoalusta | Quickchannel - Quickchannel","description":"Etsitk\u00f6 WCAG-yhteensopivaa alustaa tai t\u00e4ydellist\u00e4 videoalustaa organisaatiollesi? Meill\u00e4 on sinulle sopiva ratkaisu","robots":{"index":"index","follow":"follow","max-snippet":"max-snippet:-1","max-image-preview":"max-image-preview:large","max-video-preview":"max-video-preview:-1"},"canonical":"https:\/\/quickchannel.com\/fi\/wcag-alusta-ja-kokonaisvaltainen-videoalusta-quickchannel\/","og_locale":"fi_FI","og_type":"article","og_title":"WCAG-alusta ja kokonaisvaltainen videoalusta | Quickchannel - Quickchannel","og_description":"Etsitk\u00f6 WCAG-yhteensopivaa alustaa tai t\u00e4ydellist\u00e4 videoalustaa organisaatiollesi? Meill\u00e4 on sinulle sopiva ratkaisu","og_url":"https:\/\/quickchannel.com\/fi\/wcag-alusta-ja-kokonaisvaltainen-videoalusta-quickchannel\/","og_site_name":"Quickchannel","article_publisher":"https:\/\/www.facebook.com\/61567385758463","article_modified_time":"2024-09-12T14:06:57+00:00","og_image":[{"width":1060,"height":632,"url":"https:\/\/quickchannel.com\/wp-content\/uploads\/2024\/07\/dashboard_e2e.png","type":"image\/png"}],"twitter_card":"summary_large_image","twitter_misc":{"Arvioitu lukuaika":"1 minuutti"},"schema":{"@context":"https:\/\/schema.org","@graph":[{"@type":"WebPage","@id":"https:\/\/quickchannel.com\/fi\/wcag-alusta-ja-kokonaisvaltainen-videoalusta-quickchannel\/","url":"https:\/\/quickchannel.com\/fi\/wcag-alusta-ja-kokonaisvaltainen-videoalusta-quickchannel\/","name":"WCAG-alusta ja kokonaisvaltainen videoalusta | Quickchannel - Quickchannel","isPartOf":{"@id":"https:\/\/quickchannel.com\/fi\/#website"},"primaryImageOfPage":{"@id":"https:\/\/quickchannel.com\/fi\/wcag-alusta-ja-kokonaisvaltainen-videoalusta-quickchannel\/#primaryimage"},"image":{"@id":"https:\/\/quickchannel.com\/fi\/wcag-alusta-ja-kokonaisvaltainen-videoalusta-quickchannel\/#primaryimage"},"thumbnailUrl":"\/wp-content\/uploads\/2024\/07\/dashboard_e2e.png","datePublished":"2024-08-30T12:00:12+00:00","dateModified":"2024-09-12T14:06:57+00:00","description":"Etsitk\u00f6 WCAG-yhteensopivaa alustaa tai t\u00e4ydellist\u00e4 videoalustaa organisaatiollesi? Meill\u00e4 on sinulle sopiva ratkaisu","breadcrumb":{"@id":"https:\/\/quickchannel.com\/fi\/wcag-alusta-ja-kokonaisvaltainen-videoalusta-quickchannel\/#breadcrumb"},"inLanguage":"fi","potentialAction":[{"@type":"ReadAction","target":["https:\/\/quickchannel.com\/fi\/wcag-alusta-ja-kokonaisvaltainen-videoalusta-quickchannel\/"]}]},{"@type":"ImageObject","inLanguage":"fi","@id":"https:\/\/quickchannel.com\/fi\/wcag-alusta-ja-kokonaisvaltainen-videoalusta-quickchannel\/#primaryimage","url":"\/wp-content\/uploads\/2024\/07\/dashboard_e2e.png","contentUrl":"\/wp-content\/uploads\/2024\/07\/dashboard_e2e.png","width":1060,"height":632,"caption":"quickchanel-dashboard-ui"},{"@type":"BreadcrumbList","@id":"https:\/\/quickchannel.com\/fi\/wcag-alusta-ja-kokonaisvaltainen-videoalusta-quickchannel\/#breadcrumb","itemListElement":[{"@type":"ListItem","position":1,"name":"Home","item":"https:\/\/quickchannel.com\/fi\/"},{"@type":"ListItem","position":2,"name":"WCAG-alusta ja kokonaisvaltainen videoalusta | Quickchannel"}]},{"@type":"WebSite","@id":"https:\/\/quickchannel.com\/fi\/#website","url":"https:\/\/quickchannel.com\/fi\/","name":"Quickchannel","description":"All you need for video creation, management, and sharing \u2013 whether on-demand or live \u2013 all within one end-to-end platform.","publisher":{"@id":"https:\/\/quickchannel.com\/fi\/#organization"},"alternateName":"QC","potentialAction":[{"@type":"SearchAction","target":{"@type":"EntryPoint","urlTemplate":"https:\/\/quickchannel.com\/fi\/?s={search_term_string}"},"query-input":{"@type":"PropertyValueSpecification","valueRequired":true,"valueName":"search_term_string"}}],"inLanguage":"fi"},{"@type":"Organization","@id":"https:\/\/quickchannel.com\/fi\/#organization","name":"Quickchannel","url":"https:\/\/quickchannel.com\/fi\/","logo":{"@type":"ImageObject","inLanguage":"fi","@id":"https:\/\/quickchannel.com\/fi\/#\/schema\/logo\/image\/","url":"\/wp-content\/uploads\/2024\/07\/qc-logo-black-horisontal-no-slogan-scaled.webp","contentUrl":"\/wp-content\/uploads\/2024\/07\/qc-logo-black-horisontal-no-slogan-scaled.webp","width":2560,"height":330,"caption":"Quickchannel"},"image":{"@id":"https:\/\/quickchannel.com\/fi\/#\/schema\/logo\/image\/"},"sameAs":["https:\/\/www.facebook.com\/61567385758463","https:\/\/www.linkedin.com\/company\/quickchannel-ab","https:\/\/www.youtube.com\/@quickchannelab"]}]}},"_links":{"self":[{"href":"https:\/\/quickchannel.com\/fi\/wp-json\/wp\/v2\/pages\/3342","targetHints":{"allow":["GET"]}}],"collection":[{"href":"https:\/\/quickchannel.com\/fi\/wp-json\/wp\/v2\/pages"}],"about":[{"href":"https:\/\/quickchannel.com\/fi\/wp-json\/wp\/v2\/types\/page"}],"author":[{"embeddable":true,"href":"https:\/\/quickchannel.com\/fi\/wp-json\/wp\/v2\/users\/21"}],"replies":[{"embeddable":true,"href":"https:\/\/quickchannel.com\/fi\/wp-json\/wp\/v2\/comments?post=3342"}],"version-history":[{"count":0,"href":"https:\/\/quickchannel.com\/fi\/wp-json\/wp\/v2\/pages\/3342\/revisions"}],"wp:featuredmedia":[{"embeddable":true,"href":"https:\/\/quickchannel.com\/fi\/wp-json\/wp\/v2\/media\/1625"}],"wp:attachment":[{"href":"https:\/\/quickchannel.com\/fi\/wp-json\/wp\/v2\/media?parent=3342"}],"curies":[{"name":"wp","href":"https:\/\/api.w.org\/{rel}","templated":true}]}}