{"id":3322,"date":"2024-09-02T18:24:58","date_gmt":"2024-09-02T18:24:58","guid":{"rendered":"https:\/\/kristofer.quickchannel.com\/ammattimainen-videoalusta-yritysten-viestintaan\/"},"modified":"2024-09-12T13:25:51","modified_gmt":"2024-09-12T13:25:51","slug":"ammattimainen-videoalusta-yritysten-viestintaan","status":"publish","type":"page","link":"https:\/\/quickchannel.com\/fi\/ammattimainen-videoalusta-yritysten-viestintaan\/","title":{"rendered":"Ammattimainen videoalusta yritysten viestint\u00e4\u00e4n"},"content":{"rendered":"\n<div style=\"background-image:url(&apos;https:\/\/quickchannel.com\/wp-content\/uploads\/2024\/07\/wave-green-station33.png&apos;);background-size:cover;\" class=\"wp-block-group alignfull is-layout-constrained wp-container-core-group-is-layout-52fd8420 wp-block-group-is-layout-constrained has-background\">\n<h1 class=\"wp-block-heading has-text-align-center\">Videoalusta helppoa ja turvallista videoviestint\u00e4\u00e4 varten  <\/h1>\n\n\n\n<p class=\"has-text-align-left\">Videoalustoista on tullut yh\u00e4 t\u00e4rke\u00e4mpi\u00e4 nykyp\u00e4iv\u00e4n digitaalisessa maailmassa.\nVideoalustan avulla voit helposti jakaa videoitasi, suoratoistaa live-tapahtumia tai luoda webinaareja.\nValittavana on monia erilaisia videoalustoja, mutta on t\u00e4rke\u00e4\u00e4 l\u00f6yt\u00e4\u00e4 tarpeisiisi sopiva alusta.    <\/p>\n\n\n\n<p>Quickchannel tarjoaa helppok\u00e4ytt\u00f6isen videoalustan, jonka avulla voit tavoittaa yleis\u00f6si ammattimaisesti.\nAlustamme sopii erinomaisesti yrityksille, jotka haluavat oman kanavan videoilleen, mutta my\u00f6s viranomaisille, jotka haluavat jakaa tietoa ja tavoittaa kohderyhm\u00e4ns\u00e4.   <\/p>\n\n\n\n<p>Videoalustamme avulla voit helposti ladata ja hallita videoita, luoda suoria l\u00e4hetyksi\u00e4 ja olla vuorovaikutuksessa yleis\u00f6si kanssa.\nTarjoamme my\u00f6s mahdollisuuden luoda webinaareja, joissa voit jakaa tiet\u00e4myst\u00e4si ja muuntaa uusia asiakkaita.   <\/p>\n\n\n\n<p class=\"has-text-align-left\">Oikean videoalustan valinta on t\u00e4rke\u00e4\u00e4, jotta tavoitat kohdeyleis\u00f6si parhaalla mahdollisella tavalla.\nQuickchannelilla saat luotettavan ja k\u00e4ytt\u00e4j\u00e4yst\u00e4v\u00e4llisen alustan, joka auttaa sinua saamaan viestisi perille.\nKokeile videoalustamme jo t\u00e4n\u00e4\u00e4n ja n\u00e4e, kuinka helppoa videosis\u00e4ll\u00f6n jakaminen verkossa voi olla.    <\/p>\n<\/div>\n\n<div class=\"wp-block-group is-layout-constrained wp-container-core-group-is-layout-52fd8420 wp-block-group-is-layout-constrained\">\n<h2 class=\"wp-block-heading has-text-align-center\">Aloita matkasi kanssamme t\u00e4n\u00e4\u00e4n<\/h2>\n\n\n\n<p class=\"has-text-align-center\">Valitse alusta, joka ottaa saavutettavuuden vakavasti ja antaa sinulle kaikki tarvittavat ty\u00f6kalut, jotta voit onnistua videoviestinn\u00e4ss\u00e4si.\nValitse Quickchannel.   <\/p>\n\n\n\n<div class=\"wp-block-buttons is-content-justification-center is-layout-flex wp-container-core-buttons-is-layout-a89b3969 wp-block-buttons-is-layout-flex\">\n<div class=\"wp-block-button is-style-fill button-gradiant\"><a class=\"wp-block-button__link has-text-align-center wp-element-button\" href=\"https:\/\/quickchannel.com\/sv\/boka-demo\">Varaa esittely<\/a><\/div>\n<\/div>\n<\/div>\n\n<div class=\"wp-block-group is-layout-constrained wp-container-core-group-is-layout-73405a87 wp-block-group-is-layout-constrained\">\n<div class=\"wp-block-group is-layout-constrained wp-block-group-is-layout-constrained\">\n<div class=\"wp-block-group is-layout-constrained wp-container-core-group-is-layout-52fd8420 wp-block-group-is-layout-constrained\">\n<h2 class=\"wp-block-heading has-text-align-center\">Alusta, johon voit luottaa<\/h2>\n\n\n\n<p class=\"has-text-align-center\">Tietojesi suojaaminen on meille itsest\u00e4\u00e4nselvyys, samoin kuin GDPR:n noudattaminen ja sen varmistaminen, ett\u00e4 alustamme on kaikkien k\u00e4ytett\u00e4viss\u00e4 WCAG-standardien mukaisesti.<\/p>\n<\/div>\n<\/div>\n\n\n\n<div class=\"wp-block-columns is-layout-flex wp-container-core-columns-is-layout-28f84493 wp-block-columns-is-layout-flex\">\n<div class=\"wp-block-column is-layout-flow wp-block-column-is-layout-flow\">\n<div class=\"wp-block-group is-layout-constrained wp-block-group-is-layout-constrained\">\n<figure class=\"wp-block-image aligncenter size-full is-resized\"><img loading=\"lazy\" decoding=\"async\" width=\"56\" height=\"56\" src=\"https:\/\/quickchannel.com\/wp-content\/uploads\/2024\/07\/security-icon-1.png\" alt=\"Turvallisuuskuvake\" class=\"wp-image-554\" style=\"width:48px\"\/><\/figure>\n\n\n\n<h4 class=\"wp-block-heading has-text-align-center\"><strong>Yksityisyys ja turvallisuus<\/strong><\/h4>\n\n\n\n<p class=\"has-text-align-center\">Quickchannel tarjoaa turvallisen ratkaisun, jossa on tietojen salaus, suojattu videon suoratoisto ja idP:hen integroitu p\u00e4\u00e4synhallinta.<\/p>\n<\/div>\n<\/div>\n\n\n\n<div class=\"wp-block-column is-layout-flow wp-block-column-is-layout-flow\">\n<div class=\"wp-block-group is-layout-constrained wp-block-group-is-layout-constrained\">\n<figure class=\"wp-block-image aligncenter size-full is-resized\"><img loading=\"lazy\" decoding=\"async\" width=\"56\" height=\"56\" src=\"https:\/\/quickchannel.com\/wp-content\/uploads\/2024\/07\/lock-icon.png\" alt=\"Lukituskuvake\" class=\"wp-image-703\" style=\"width:48px\"\/><\/figure>\n\n\n\n<h4 class=\"wp-block-heading has-text-align-center\"><strong><strong>GDPR<\/strong><\/strong><\/h4>\n\n\n\n<p class=\"has-text-align-center\">Alustamme on t\u00e4ysin GDPR:n ja Schrems II:n mukainen, ja tietojasi s\u00e4ilytet\u00e4\u00e4n turvallisesti ja k\u00e4sitell\u00e4\u00e4n EU:n alueella eurooppalaisten yritysten omistamilla palvelimilla.<\/p>\n<\/div>\n<\/div>\n\n\n\n<div class=\"wp-block-column is-layout-flow wp-block-column-is-layout-flow\">\n<div class=\"wp-block-group is-layout-constrained wp-block-group-is-layout-constrained\">\n<figure class=\"wp-block-image aligncenter size-full is-resized\"><img loading=\"lazy\" decoding=\"async\" width=\"56\" height=\"56\" src=\"https:\/\/quickchannel.com\/wp-content\/uploads\/2024\/07\/accessibility-icon.png\" alt=\"Esteett&#xF6;myyskuvake\" class=\"wp-image-704\" style=\"width:48px\"\/><\/figure>\n\n\n\n<h4 class=\"wp-block-heading has-text-align-center\"><strong><strong>WCAG 2.1 AA  <\/strong><\/strong><\/h4>\n\n\n\n<p class=\"has-text-align-center\">Automaattisen transkription ja tekstityseditorin ansiosta videosi on EU:n direktiivin mukainen julkisen sektorin verkkosivustojen ja mobiilisovellusten saavutettavuudesta.<\/p>\n<\/div>\n<\/div>\n<\/div>\n<\/div>\n","protected":false},"excerpt":{"rendered":"<p>Videoalusta helppoa ja turvallista videoviestint\u00e4\u00e4 varten Videoalustoista on tullut yh\u00e4 t\u00e4rke\u00e4mpi\u00e4 nykyp\u00e4iv\u00e4n digitaalisessa maailmassa. Videoalustan avulla voit helposti jakaa videoitasi, [&hellip;]<\/p>\n","protected":false},"author":5,"featured_media":2152,"parent":0,"menu_order":0,"comment_status":"closed","ping_status":"closed","template":"","meta":{"_acf_changed":false,"site-sidebar-layout":"default","site-content-layout":"","ast-site-content-layout":"","site-content-style":"default","site-sidebar-style":"default","ast-global-header-display":"","ast-banner-title-visibility":"","ast-main-header-display":"","ast-hfb-above-header-display":"","ast-hfb-below-header-display":"","ast-hfb-mobile-header-display":"","site-post-title":"disabled","ast-breadcrumbs-content":"","ast-featured-img":"disabled","footer-sml-layout":"","theme-transparent-header-meta":"","adv-header-id-meta":"","stick-header-meta":"","header-above-stick-meta":"","header-main-stick-meta":"","header-below-stick-meta":"","astra-migrate-meta-layouts":"default","ast-page-background-enabled":"default","ast-page-background-meta":{"desktop":{"background-color":"var(--ast-global-color-5)","background-image":"","background-repeat":"repeat","background-position":"center center","background-size":"auto","background-attachment":"scroll","background-type":"","background-media":"","overlay-type":"","overlay-color":"","overlay-opacity":"","overlay-gradient":""},"tablet":{"background-color":"","background-image":"","background-repeat":"repeat","background-position":"center center","background-size":"auto","background-attachment":"scroll","background-type":"","background-media":"","overlay-type":"","overlay-color":"","overlay-opacity":"","overlay-gradient":""},"mobile":{"background-color":"","background-image":"","background-repeat":"repeat","background-position":"center center","background-size":"auto","background-attachment":"scroll","background-type":"","background-media":"","overlay-type":"","overlay-color":"","overlay-opacity":"","overlay-gradient":""}},"ast-content-background-meta":{"desktop":{"background-color":"var(--ast-global-color-4)","background-image":"","background-repeat":"repeat","background-position":"center center","background-size":"auto","background-attachment":"scroll","background-type":"","background-media":"","overlay-type":"","overlay-color":"","overlay-opacity":"","overlay-gradient":""},"tablet":{"background-color":"var(--ast-global-color-4)","background-image":"","background-repeat":"repeat","background-position":"center center","background-size":"auto","background-attachment":"scroll","background-type":"","background-media":"","overlay-type":"","overlay-color":"","overlay-opacity":"","overlay-gradient":""},"mobile":{"background-color":"var(--ast-global-color-4)","background-image":"","background-repeat":"repeat","background-position":"center center","background-size":"auto","background-attachment":"scroll","background-type":"","background-media":"","overlay-type":"","overlay-color":"","overlay-opacity":"","overlay-gradient":""}},"footnotes":""},"class_list":["post-3322","page","type-page","status-publish","has-post-thumbnail","hentry"],"acf":[],"yoast_head":"<!-- This site is optimized with the Yoast SEO plugin v27.3 - https:\/\/yoast.com\/product\/yoast-seo-wordpress\/ -->\n<title>Ammattimainen videoalusta yritysten viestint\u00e4\u00e4n<\/title>\n<meta name=\"description\" content=\"Luo mukaansatempaavia webcasteja ja webinaareja intuitiivisella videoalustallamme. T\u00e4ydellinen yritysviestint\u00e4\u00e4n ja koulutukseen.\" \/>\n<meta name=\"robots\" content=\"index, follow, max-snippet:-1, max-image-preview:large, max-video-preview:-1\" \/>\n<link rel=\"canonical\" href=\"https:\/\/quickchannel.com\/fi\/ammattimainen-videoalusta-yritysten-viestintaan\/\" \/>\n<meta property=\"og:locale\" content=\"fi_FI\" \/>\n<meta property=\"og:type\" content=\"article\" \/>\n<meta property=\"og:title\" content=\"Ammattimainen videoalusta yritysten viestint\u00e4\u00e4n\" \/>\n<meta property=\"og:description\" content=\"Luo mukaansatempaavia webcasteja ja webinaareja intuitiivisella videoalustallamme. T\u00e4ydellinen yritysviestint\u00e4\u00e4n ja koulutukseen.\" \/>\n<meta property=\"og:url\" content=\"https:\/\/quickchannel.com\/fi\/ammattimainen-videoalusta-yritysten-viestintaan\/\" \/>\n<meta property=\"og:site_name\" content=\"Quickchannel\" \/>\n<meta property=\"article:publisher\" content=\"https:\/\/www.facebook.com\/61567385758463\" \/>\n<meta property=\"article:modified_time\" content=\"2024-09-12T13:25:51+00:00\" \/>\n<meta property=\"og:image\" content=\"https:\/\/quickchannel.com\/wp-content\/uploads\/2024\/09\/hero-2-1.png\" \/>\n\t<meta property=\"og:image:width\" content=\"1857\" \/>\n\t<meta property=\"og:image:height\" content=\"1331\" \/>\n\t<meta property=\"og:image:type\" content=\"image\/png\" \/>\n<meta name=\"twitter:card\" content=\"summary_large_image\" \/>\n<meta name=\"twitter:label1\" content=\"Arvioitu lukuaika\" \/>\n\t<meta name=\"twitter:data1\" content=\"1 minuutti\" \/>\n<script type=\"application\/ld+json\" class=\"yoast-schema-graph\">{\"@context\":\"https:\\\/\\\/schema.org\",\"@graph\":[{\"@type\":\"WebPage\",\"@id\":\"https:\\\/\\\/quickchannel.com\\\/fi\\\/ammattimainen-videoalusta-yritysten-viestintaan\\\/\",\"url\":\"https:\\\/\\\/quickchannel.com\\\/fi\\\/ammattimainen-videoalusta-yritysten-viestintaan\\\/\",\"name\":\"Ammattimainen videoalusta yritysten viestint\u00e4\u00e4n\",\"isPartOf\":{\"@id\":\"https:\\\/\\\/quickchannel.com\\\/fi\\\/#website\"},\"primaryImageOfPage\":{\"@id\":\"https:\\\/\\\/quickchannel.com\\\/fi\\\/ammattimainen-videoalusta-yritysten-viestintaan\\\/#primaryimage\"},\"image\":{\"@id\":\"https:\\\/\\\/quickchannel.com\\\/fi\\\/ammattimainen-videoalusta-yritysten-viestintaan\\\/#primaryimage\"},\"thumbnailUrl\":\"\\\/wp-content\\\/uploads\\\/2024\\\/09\\\/hero-2-1.png\",\"datePublished\":\"2024-09-02T18:24:58+00:00\",\"dateModified\":\"2024-09-12T13:25:51+00:00\",\"description\":\"Luo mukaansatempaavia webcasteja ja webinaareja intuitiivisella videoalustallamme. T\u00e4ydellinen yritysviestint\u00e4\u00e4n ja koulutukseen.\",\"breadcrumb\":{\"@id\":\"https:\\\/\\\/quickchannel.com\\\/fi\\\/ammattimainen-videoalusta-yritysten-viestintaan\\\/#breadcrumb\"},\"inLanguage\":\"fi\",\"potentialAction\":[{\"@type\":\"ReadAction\",\"target\":[\"https:\\\/\\\/quickchannel.com\\\/fi\\\/ammattimainen-videoalusta-yritysten-viestintaan\\\/\"]}]},{\"@type\":\"ImageObject\",\"inLanguage\":\"fi\",\"@id\":\"https:\\\/\\\/quickchannel.com\\\/fi\\\/ammattimainen-videoalusta-yritysten-viestintaan\\\/#primaryimage\",\"url\":\"\\\/wp-content\\\/uploads\\\/2024\\\/09\\\/hero-2-1.png\",\"contentUrl\":\"\\\/wp-content\\\/uploads\\\/2024\\\/09\\\/hero-2-1.png\",\"width\":1857,\"height\":1331,\"caption\":\"Quickchannel end-to-end platform showcase\"},{\"@type\":\"BreadcrumbList\",\"@id\":\"https:\\\/\\\/quickchannel.com\\\/fi\\\/ammattimainen-videoalusta-yritysten-viestintaan\\\/#breadcrumb\",\"itemListElement\":[{\"@type\":\"ListItem\",\"position\":1,\"name\":\"Home\",\"item\":\"https:\\\/\\\/quickchannel.com\\\/fi\\\/\"},{\"@type\":\"ListItem\",\"position\":2,\"name\":\"Ammattimainen videoalusta yritysten viestint\u00e4\u00e4n\"}]},{\"@type\":\"WebSite\",\"@id\":\"https:\\\/\\\/quickchannel.com\\\/fi\\\/#website\",\"url\":\"https:\\\/\\\/quickchannel.com\\\/fi\\\/\",\"name\":\"Quickchannel\",\"description\":\"All you need for video creation, management, and sharing \u2013 whether on-demand or live \u2013 all within one end-to-end platform.\",\"publisher\":{\"@id\":\"https:\\\/\\\/quickchannel.com\\\/fi\\\/#organization\"},\"alternateName\":\"QC\",\"potentialAction\":[{\"@type\":\"SearchAction\",\"target\":{\"@type\":\"EntryPoint\",\"urlTemplate\":\"https:\\\/\\\/quickchannel.com\\\/fi\\\/?s={search_term_string}\"},\"query-input\":{\"@type\":\"PropertyValueSpecification\",\"valueRequired\":true,\"valueName\":\"search_term_string\"}}],\"inLanguage\":\"fi\"},{\"@type\":\"Organization\",\"@id\":\"https:\\\/\\\/quickchannel.com\\\/fi\\\/#organization\",\"name\":\"Quickchannel\",\"url\":\"https:\\\/\\\/quickchannel.com\\\/fi\\\/\",\"logo\":{\"@type\":\"ImageObject\",\"inLanguage\":\"fi\",\"@id\":\"https:\\\/\\\/quickchannel.com\\\/fi\\\/#\\\/schema\\\/logo\\\/image\\\/\",\"url\":\"\\\/wp-content\\\/uploads\\\/2024\\\/07\\\/qc-logo-black-horisontal-no-slogan-scaled.webp\",\"contentUrl\":\"\\\/wp-content\\\/uploads\\\/2024\\\/07\\\/qc-logo-black-horisontal-no-slogan-scaled.webp\",\"width\":2560,\"height\":330,\"caption\":\"Quickchannel\"},\"image\":{\"@id\":\"https:\\\/\\\/quickchannel.com\\\/fi\\\/#\\\/schema\\\/logo\\\/image\\\/\"},\"sameAs\":[\"https:\\\/\\\/www.facebook.com\\\/61567385758463\",\"https:\\\/\\\/www.linkedin.com\\\/company\\\/quickchannel-ab\",\"https:\\\/\\\/www.youtube.com\\\/@quickchannelab\"]}]}<\/script>\n<!-- \/ Yoast SEO plugin. -->","yoast_head_json":{"title":"Ammattimainen videoalusta yritysten viestint\u00e4\u00e4n","description":"Luo mukaansatempaavia webcasteja ja webinaareja intuitiivisella videoalustallamme. T\u00e4ydellinen yritysviestint\u00e4\u00e4n ja koulutukseen.","robots":{"index":"index","follow":"follow","max-snippet":"max-snippet:-1","max-image-preview":"max-image-preview:large","max-video-preview":"max-video-preview:-1"},"canonical":"https:\/\/quickchannel.com\/fi\/ammattimainen-videoalusta-yritysten-viestintaan\/","og_locale":"fi_FI","og_type":"article","og_title":"Ammattimainen videoalusta yritysten viestint\u00e4\u00e4n","og_description":"Luo mukaansatempaavia webcasteja ja webinaareja intuitiivisella videoalustallamme. T\u00e4ydellinen yritysviestint\u00e4\u00e4n ja koulutukseen.","og_url":"https:\/\/quickchannel.com\/fi\/ammattimainen-videoalusta-yritysten-viestintaan\/","og_site_name":"Quickchannel","article_publisher":"https:\/\/www.facebook.com\/61567385758463","article_modified_time":"2024-09-12T13:25:51+00:00","og_image":[{"width":1857,"height":1331,"url":"https:\/\/quickchannel.com\/wp-content\/uploads\/2024\/09\/hero-2-1.png","type":"image\/png"}],"twitter_card":"summary_large_image","twitter_misc":{"Arvioitu lukuaika":"1 minuutti"},"schema":{"@context":"https:\/\/schema.org","@graph":[{"@type":"WebPage","@id":"https:\/\/quickchannel.com\/fi\/ammattimainen-videoalusta-yritysten-viestintaan\/","url":"https:\/\/quickchannel.com\/fi\/ammattimainen-videoalusta-yritysten-viestintaan\/","name":"Ammattimainen videoalusta yritysten viestint\u00e4\u00e4n","isPartOf":{"@id":"https:\/\/quickchannel.com\/fi\/#website"},"primaryImageOfPage":{"@id":"https:\/\/quickchannel.com\/fi\/ammattimainen-videoalusta-yritysten-viestintaan\/#primaryimage"},"image":{"@id":"https:\/\/quickchannel.com\/fi\/ammattimainen-videoalusta-yritysten-viestintaan\/#primaryimage"},"thumbnailUrl":"\/wp-content\/uploads\/2024\/09\/hero-2-1.png","datePublished":"2024-09-02T18:24:58+00:00","dateModified":"2024-09-12T13:25:51+00:00","description":"Luo mukaansatempaavia webcasteja ja webinaareja intuitiivisella videoalustallamme. T\u00e4ydellinen yritysviestint\u00e4\u00e4n ja koulutukseen.","breadcrumb":{"@id":"https:\/\/quickchannel.com\/fi\/ammattimainen-videoalusta-yritysten-viestintaan\/#breadcrumb"},"inLanguage":"fi","potentialAction":[{"@type":"ReadAction","target":["https:\/\/quickchannel.com\/fi\/ammattimainen-videoalusta-yritysten-viestintaan\/"]}]},{"@type":"ImageObject","inLanguage":"fi","@id":"https:\/\/quickchannel.com\/fi\/ammattimainen-videoalusta-yritysten-viestintaan\/#primaryimage","url":"\/wp-content\/uploads\/2024\/09\/hero-2-1.png","contentUrl":"\/wp-content\/uploads\/2024\/09\/hero-2-1.png","width":1857,"height":1331,"caption":"Quickchannel end-to-end platform showcase"},{"@type":"BreadcrumbList","@id":"https:\/\/quickchannel.com\/fi\/ammattimainen-videoalusta-yritysten-viestintaan\/#breadcrumb","itemListElement":[{"@type":"ListItem","position":1,"name":"Home","item":"https:\/\/quickchannel.com\/fi\/"},{"@type":"ListItem","position":2,"name":"Ammattimainen videoalusta yritysten viestint\u00e4\u00e4n"}]},{"@type":"WebSite","@id":"https:\/\/quickchannel.com\/fi\/#website","url":"https:\/\/quickchannel.com\/fi\/","name":"Quickchannel","description":"All you need for video creation, management, and sharing \u2013 whether on-demand or live \u2013 all within one end-to-end platform.","publisher":{"@id":"https:\/\/quickchannel.com\/fi\/#organization"},"alternateName":"QC","potentialAction":[{"@type":"SearchAction","target":{"@type":"EntryPoint","urlTemplate":"https:\/\/quickchannel.com\/fi\/?s={search_term_string}"},"query-input":{"@type":"PropertyValueSpecification","valueRequired":true,"valueName":"search_term_string"}}],"inLanguage":"fi"},{"@type":"Organization","@id":"https:\/\/quickchannel.com\/fi\/#organization","name":"Quickchannel","url":"https:\/\/quickchannel.com\/fi\/","logo":{"@type":"ImageObject","inLanguage":"fi","@id":"https:\/\/quickchannel.com\/fi\/#\/schema\/logo\/image\/","url":"\/wp-content\/uploads\/2024\/07\/qc-logo-black-horisontal-no-slogan-scaled.webp","contentUrl":"\/wp-content\/uploads\/2024\/07\/qc-logo-black-horisontal-no-slogan-scaled.webp","width":2560,"height":330,"caption":"Quickchannel"},"image":{"@id":"https:\/\/quickchannel.com\/fi\/#\/schema\/logo\/image\/"},"sameAs":["https:\/\/www.facebook.com\/61567385758463","https:\/\/www.linkedin.com\/company\/quickchannel-ab","https:\/\/www.youtube.com\/@quickchannelab"]}]}},"_links":{"self":[{"href":"https:\/\/quickchannel.com\/fi\/wp-json\/wp\/v2\/pages\/3322","targetHints":{"allow":["GET"]}}],"collection":[{"href":"https:\/\/quickchannel.com\/fi\/wp-json\/wp\/v2\/pages"}],"about":[{"href":"https:\/\/quickchannel.com\/fi\/wp-json\/wp\/v2\/types\/page"}],"author":[{"embeddable":true,"href":"https:\/\/quickchannel.com\/fi\/wp-json\/wp\/v2\/users\/5"}],"replies":[{"embeddable":true,"href":"https:\/\/quickchannel.com\/fi\/wp-json\/wp\/v2\/comments?post=3322"}],"version-history":[{"count":0,"href":"https:\/\/quickchannel.com\/fi\/wp-json\/wp\/v2\/pages\/3322\/revisions"}],"wp:featuredmedia":[{"embeddable":true,"href":"https:\/\/quickchannel.com\/fi\/wp-json\/wp\/v2\/media\/2152"}],"wp:attachment":[{"href":"https:\/\/quickchannel.com\/fi\/wp-json\/wp\/v2\/media?parent=3322"}],"curies":[{"name":"wp","href":"https:\/\/api.w.org\/{rel}","templated":true}]}}