{"id":3141,"date":"2024-09-02T08:09:19","date_gmt":"2024-09-02T08:09:19","guid":{"rendered":"https:\/\/kristofer.quickchannel.com\/varaa-esittely\/"},"modified":"2026-03-30T09:15:53","modified_gmt":"2026-03-30T09:15:53","slug":"varaa-demo","status":"publish","type":"page","link":"https:\/\/quickchannel.com\/fi\/varaa-demo\/","title":{"rendered":"Varaa demo"},"content":{"rendered":"\n<div class=\"wp-block-cover alignfull is-light\" style=\"padding-top:168px;padding-bottom:250px\"><img loading=\"lazy\" decoding=\"async\" width=\"1440\" height=\"802\" class=\"wp-block-cover__image-background wp-image-16720 size-large\" alt=\"\" src=\"\/wp-content\/uploads\/2025\/06\/orange-lines-background.svg\" style=\"object-position:50% 100%\" data-object-fit=\"cover\" data-object-position=\"50% 100%\"\/><span aria-hidden=\"true\" class=\"wp-block-cover__background has-background-dim-0 has-background-dim\"><\/span><div class=\"wp-block-cover__inner-container is-layout-constrained wp-block-cover-is-layout-constrained\">\n<div class=\"wp-block-columns is-layout-flex wp-container-core-columns-is-layout-28f84493 wp-block-columns-is-layout-flex\">\n<div class=\"wp-block-column is-layout-flow wp-block-column-is-layout-flow\">\n<p class=\"heading-h6 has-text-color has-link-color wp-elements-a9c71702b4780dd34ba2d540681ca8e5\" style=\"color:#462004;text-transform:uppercase\"><strong>VAARA DEMO<\/strong><\/p>\n\n\n\n<h1 class=\"wp-block-heading heading-h2 has-text-color has-link-color wp-elements-8fcf4f0f2ba607429e59f5e44e76cd0d\" style=\"color:#462004\"><strong>S\u00e4\u00e4st\u00e4 aikaa ja v\u00e4henn\u00e4 kustannuksia korvaamalla useat videoty\u00f6kalut yhdell\u00e4 alustalla \u2013 Quickchannel.<\/strong><\/h1>\n\n\n\n<p>Saat vastaukset kysymyksiisi henkil\u00f6kohtaisessa esittelyss\u00e4 ja n\u00e4et, miten Quickchannel auttaa sinua saamaan enemm\u00e4n irti videosta.<\/p>\n\n\n\n<figure class=\"wp-block-image size-large has-custom-border\"><img loading=\"lazy\" decoding=\"async\" width=\"1024\" height=\"683\" src=\"\/wp-content\/uploads\/2025\/06\/Quickchannel-team-1024x683.webp\" alt=\"\" class=\"wp-image-15225\" style=\"border-radius:24px;aspect-ratio:16\/9;object-fit:cover\" srcset=\"\/wp-content\/uploads\/2025\/06\/Quickchannel-team-1024x683.webp 1024w, \/wp-content\/uploads\/2025\/06\/Quickchannel-team-300x200.webp 300w, \/wp-content\/uploads\/2025\/06\/Quickchannel-team-768x512.webp 768w, \/wp-content\/uploads\/2025\/06\/Quickchannel-team-200x133.webp 200w, \/wp-content\/uploads\/2025\/06\/Quickchannel-team.webp 1200w\" sizes=\"auto, (max-width: 1024px) 100vw, 1024px\" \/><\/figure>\n<\/div>\n\n\n\n<div class=\"wp-block-column is-layout-flow wp-block-column-is-layout-flow\">\n<div class=\"new-book-a-demo book-a-demo-page\"><script src=\"https:\/\/js-eu1.hsforms.net\/forms\/embed\/developer\/19712629.js\" defer><\/script>\n<script>\nwindow.addEventListener('hs-form-event:on-submission:success', (event) => {\n_paq.push(['trackEvent', 'Forms', 'Form submission', \"Demo submission\" ]);\n});\n<\/script>\n<div class=\"hs-form-html\" data-region=\"eu1\" data-form-id=\"1473c0a8-6394-4424-82f2-58b6c9ecc29d\" data-portal-id=\"19712629\"><\/div><\/div>\n<\/div>\n<\/div>\n\n\n\n<div class=\"wp-block-group alignwide is-layout-constrained wp-block-group-is-layout-constrained\" id=\"results\"><\/div>\n<\/div><\/div>\n\n\n\n<div class=\"wp-block-group alignfull is-layout-constrained wp-block-group-is-layout-constrained\"><div class=\"qc-logotypes alignfull\"><h2 class=\"heading-h4\">300+ asiakkaan luottama Pohjoismaissa<\/h2><div class=\"swiper logotyper__slider\"><div class=\"swiper-wrapper\"><div class=\"swiper-slide\"><img decoding=\"async\" src=\"\/wp-content\/uploads\/2024\/07\/malmo-universitet-logo.webp\" alt=\"\"><\/div><div class=\"swiper-slide\"><img decoding=\"async\" src=\"\/wp-content\/uploads\/2024\/11\/Saab_black-removebg-preview-1-w.png\" alt=\"SAAB white logotype\"><\/div><div class=\"swiper-slide\"><img decoding=\"async\" src=\"\/wp-content\/uploads\/2024\/11\/skanskalogo-w.webp\" alt=\"\"><\/div><div class=\"swiper-slide\"><img decoding=\"async\" src=\"\/wp-content\/uploads\/2024\/11\/wiersholm-logo-w.webp\" alt=\"wiersholm-logo\"><\/div><div class=\"swiper-slide\"><img decoding=\"async\" src=\"\/wp-content\/uploads\/2024\/11\/rrbetsformedlingen-logo-w.webp\" alt=\"\"><\/div><div class=\"swiper-slide\"><img decoding=\"async\" src=\"\/wp-content\/uploads\/2025\/01\/kavlinge-kommunlogotyp-edited-1.png\" alt=\"\"><\/div><div class=\"swiper-slide\"><img decoding=\"async\" src=\"\/wp-content\/uploads\/2025\/01\/logo_region_jonkopings_lan_linkedin-edited-1.png\" alt=\"Region J\u00f6nk\u00f6pingsl\u00e4n logotyp\"><\/div><div class=\"swiper-slide\"><img decoding=\"async\" src=\"\/wp-content\/uploads\/2025\/01\/logotyp-farg-vansterstalld.webp\" alt=\"\"><\/div><div class=\"swiper-slide\"><img decoding=\"async\" src=\"\/wp-content\/uploads\/2025\/05\/marks-kommun-1.png\" alt=\"\"><\/div><div class=\"swiper-slide\"><img decoding=\"async\" src=\"\/wp-content\/uploads\/2025\/05\/bazelmans-logo.png\" alt=\"bazelmans-logo\"><\/div><div class=\"swiper-slide\"><img decoding=\"async\" src=\"\/wp-content\/uploads\/2025\/06\/vastra-Gotalandsregionen-logotyp.png\" alt=\"va\u0308stra Go\u0308talandsregionen logotyp\"><\/div><div class=\"swiper-slide\"><img decoding=\"async\" src=\"\/wp-content\/uploads\/2025\/06\/sundsvalls-kommun-logotyp.png\" alt=\"sundsvalls kommun logotyp\"><\/div><div class=\"swiper-slide\"><img decoding=\"async\" src=\"\/wp-content\/uploads\/2025\/06\/linkoping-rgb-removebg-preview.png\" alt=\"Link\u00f6pings kommun logotyp\"><\/div><div class=\"swiper-slide\"><img decoding=\"async\" src=\"\/wp-content\/uploads\/2025\/06\/dnb-black-logo-1.png\" alt=\"\"><\/div><div class=\"swiper-slide\"><img decoding=\"async\" src=\"\/wp-content\/uploads\/2025\/06\/storebrand-1.png\" alt=\"\"><\/div><div class=\"swiper-slide\"><img decoding=\"async\" src=\"\/wp-content\/uploads\/2025\/09\/skistar-logo-2.png\" alt=\"\"><\/div><\/div><\/div><\/div><\/div>\n\n\n","protected":false},"excerpt":{"rendered":"","protected":false},"author":1,"featured_media":8854,"parent":0,"menu_order":0,"comment_status":"closed","ping_status":"closed","template":"","meta":{"_acf_changed":false,"site-sidebar-layout":"default","site-content-layout":"","ast-site-content-layout":"","site-content-style":"default","site-sidebar-style":"default","ast-global-header-display":"","ast-banner-title-visibility":"","ast-main-header-display":"","ast-hfb-above-header-display":"","ast-hfb-below-header-display":"","ast-hfb-mobile-header-display":"","site-post-title":"disabled","ast-breadcrumbs-content":"","ast-featured-img":"disabled","footer-sml-layout":"","theme-transparent-header-meta":"","adv-header-id-meta":"","stick-header-meta":"","header-above-stick-meta":"","header-main-stick-meta":"","header-below-stick-meta":"","astra-migrate-meta-layouts":"default","ast-page-background-enabled":"default","ast-page-background-meta":{"desktop":{"background-color":"var(--ast-global-color-4)","background-image":"","background-repeat":"repeat","background-position":"center center","background-size":"auto","background-attachment":"scroll","background-type":"","background-media":"","overlay-type":"","overlay-color":"","overlay-opacity":"","overlay-gradient":""},"tablet":{"background-color":"","background-image":"","background-repeat":"repeat","background-position":"center center","background-size":"auto","background-attachment":"scroll","background-type":"","background-media":"","overlay-type":"","overlay-color":"","overlay-opacity":"","overlay-gradient":""},"mobile":{"background-color":"","background-image":"","background-repeat":"repeat","background-position":"center center","background-size":"auto","background-attachment":"scroll","background-type":"","background-media":"","overlay-type":"","overlay-color":"","overlay-opacity":"","overlay-gradient":""}},"ast-content-background-meta":{"desktop":{"background-color":"var(--ast-global-color-5)","background-image":"","background-repeat":"repeat","background-position":"center center","background-size":"auto","background-attachment":"scroll","background-type":"","background-media":"","overlay-type":"","overlay-color":"","overlay-opacity":"","overlay-gradient":""},"tablet":{"background-color":"var(--ast-global-color-5)","background-image":"","background-repeat":"repeat","background-position":"center center","background-size":"auto","background-attachment":"scroll","background-type":"","background-media":"","overlay-type":"","overlay-color":"","overlay-opacity":"","overlay-gradient":""},"mobile":{"background-color":"var(--ast-global-color-5)","background-image":"","background-repeat":"repeat","background-position":"center center","background-size":"auto","background-attachment":"scroll","background-type":"","background-media":"","overlay-type":"","overlay-color":"","overlay-opacity":"","overlay-gradient":""}},"footnotes":""},"class_list":["post-3141","page","type-page","status-publish","has-post-thumbnail","hentry"],"acf":[],"yoast_head":"<!-- This site is optimized with the Yoast SEO plugin v27.3 - https:\/\/yoast.com\/product\/yoast-seo-wordpress\/ -->\n<title>Korvaa useita ty\u00f6kaluja ja s\u00e4\u00e4st\u00e4 kustannuksia | Quickchannel<\/title>\n<meta name=\"description\" content=\"S\u00e4\u00e4st\u00e4 aikaa ja v\u00e4henn\u00e4 kustannuksia korvaamalla useita ty\u00f6kaluja yhdell\u00e4 alustalla, varaa demo jo t\u00e4n\u00e4\u00e4n yhdelt\u00e4 videoalan ammattilaiseltamme.\" \/>\n<meta name=\"robots\" content=\"index, follow, max-snippet:-1, max-image-preview:large, max-video-preview:-1\" \/>\n<link rel=\"canonical\" href=\"https:\/\/quickchannel.com\/fi\/varaa-demo\/\" \/>\n<meta property=\"og:locale\" content=\"fi_FI\" \/>\n<meta property=\"og:type\" content=\"article\" \/>\n<meta property=\"og:title\" content=\"Korvaa useita ty\u00f6kaluja ja s\u00e4\u00e4st\u00e4 kustannuksia | Quickchannel\" \/>\n<meta property=\"og:description\" content=\"S\u00e4\u00e4st\u00e4 aikaa ja v\u00e4henn\u00e4 kustannuksia korvaamalla useita ty\u00f6kaluja yhdell\u00e4 alustalla, varaa demo jo t\u00e4n\u00e4\u00e4n yhdelt\u00e4 videoalan ammattilaiseltamme.\" \/>\n<meta property=\"og:url\" content=\"https:\/\/quickchannel.com\/fi\/varaa-demo\/\" \/>\n<meta property=\"og:site_name\" content=\"Quickchannel\" \/>\n<meta property=\"article:publisher\" content=\"https:\/\/www.facebook.com\/61567385758463\" \/>\n<meta property=\"article:modified_time\" content=\"2026-03-30T09:15:53+00:00\" \/>\n<meta property=\"og:image\" content=\"https:\/\/quickchannel.com\/wp-content\/uploads\/2025\/03\/Quickchannel-hero-image-1-1.webp\" \/>\n\t<meta property=\"og:image:width\" content=\"1024\" \/>\n\t<meta property=\"og:image:height\" content=\"486\" \/>\n\t<meta property=\"og:image:type\" content=\"image\/webp\" \/>\n<meta name=\"twitter:card\" content=\"summary_large_image\" \/>\n<meta name=\"twitter:label1\" content=\"Arvioitu lukuaika\" \/>\n\t<meta name=\"twitter:data1\" content=\"3 minuuttia\" \/>\n<script type=\"application\/ld+json\" class=\"yoast-schema-graph\">{\"@context\":\"https:\\\/\\\/schema.org\",\"@graph\":[{\"@type\":\"WebPage\",\"@id\":\"https:\\\/\\\/quickchannel.com\\\/fi\\\/varaa-demo\\\/\",\"url\":\"https:\\\/\\\/quickchannel.com\\\/fi\\\/varaa-demo\\\/\",\"name\":\"Korvaa useita ty\u00f6kaluja ja s\u00e4\u00e4st\u00e4 kustannuksia | Quickchannel\",\"isPartOf\":{\"@id\":\"https:\\\/\\\/quickchannel.com\\\/fi\\\/#website\"},\"primaryImageOfPage\":{\"@id\":\"https:\\\/\\\/quickchannel.com\\\/fi\\\/varaa-demo\\\/#primaryimage\"},\"image\":{\"@id\":\"https:\\\/\\\/quickchannel.com\\\/fi\\\/varaa-demo\\\/#primaryimage\"},\"thumbnailUrl\":\"\\\/wp-content\\\/uploads\\\/2025\\\/03\\\/Quickchannel-hero-image-1-1.webp\",\"datePublished\":\"2024-09-02T08:09:19+00:00\",\"dateModified\":\"2026-03-30T09:15:53+00:00\",\"description\":\"S\u00e4\u00e4st\u00e4 aikaa ja v\u00e4henn\u00e4 kustannuksia korvaamalla useita ty\u00f6kaluja yhdell\u00e4 alustalla, varaa demo jo t\u00e4n\u00e4\u00e4n yhdelt\u00e4 videoalan ammattilaiseltamme.\",\"breadcrumb\":{\"@id\":\"https:\\\/\\\/quickchannel.com\\\/fi\\\/varaa-demo\\\/#breadcrumb\"},\"inLanguage\":\"fi\",\"potentialAction\":[{\"@type\":\"ReadAction\",\"target\":[\"https:\\\/\\\/quickchannel.com\\\/fi\\\/varaa-demo\\\/\"]}]},{\"@type\":\"ImageObject\",\"inLanguage\":\"fi\",\"@id\":\"https:\\\/\\\/quickchannel.com\\\/fi\\\/varaa-demo\\\/#primaryimage\",\"url\":\"\\\/wp-content\\\/uploads\\\/2025\\\/03\\\/Quickchannel-hero-image-1-1.webp\",\"contentUrl\":\"\\\/wp-content\\\/uploads\\\/2025\\\/03\\\/Quickchannel-hero-image-1-1.webp\",\"width\":1024,\"height\":486,\"caption\":\"Quickchannel mockup image\"},{\"@type\":\"BreadcrumbList\",\"@id\":\"https:\\\/\\\/quickchannel.com\\\/fi\\\/varaa-demo\\\/#breadcrumb\",\"itemListElement\":[{\"@type\":\"ListItem\",\"position\":1,\"name\":\"Home\",\"item\":\"https:\\\/\\\/quickchannel.com\\\/fi\\\/\"},{\"@type\":\"ListItem\",\"position\":2,\"name\":\"Varaa demo\"}]},{\"@type\":\"WebSite\",\"@id\":\"https:\\\/\\\/quickchannel.com\\\/fi\\\/#website\",\"url\":\"https:\\\/\\\/quickchannel.com\\\/fi\\\/\",\"name\":\"Quickchannel\",\"description\":\"All you need for video creation, management, and sharing \u2013 whether on-demand or live \u2013 all within one end-to-end platform.\",\"publisher\":{\"@id\":\"https:\\\/\\\/quickchannel.com\\\/fi\\\/#organization\"},\"alternateName\":\"QC\",\"potentialAction\":[{\"@type\":\"SearchAction\",\"target\":{\"@type\":\"EntryPoint\",\"urlTemplate\":\"https:\\\/\\\/quickchannel.com\\\/fi\\\/?s={search_term_string}\"},\"query-input\":{\"@type\":\"PropertyValueSpecification\",\"valueRequired\":true,\"valueName\":\"search_term_string\"}}],\"inLanguage\":\"fi\"},{\"@type\":\"Organization\",\"@id\":\"https:\\\/\\\/quickchannel.com\\\/fi\\\/#organization\",\"name\":\"Quickchannel\",\"url\":\"https:\\\/\\\/quickchannel.com\\\/fi\\\/\",\"logo\":{\"@type\":\"ImageObject\",\"inLanguage\":\"fi\",\"@id\":\"https:\\\/\\\/quickchannel.com\\\/fi\\\/#\\\/schema\\\/logo\\\/image\\\/\",\"url\":\"\\\/wp-content\\\/uploads\\\/2024\\\/07\\\/qc-logo-black-horisontal-no-slogan-scaled.webp\",\"contentUrl\":\"\\\/wp-content\\\/uploads\\\/2024\\\/07\\\/qc-logo-black-horisontal-no-slogan-scaled.webp\",\"width\":2560,\"height\":330,\"caption\":\"Quickchannel\"},\"image\":{\"@id\":\"https:\\\/\\\/quickchannel.com\\\/fi\\\/#\\\/schema\\\/logo\\\/image\\\/\"},\"sameAs\":[\"https:\\\/\\\/www.facebook.com\\\/61567385758463\",\"https:\\\/\\\/www.linkedin.com\\\/company\\\/quickchannel-ab\",\"https:\\\/\\\/www.youtube.com\\\/@quickchannelab\"]}]}<\/script>\n<!-- \/ Yoast SEO plugin. -->","yoast_head_json":{"title":"Korvaa useita ty\u00f6kaluja ja s\u00e4\u00e4st\u00e4 kustannuksia | Quickchannel","description":"S\u00e4\u00e4st\u00e4 aikaa ja v\u00e4henn\u00e4 kustannuksia korvaamalla useita ty\u00f6kaluja yhdell\u00e4 alustalla, varaa demo jo t\u00e4n\u00e4\u00e4n yhdelt\u00e4 videoalan ammattilaiseltamme.","robots":{"index":"index","follow":"follow","max-snippet":"max-snippet:-1","max-image-preview":"max-image-preview:large","max-video-preview":"max-video-preview:-1"},"canonical":"https:\/\/quickchannel.com\/fi\/varaa-demo\/","og_locale":"fi_FI","og_type":"article","og_title":"Korvaa useita ty\u00f6kaluja ja s\u00e4\u00e4st\u00e4 kustannuksia | Quickchannel","og_description":"S\u00e4\u00e4st\u00e4 aikaa ja v\u00e4henn\u00e4 kustannuksia korvaamalla useita ty\u00f6kaluja yhdell\u00e4 alustalla, varaa demo jo t\u00e4n\u00e4\u00e4n yhdelt\u00e4 videoalan ammattilaiseltamme.","og_url":"https:\/\/quickchannel.com\/fi\/varaa-demo\/","og_site_name":"Quickchannel","article_publisher":"https:\/\/www.facebook.com\/61567385758463","article_modified_time":"2026-03-30T09:15:53+00:00","og_image":[{"width":1024,"height":486,"url":"https:\/\/quickchannel.com\/wp-content\/uploads\/2025\/03\/Quickchannel-hero-image-1-1.webp","type":"image\/webp"}],"twitter_card":"summary_large_image","twitter_misc":{"Arvioitu lukuaika":"3 minuuttia"},"schema":{"@context":"https:\/\/schema.org","@graph":[{"@type":"WebPage","@id":"https:\/\/quickchannel.com\/fi\/varaa-demo\/","url":"https:\/\/quickchannel.com\/fi\/varaa-demo\/","name":"Korvaa useita ty\u00f6kaluja ja s\u00e4\u00e4st\u00e4 kustannuksia | Quickchannel","isPartOf":{"@id":"https:\/\/quickchannel.com\/fi\/#website"},"primaryImageOfPage":{"@id":"https:\/\/quickchannel.com\/fi\/varaa-demo\/#primaryimage"},"image":{"@id":"https:\/\/quickchannel.com\/fi\/varaa-demo\/#primaryimage"},"thumbnailUrl":"\/wp-content\/uploads\/2025\/03\/Quickchannel-hero-image-1-1.webp","datePublished":"2024-09-02T08:09:19+00:00","dateModified":"2026-03-30T09:15:53+00:00","description":"S\u00e4\u00e4st\u00e4 aikaa ja v\u00e4henn\u00e4 kustannuksia korvaamalla useita ty\u00f6kaluja yhdell\u00e4 alustalla, varaa demo jo t\u00e4n\u00e4\u00e4n yhdelt\u00e4 videoalan ammattilaiseltamme.","breadcrumb":{"@id":"https:\/\/quickchannel.com\/fi\/varaa-demo\/#breadcrumb"},"inLanguage":"fi","potentialAction":[{"@type":"ReadAction","target":["https:\/\/quickchannel.com\/fi\/varaa-demo\/"]}]},{"@type":"ImageObject","inLanguage":"fi","@id":"https:\/\/quickchannel.com\/fi\/varaa-demo\/#primaryimage","url":"\/wp-content\/uploads\/2025\/03\/Quickchannel-hero-image-1-1.webp","contentUrl":"\/wp-content\/uploads\/2025\/03\/Quickchannel-hero-image-1-1.webp","width":1024,"height":486,"caption":"Quickchannel mockup image"},{"@type":"BreadcrumbList","@id":"https:\/\/quickchannel.com\/fi\/varaa-demo\/#breadcrumb","itemListElement":[{"@type":"ListItem","position":1,"name":"Home","item":"https:\/\/quickchannel.com\/fi\/"},{"@type":"ListItem","position":2,"name":"Varaa demo"}]},{"@type":"WebSite","@id":"https:\/\/quickchannel.com\/fi\/#website","url":"https:\/\/quickchannel.com\/fi\/","name":"Quickchannel","description":"All you need for video creation, management, and sharing \u2013 whether on-demand or live \u2013 all within one end-to-end platform.","publisher":{"@id":"https:\/\/quickchannel.com\/fi\/#organization"},"alternateName":"QC","potentialAction":[{"@type":"SearchAction","target":{"@type":"EntryPoint","urlTemplate":"https:\/\/quickchannel.com\/fi\/?s={search_term_string}"},"query-input":{"@type":"PropertyValueSpecification","valueRequired":true,"valueName":"search_term_string"}}],"inLanguage":"fi"},{"@type":"Organization","@id":"https:\/\/quickchannel.com\/fi\/#organization","name":"Quickchannel","url":"https:\/\/quickchannel.com\/fi\/","logo":{"@type":"ImageObject","inLanguage":"fi","@id":"https:\/\/quickchannel.com\/fi\/#\/schema\/logo\/image\/","url":"\/wp-content\/uploads\/2024\/07\/qc-logo-black-horisontal-no-slogan-scaled.webp","contentUrl":"\/wp-content\/uploads\/2024\/07\/qc-logo-black-horisontal-no-slogan-scaled.webp","width":2560,"height":330,"caption":"Quickchannel"},"image":{"@id":"https:\/\/quickchannel.com\/fi\/#\/schema\/logo\/image\/"},"sameAs":["https:\/\/www.facebook.com\/61567385758463","https:\/\/www.linkedin.com\/company\/quickchannel-ab","https:\/\/www.youtube.com\/@quickchannelab"]}]}},"_links":{"self":[{"href":"https:\/\/quickchannel.com\/fi\/wp-json\/wp\/v2\/pages\/3141","targetHints":{"allow":["GET"]}}],"collection":[{"href":"https:\/\/quickchannel.com\/fi\/wp-json\/wp\/v2\/pages"}],"about":[{"href":"https:\/\/quickchannel.com\/fi\/wp-json\/wp\/v2\/types\/page"}],"author":[{"embeddable":true,"href":"https:\/\/quickchannel.com\/fi\/wp-json\/wp\/v2\/users\/1"}],"replies":[{"embeddable":true,"href":"https:\/\/quickchannel.com\/fi\/wp-json\/wp\/v2\/comments?post=3141"}],"version-history":[{"count":15,"href":"https:\/\/quickchannel.com\/fi\/wp-json\/wp\/v2\/pages\/3141\/revisions"}],"predecessor-version":[{"id":22957,"href":"https:\/\/quickchannel.com\/fi\/wp-json\/wp\/v2\/pages\/3141\/revisions\/22957"}],"wp:featuredmedia":[{"embeddable":true,"href":"https:\/\/quickchannel.com\/fi\/wp-json\/wp\/v2\/media\/8854"}],"wp:attachment":[{"href":"https:\/\/quickchannel.com\/fi\/wp-json\/wp\/v2\/media?parent=3141"}],"curies":[{"name":"wp","href":"https:\/\/api.w.org\/{rel}","templated":true}]}}