{"id":2052,"date":"2024-07-01T11:44:19","date_gmt":"2024-07-01T11:44:19","guid":{"rendered":"https:\/\/kristofer.quickchannel.com\/ota-yhteytta\/"},"modified":"2026-02-17T11:01:43","modified_gmt":"2026-02-17T11:01:43","slug":"ota-yhteytta","status":"publish","type":"page","link":"https:\/\/quickchannel.com\/fi\/ota-yhteytta\/","title":{"rendered":"Ota-yhteytta"},"content":{"rendered":"\n<div class=\"wp-block-cover alignfull is-light\" style=\"padding-top:180px;padding-bottom:250px\"><img loading=\"lazy\" decoding=\"async\" width=\"1440\" height=\"802\" class=\"wp-block-cover__image-background wp-image-16720 size-large\" alt=\"\" src=\"\/wp-content\/uploads\/2025\/06\/orange-lines-background.svg\" style=\"object-position:50% 100%\" data-object-fit=\"cover\" data-object-position=\"50% 100%\"\/><span aria-hidden=\"true\" class=\"wp-block-cover__background has-background-dim-0 has-background-dim\"><\/span><div class=\"wp-block-cover__inner-container is-layout-constrained wp-block-cover-is-layout-constrained\">\n<div class=\"wp-block-columns is-layout-flex wp-container-core-columns-is-layout-28f84493 wp-block-columns-is-layout-flex\">\n<div class=\"wp-block-column is-layout-flow wp-block-column-is-layout-flow\">\n<h2 class=\"wp-block-heading heading-h6 has-text-color has-link-color wp-elements-663c1744cfac1fc1aeb75231446bcb99\" style=\"color:#462004;text-transform:uppercase\"><strong>Ota yhteytt\u00e4<\/strong><\/h2>\n\n\n\n<h1 class=\"wp-block-heading heading-h1 has-text-color has-link-color wp-elements-b46634615ba300220ab6b5128f6de1e0\" style=\"color:#462004\"><strong>Yksinkertaistetaan yhdess\u00e4 ty\u00f6t\u00e4si videon avulla.<\/strong><\/h1>\n<\/div>\n\n\n\n<div class=\"wp-block-column is-layout-flow wp-block-column-is-layout-flow\">\n<div class=\"new-book-a-demo\"><div>\n<script charset=\"utf-8\" type=\"text\/javascript\" src=\"https:\/\/js-eu1.hsforms.net\/forms\/embed\/v2.js\"><\/script>\n<script>\n  hbspt.forms.create({\n    region: \"eu1\",\n    portalId: \"19712629\",\n    formId: \"fd87c40a-6201-4702-8186-259d6d7ea0f6\"\n  });\nwindow.addEventListener('hs-form-event:on-submission:success', (event) => {\n_paq.push(['trackEvent', 'Forms', 'Form submission', \"Contact submission\" ]);\n});\n<\/script>\n<\/div><\/div>\n<\/div>\n<\/div>\n<\/div><\/div>\n\n\n\n<div class=\"wp-block-group alignfull is-style-default is-layout-flow wp-block-group-is-layout-flow\">\n<div class=\"wp-block-group is-layout-constrained wp-container-core-group-is-layout-d34456cd wp-block-group-is-layout-constrained\" style=\"margin-bottom:64px\">\n<h2 class=\"wp-block-heading heading-h2 has-text-color has-link-color wp-elements-c9c2fdbce688fd47ff307799de46b46d\" style=\"color:#0a0f1a\">Ota yhteytt\u00e4 tukeen<\/h2>\n\n\n\n<p class=\"paragraph-xl has-text-color has-link-color wp-elements-90fbed1bade07a745878dd4073e9cae1\" style=\"color:#344054\">Asiakastukeemme saa yhteyden arkisin maanantaista perjantaihin klo 08.00\u201317.00 (CET)<\/p>\n<\/div>\n\n\n\n<div class=\"wp-block-group is-layout-constrained wp-block-group-is-layout-constrained\">\n<div class=\"wp-block-columns is-layout-flex wp-container-core-columns-is-layout-c0198eba wp-block-columns-is-layout-flex\">\n<div class=\"wp-block-column has-background is-layout-flow wp-block-column-is-layout-flow\" style=\"border-radius:24px;background-color:#fdebdb;padding-top:32px;padding-right:32px;padding-bottom:32px;padding-left:32px\">\n<p class=\"paragraph-xl\">Puhelimitse numerosta:<\/p>\n\n\n\n<p class=\"heading-h4 has-text-color has-link-color wp-elements-02bd69020459a5ae2ba69f2abf216c5f\" style=\"color:#462004;text-decoration:underline\"><strong><a href=\"tel:+46 8 326 547\">+46 8 326 547<\/a><\/strong><\/p>\n<\/div>\n\n\n\n<div class=\"wp-block-column has-background is-layout-flow wp-block-column-is-layout-flow\" style=\"border-radius:24px;background-color:#fdebdb;padding-top:32px;padding-right:32px;padding-bottom:32px;padding-left:32px\">\n<p class=\"paragraph-xl\">&nbsp;Tai s\u00e4hk\u00f6postitse:<\/p>\n\n\n\n<p class=\"heading-h4 has-text-color has-link-color wp-elements-438de64640ae7fd921db4943b6bbeb93\" style=\"color:#462004;text-decoration:underline\"><strong><a href=\"mailto:support@quickchannel.com\">support@quickchannel.com<\/a><\/strong><\/p>\n<\/div>\n\n\n\n<div class=\"wp-block-column has-background is-layout-flow wp-block-column-is-layout-flow\" style=\"border-radius:24px;background-color:#fdebdb;padding-top:32px;padding-right:32px;padding-bottom:32px;padding-left:32px\">\n<p class=\"paragraph-xl\">Muut pyynn\u00f6t (vastaamme 1\u20132 p\u00e4iv\u00e4n kuluessa):<\/p>\n\n\n\n<p class=\"heading-h4 has-text-color has-link-color wp-elements-b21b9dee4af517f8b93545520c678a2b\" style=\"color:#462004;text-decoration:underline\"><strong><a href=\"mailto:info@quickchannel.com\">info@quickchannel.com<\/a><\/strong><\/p>\n<\/div>\n<\/div>\n<\/div>\n<\/div>\n\n\n\n<div class=\"wp-block-group alignfull is-layout-constrained wp-block-group-is-layout-constrained\" style=\"margin-bottom:0px;padding-bottom:0px\">\n<h2 class=\"wp-block-heading has-text-align-center heading-h2\" style=\"margin-top:0;margin-bottom:var(--wp--preset--spacing--60)\">Toimistomme<\/h2>\n\n\n\n<div class=\"wp-block-columns is-layout-flex wp-container-core-columns-is-layout-c0198eba wp-block-columns-is-layout-flex\">\n<div class=\"wp-block-column is-layout-flow wp-block-column-is-layout-flow\">\n<div class=\"wp-block-cover has-aspect-ratio\" style=\"border-top-left-radius:24px;border-top-right-radius:24px;border-bottom-left-radius:24px;border-bottom-right-radius:24px;aspect-ratio:4\/3;min-height:unset;\"><img loading=\"lazy\" decoding=\"async\" width=\"1024\" height=\"678\" class=\"wp-block-cover__image-background wp-image-22392 size-large\" alt=\"Stockholm City\" src=\"\/wp-content\/uploads\/2026\/02\/stockholm-1024x678.jpg\" data-object-fit=\"cover\" srcset=\"\/wp-content\/uploads\/2026\/02\/stockholm-1024x678.jpg 1024w, \/wp-content\/uploads\/2026\/02\/stockholm-300x199.jpg 300w, \/wp-content\/uploads\/2026\/02\/stockholm-768x509.jpg 768w, \/wp-content\/uploads\/2026\/02\/stockholm-1536x1018.jpg 1536w, \/wp-content\/uploads\/2026\/02\/stockholm.jpg 1920w\" sizes=\"auto, (max-width: 1024px) 100vw, 1024px\" \/><span aria-hidden=\"true\" class=\"wp-block-cover__background has-background-dim-0 has-background-dim\"><\/span><div class=\"wp-block-cover__inner-container is-layout-constrained wp-block-cover-is-layout-constrained\">\n<p class=\"has-text-align-center has-large-font-size\"><\/p>\n<\/div><\/div>\n\n\n\n<h2 class=\"wp-block-heading heading-h3 has-text-color has-link-color wp-elements-0f9bb421e78caecf49bf5c923964dba1\" style=\"color:#0a0f1a;margin-top:var(--wp--preset--spacing--40);margin-bottom:0;padding-top:0;padding-bottom:0\">Sweden<\/h2>\n\n\n\n<h3 class=\"wp-block-heading heading-h5 has-text-color has-link-color wp-elements-4097bf28cdd585e0d58bc8ac4777f1e5\" style=\"color:#0a0f1a;margin-top:var(--wp--preset--spacing--20);margin-bottom:var(--wp--preset--spacing--30);padding-top:0;padding-bottom:0\">Stockholm<\/h3>\n\n\n\n<p class=\"paragraph-lg has-text-color has-link-color wp-elements-aea06994c49aff8652c61ccf05f1dbbb\" style=\"color:#151919;margin-top:var(--wp--preset--spacing--20);margin-bottom:var(--wp--preset--spacing--20);padding-top:0;padding-bottom:0\">Quickchannel AB<br>Reg.no.&nbsp;556528-6423<br>Address: S\u00f6der M\u00e4larstrand 65,<br>118 25 Stockholm<\/p>\n<\/div>\n\n\n\n<div class=\"wp-block-column is-layout-flow wp-block-column-is-layout-flow\">\n<div class=\"wp-block-cover is-light has-aspect-ratio\" style=\"border-top-left-radius:24px;border-top-right-radius:24px;border-bottom-left-radius:24px;border-bottom-right-radius:24px;aspect-ratio:4\/3;min-height:unset;\"><img loading=\"lazy\" decoding=\"async\" width=\"1024\" height=\"683\" class=\"wp-block-cover__image-background wp-image-22386 size-large\" alt=\"Helsinki City\" src=\"\/wp-content\/uploads\/2026\/02\/helsinki-1024x683.jpg\" data-object-fit=\"cover\" srcset=\"\/wp-content\/uploads\/2026\/02\/helsinki-1024x683.jpg 1024w, \/wp-content\/uploads\/2026\/02\/helsinki-300x200.jpg 300w, \/wp-content\/uploads\/2026\/02\/helsinki-768x512.jpg 768w, \/wp-content\/uploads\/2026\/02\/helsinki-1536x1024.jpg 1536w, \/wp-content\/uploads\/2026\/02\/helsinki.jpg 1920w\" sizes=\"auto, (max-width: 1024px) 100vw, 1024px\" \/><span aria-hidden=\"true\" class=\"wp-block-cover__background has-background-dim-0 has-background-dim\"><\/span><div class=\"wp-block-cover__inner-container is-layout-constrained wp-block-cover-is-layout-constrained\">\n<p class=\"has-text-align-center has-large-font-size\"><\/p>\n<\/div><\/div>\n\n\n\n<h2 class=\"wp-block-heading heading-h3 has-text-color has-link-color wp-elements-cf109c00d4ea71af7bec506e5f8739b7\" style=\"color:#0a0f1a;margin-top:var(--wp--preset--spacing--40);margin-bottom:0;padding-top:0;padding-bottom:0\">Finland<\/h2>\n\n\n\n<h3 class=\"wp-block-heading heading-h5 has-text-color has-link-color wp-elements-6740007d99ea021e49b17f6f1dce8e41\" style=\"color:#0a0f1a;margin-top:var(--wp--preset--spacing--20);margin-bottom:var(--wp--preset--spacing--30);padding-top:0;padding-bottom:0\">Helsinki<\/h3>\n\n\n\n<p class=\"paragraph-lg has-text-color has-link-color wp-elements-dfedf556ee533a131903c0231b5f0c7b\" style=\"color:#151919;margin-top:var(--wp--preset--spacing--20);margin-bottom:var(--wp--preset--spacing--20);padding-top:0;padding-bottom:0\">Quickchannel Oy<br>Address: Mannerheiminaukio 1A <br>00100 Helsinki<\/p>\n<\/div>\n\n\n\n<div class=\"wp-block-column is-layout-flow wp-block-column-is-layout-flow\">\n<div class=\"wp-block-cover is-light has-aspect-ratio\" style=\"border-top-left-radius:24px;border-top-right-radius:24px;border-bottom-left-radius:24px;border-bottom-right-radius:24px;aspect-ratio:4\/3;min-height:unset;\"><img loading=\"lazy\" decoding=\"async\" width=\"1024\" height=\"768\" class=\"wp-block-cover__image-background wp-image-22389 size-large\" alt=\"Cracow City\" src=\"\/wp-content\/uploads\/2026\/02\/cracow-1024x768.jpg\" data-object-fit=\"cover\" srcset=\"\/wp-content\/uploads\/2026\/02\/cracow-1024x768.jpg 1024w, \/wp-content\/uploads\/2026\/02\/cracow-300x225.jpg 300w, \/wp-content\/uploads\/2026\/02\/cracow-768x576.jpg 768w, \/wp-content\/uploads\/2026\/02\/cracow-1536x1152.jpg 1536w, \/wp-content\/uploads\/2026\/02\/cracow.jpg 1920w\" sizes=\"auto, (max-width: 1024px) 100vw, 1024px\" \/><span aria-hidden=\"true\" class=\"wp-block-cover__background has-background-dim-0 has-background-dim\"><\/span><div class=\"wp-block-cover__inner-container is-layout-constrained wp-block-cover-is-layout-constrained\">\n<p class=\"has-text-align-center has-large-font-size\"><\/p>\n<\/div><\/div>\n\n\n\n<h2 class=\"wp-block-heading heading-h3 has-text-color has-link-color wp-elements-2c34e94b3a550a36cdea521827eb1582\" style=\"color:#0a0f1a;margin-top:var(--wp--preset--spacing--40);margin-bottom:0;padding-top:0;padding-bottom:0\">Poland<\/h2>\n\n\n\n<h3 class=\"wp-block-heading heading-h5 has-text-color has-link-color wp-elements-c93cb1c1c19cd85bd4a69ec0b6df623b\" style=\"color:#0a0f1a;margin-top:var(--wp--preset--spacing--20);margin-bottom:var(--wp--preset--spacing--30);padding-top:0;padding-bottom:0\">Cracow<\/h3>\n\n\n\n<p class=\"paragraph-lg has-text-color has-link-color wp-elements-700e4294fc10c6c6ce31e2487a12bd18\" style=\"color:#151919;margin-top:var(--wp--preset--spacing--20);margin-bottom:var(--wp--preset--spacing--20);padding-top:0;padding-bottom:0\">Quickchannel Sp. z o.o.<br>Address: Wadowicka 6,<br>30-415 Cracow<\/p>\n<\/div>\n<\/div>\n<\/div>\n\n\n\n<div style=\"height:100px\" aria-hidden=\"true\" class=\"wp-block-spacer\"><\/div>\n\n\n\n<div class=\"wp-block-cover alignfull\" style=\"margin-top:0;margin-bottom:0;padding-top:248px;padding-bottom:128px\" id=\"form\"><img loading=\"lazy\" decoding=\"async\" width=\"1440\" height=\"983\" class=\"wp-block-cover__image-background wp-image-16492 size-large\" alt=\"\" src=\"\/wp-content\/uploads\/2025\/05\/form-background.svg\" style=\"object-position:50% 0%\" data-object-fit=\"cover\" data-object-position=\"50% 0%\"\/><span aria-hidden=\"true\" class=\"wp-block-cover__background has-background-dim-0 has-background-dim\"><\/span><div class=\"wp-block-cover__inner-container is-layout-constrained wp-block-cover-is-layout-constrained\">\n<div class=\"wp-block-columns are-vertically-aligned-top is-layout-flex wp-container-core-columns-is-layout-28f84493 wp-block-columns-is-layout-flex\">\n<div class=\"wp-block-column is-vertically-aligned-top is-layout-flow wp-block-column-is-layout-flow\">\n<h2 class=\"wp-block-heading has-ast-global-color-5-color has-text-color has-link-color wp-elements-def93fba32b29e690af989038bab0ddf\" style=\"font-size:56px;line-height:1.2\"><strong>Valmis n\u00e4kem\u00e4\u00e4n Quickchannelin toiminnassa?&nbsp;<\/strong><\/h2>\n<\/div>\n\n\n\n<div class=\"wp-block-column is-vertically-aligned-top is-layout-flow wp-block-column-is-layout-flow\">\n<div class=\"new-book-a-demo\"><script src=\"https:\/\/js-eu1.hsforms.net\/forms\/embed\/developer\/19712629.js\" async defer><\/script>\n<script>\ndocument.addEventListener('DOMContentLoaded', ()=> {\nwindow.addEventListener('hs-form-event:on-submission:success', (event) => {\n_paq.push(['trackEvent', 'Forms', 'Form submission', \"Demo submission\" ]);\n});});\n<\/script>\n<div class=\"hs-form-html\" data-region=\"eu1\" data-form-id=\"1473c0a8-6394-4424-82f2-58b6c9ecc29d\" data-portal-id=\"19712629\"><\/div><\/div>\n<\/div>\n<\/div>\n<\/div><\/div>\n","protected":false},"excerpt":{"rendered":"<p>Ota yhteytt\u00e4 tukeen Asiakastukeemme saa yhteyden arkisin maanantaista perjantaihin klo 08.00\u201317.00 (CET) Puhelimitse numerosta: +46 8 326 547 &nbsp;Tai s\u00e4hk\u00f6postitse: [&hellip;]<\/p>\n","protected":false},"author":1,"featured_media":564,"parent":0,"menu_order":0,"comment_status":"closed","ping_status":"closed","template":"","meta":{"_acf_changed":false,"site-sidebar-layout":"default","site-content-layout":"","ast-site-content-layout":"default","site-content-style":"default","site-sidebar-style":"default","ast-global-header-display":"","ast-banner-title-visibility":"","ast-main-header-display":"","ast-hfb-above-header-display":"","ast-hfb-below-header-display":"","ast-hfb-mobile-header-display":"","site-post-title":"disabled","ast-breadcrumbs-content":"","ast-featured-img":"disabled","footer-sml-layout":"","theme-transparent-header-meta":"","adv-header-id-meta":"","stick-header-meta":"","header-above-stick-meta":"","header-main-stick-meta":"","header-below-stick-meta":"","astra-migrate-meta-layouts":"default","ast-page-background-enabled":"default","ast-page-background-meta":{"desktop":{"background-color":"var(--ast-global-color-5)","background-image":"","background-repeat":"repeat","background-position":"center center","background-size":"auto","background-attachment":"scroll","background-type":"","background-media":"","overlay-type":"","overlay-color":"","overlay-opacity":"","overlay-gradient":""},"tablet":{"background-color":"","background-image":"","background-repeat":"repeat","background-position":"center center","background-size":"auto","background-attachment":"scroll","background-type":"","background-media":"","overlay-type":"","overlay-color":"","overlay-opacity":"","overlay-gradient":""},"mobile":{"background-color":"","background-image":"","background-repeat":"repeat","background-position":"center center","background-size":"auto","background-attachment":"scroll","background-type":"","background-media":"","overlay-type":"","overlay-color":"","overlay-opacity":"","overlay-gradient":""}},"ast-content-background-meta":{"desktop":{"background-color":"var(--ast-global-color-4)","background-image":"","background-repeat":"repeat","background-position":"center center","background-size":"auto","background-attachment":"scroll","background-type":"","background-media":"","overlay-type":"","overlay-color":"","overlay-opacity":"","overlay-gradient":""},"tablet":{"background-color":"var(--ast-global-color-4)","background-image":"","background-repeat":"repeat","background-position":"center center","background-size":"auto","background-attachment":"scroll","background-type":"","background-media":"","overlay-type":"","overlay-color":"","overlay-opacity":"","overlay-gradient":""},"mobile":{"background-color":"var(--ast-global-color-4)","background-image":"","background-repeat":"repeat","background-position":"center center","background-size":"auto","background-attachment":"scroll","background-type":"","background-media":"","overlay-type":"","overlay-color":"","overlay-opacity":"","overlay-gradient":""}},"footnotes":""},"class_list":["post-2052","page","type-page","status-publish","has-post-thumbnail","hentry"],"acf":[],"yoast_head":"<!-- This site is optimized with the Yoast SEO plugin v27.3 - https:\/\/yoast.com\/product\/yoast-seo-wordpress\/ -->\n<title>Contact us | Quickchannel<\/title>\n<meta name=\"description\" content=\"\u00c4l\u00e4 ole vieras - ota yhteytt\u00e4 puhelimitse tai s\u00e4hk\u00f6postitse.\" \/>\n<meta name=\"robots\" content=\"index, follow, max-snippet:-1, max-image-preview:large, max-video-preview:-1\" \/>\n<link rel=\"canonical\" href=\"https:\/\/quickchannel.com\/fi\/ota-yhteytta\/\" \/>\n<meta property=\"og:locale\" content=\"fi_FI\" \/>\n<meta property=\"og:type\" content=\"article\" \/>\n<meta property=\"og:title\" content=\"Contact us | Quickchannel\" \/>\n<meta property=\"og:description\" content=\"\u00c4l\u00e4 ole vieras - ota yhteytt\u00e4 puhelimitse tai s\u00e4hk\u00f6postitse.\" \/>\n<meta property=\"og:url\" content=\"https:\/\/quickchannel.com\/fi\/ota-yhteytta\/\" \/>\n<meta property=\"og:site_name\" content=\"Quickchannel\" \/>\n<meta property=\"article:publisher\" content=\"https:\/\/www.facebook.com\/61567385758463\" \/>\n<meta property=\"article:modified_time\" content=\"2026-02-17T11:01:43+00:00\" \/>\n<meta property=\"og:image\" content=\"https:\/\/quickchannel.com\/wp-content\/uploads\/2024\/07\/webinar-960.png\" \/>\n\t<meta property=\"og:image:width\" content=\"960\" \/>\n\t<meta property=\"og:image:height\" content=\"640\" \/>\n\t<meta property=\"og:image:type\" content=\"image\/png\" \/>\n<meta name=\"twitter:card\" content=\"summary_large_image\" \/>\n<meta name=\"twitter:label1\" content=\"Arvioitu lukuaika\" \/>\n\t<meta name=\"twitter:data1\" content=\"2 minuuttia\" \/>\n<script type=\"application\/ld+json\" class=\"yoast-schema-graph\">{\"@context\":\"https:\\\/\\\/schema.org\",\"@graph\":[{\"@type\":\"WebPage\",\"@id\":\"https:\\\/\\\/quickchannel.com\\\/fi\\\/ota-yhteytta\\\/\",\"url\":\"https:\\\/\\\/quickchannel.com\\\/fi\\\/ota-yhteytta\\\/\",\"name\":\"Contact us | Quickchannel\",\"isPartOf\":{\"@id\":\"https:\\\/\\\/quickchannel.com\\\/fi\\\/#website\"},\"primaryImageOfPage\":{\"@id\":\"https:\\\/\\\/quickchannel.com\\\/fi\\\/ota-yhteytta\\\/#primaryimage\"},\"image\":{\"@id\":\"https:\\\/\\\/quickchannel.com\\\/fi\\\/ota-yhteytta\\\/#primaryimage\"},\"thumbnailUrl\":\"\\\/wp-content\\\/uploads\\\/2024\\\/07\\\/webinar-960.png\",\"datePublished\":\"2024-07-01T11:44:19+00:00\",\"dateModified\":\"2026-02-17T11:01:43+00:00\",\"description\":\"\u00c4l\u00e4 ole vieras - ota yhteytt\u00e4 puhelimitse tai s\u00e4hk\u00f6postitse.\",\"breadcrumb\":{\"@id\":\"https:\\\/\\\/quickchannel.com\\\/fi\\\/ota-yhteytta\\\/#breadcrumb\"},\"inLanguage\":\"fi\",\"potentialAction\":[{\"@type\":\"ReadAction\",\"target\":[\"https:\\\/\\\/quickchannel.com\\\/fi\\\/ota-yhteytta\\\/\"]}]},{\"@type\":\"ImageObject\",\"inLanguage\":\"fi\",\"@id\":\"https:\\\/\\\/quickchannel.com\\\/fi\\\/ota-yhteytta\\\/#primaryimage\",\"url\":\"\\\/wp-content\\\/uploads\\\/2024\\\/07\\\/webinar-960.png\",\"contentUrl\":\"\\\/wp-content\\\/uploads\\\/2024\\\/07\\\/webinar-960.png\",\"width\":960,\"height\":640,\"caption\":\"Webinar-quickchanel-ui\"},{\"@type\":\"BreadcrumbList\",\"@id\":\"https:\\\/\\\/quickchannel.com\\\/fi\\\/ota-yhteytta\\\/#breadcrumb\",\"itemListElement\":[{\"@type\":\"ListItem\",\"position\":1,\"name\":\"Home\",\"item\":\"https:\\\/\\\/quickchannel.com\\\/fi\\\/\"},{\"@type\":\"ListItem\",\"position\":2,\"name\":\"Ota-yhteytta\"}]},{\"@type\":\"WebSite\",\"@id\":\"https:\\\/\\\/quickchannel.com\\\/fi\\\/#website\",\"url\":\"https:\\\/\\\/quickchannel.com\\\/fi\\\/\",\"name\":\"Quickchannel\",\"description\":\"All you need for video creation, management, and sharing \u2013 whether on-demand or live \u2013 all within one end-to-end platform.\",\"publisher\":{\"@id\":\"https:\\\/\\\/quickchannel.com\\\/fi\\\/#organization\"},\"alternateName\":\"QC\",\"potentialAction\":[{\"@type\":\"SearchAction\",\"target\":{\"@type\":\"EntryPoint\",\"urlTemplate\":\"https:\\\/\\\/quickchannel.com\\\/fi\\\/?s={search_term_string}\"},\"query-input\":{\"@type\":\"PropertyValueSpecification\",\"valueRequired\":true,\"valueName\":\"search_term_string\"}}],\"inLanguage\":\"fi\"},{\"@type\":\"Organization\",\"@id\":\"https:\\\/\\\/quickchannel.com\\\/fi\\\/#organization\",\"name\":\"Quickchannel\",\"url\":\"https:\\\/\\\/quickchannel.com\\\/fi\\\/\",\"logo\":{\"@type\":\"ImageObject\",\"inLanguage\":\"fi\",\"@id\":\"https:\\\/\\\/quickchannel.com\\\/fi\\\/#\\\/schema\\\/logo\\\/image\\\/\",\"url\":\"\\\/wp-content\\\/uploads\\\/2024\\\/07\\\/qc-logo-black-horisontal-no-slogan-scaled.webp\",\"contentUrl\":\"\\\/wp-content\\\/uploads\\\/2024\\\/07\\\/qc-logo-black-horisontal-no-slogan-scaled.webp\",\"width\":2560,\"height\":330,\"caption\":\"Quickchannel\"},\"image\":{\"@id\":\"https:\\\/\\\/quickchannel.com\\\/fi\\\/#\\\/schema\\\/logo\\\/image\\\/\"},\"sameAs\":[\"https:\\\/\\\/www.facebook.com\\\/61567385758463\",\"https:\\\/\\\/www.linkedin.com\\\/company\\\/quickchannel-ab\",\"https:\\\/\\\/www.youtube.com\\\/@quickchannelab\"]}]}<\/script>\n<!-- \/ Yoast SEO plugin. -->","yoast_head_json":{"title":"Contact us | Quickchannel","description":"\u00c4l\u00e4 ole vieras - ota yhteytt\u00e4 puhelimitse tai s\u00e4hk\u00f6postitse.","robots":{"index":"index","follow":"follow","max-snippet":"max-snippet:-1","max-image-preview":"max-image-preview:large","max-video-preview":"max-video-preview:-1"},"canonical":"https:\/\/quickchannel.com\/fi\/ota-yhteytta\/","og_locale":"fi_FI","og_type":"article","og_title":"Contact us | Quickchannel","og_description":"\u00c4l\u00e4 ole vieras - ota yhteytt\u00e4 puhelimitse tai s\u00e4hk\u00f6postitse.","og_url":"https:\/\/quickchannel.com\/fi\/ota-yhteytta\/","og_site_name":"Quickchannel","article_publisher":"https:\/\/www.facebook.com\/61567385758463","article_modified_time":"2026-02-17T11:01:43+00:00","og_image":[{"width":960,"height":640,"url":"https:\/\/quickchannel.com\/wp-content\/uploads\/2024\/07\/webinar-960.png","type":"image\/png"}],"twitter_card":"summary_large_image","twitter_misc":{"Arvioitu lukuaika":"2 minuuttia"},"schema":{"@context":"https:\/\/schema.org","@graph":[{"@type":"WebPage","@id":"https:\/\/quickchannel.com\/fi\/ota-yhteytta\/","url":"https:\/\/quickchannel.com\/fi\/ota-yhteytta\/","name":"Contact us | Quickchannel","isPartOf":{"@id":"https:\/\/quickchannel.com\/fi\/#website"},"primaryImageOfPage":{"@id":"https:\/\/quickchannel.com\/fi\/ota-yhteytta\/#primaryimage"},"image":{"@id":"https:\/\/quickchannel.com\/fi\/ota-yhteytta\/#primaryimage"},"thumbnailUrl":"\/wp-content\/uploads\/2024\/07\/webinar-960.png","datePublished":"2024-07-01T11:44:19+00:00","dateModified":"2026-02-17T11:01:43+00:00","description":"\u00c4l\u00e4 ole vieras - ota yhteytt\u00e4 puhelimitse tai s\u00e4hk\u00f6postitse.","breadcrumb":{"@id":"https:\/\/quickchannel.com\/fi\/ota-yhteytta\/#breadcrumb"},"inLanguage":"fi","potentialAction":[{"@type":"ReadAction","target":["https:\/\/quickchannel.com\/fi\/ota-yhteytta\/"]}]},{"@type":"ImageObject","inLanguage":"fi","@id":"https:\/\/quickchannel.com\/fi\/ota-yhteytta\/#primaryimage","url":"\/wp-content\/uploads\/2024\/07\/webinar-960.png","contentUrl":"\/wp-content\/uploads\/2024\/07\/webinar-960.png","width":960,"height":640,"caption":"Webinar-quickchanel-ui"},{"@type":"BreadcrumbList","@id":"https:\/\/quickchannel.com\/fi\/ota-yhteytta\/#breadcrumb","itemListElement":[{"@type":"ListItem","position":1,"name":"Home","item":"https:\/\/quickchannel.com\/fi\/"},{"@type":"ListItem","position":2,"name":"Ota-yhteytta"}]},{"@type":"WebSite","@id":"https:\/\/quickchannel.com\/fi\/#website","url":"https:\/\/quickchannel.com\/fi\/","name":"Quickchannel","description":"All you need for video creation, management, and sharing \u2013 whether on-demand or live \u2013 all within one end-to-end platform.","publisher":{"@id":"https:\/\/quickchannel.com\/fi\/#organization"},"alternateName":"QC","potentialAction":[{"@type":"SearchAction","target":{"@type":"EntryPoint","urlTemplate":"https:\/\/quickchannel.com\/fi\/?s={search_term_string}"},"query-input":{"@type":"PropertyValueSpecification","valueRequired":true,"valueName":"search_term_string"}}],"inLanguage":"fi"},{"@type":"Organization","@id":"https:\/\/quickchannel.com\/fi\/#organization","name":"Quickchannel","url":"https:\/\/quickchannel.com\/fi\/","logo":{"@type":"ImageObject","inLanguage":"fi","@id":"https:\/\/quickchannel.com\/fi\/#\/schema\/logo\/image\/","url":"\/wp-content\/uploads\/2024\/07\/qc-logo-black-horisontal-no-slogan-scaled.webp","contentUrl":"\/wp-content\/uploads\/2024\/07\/qc-logo-black-horisontal-no-slogan-scaled.webp","width":2560,"height":330,"caption":"Quickchannel"},"image":{"@id":"https:\/\/quickchannel.com\/fi\/#\/schema\/logo\/image\/"},"sameAs":["https:\/\/www.facebook.com\/61567385758463","https:\/\/www.linkedin.com\/company\/quickchannel-ab","https:\/\/www.youtube.com\/@quickchannelab"]}]}},"_links":{"self":[{"href":"https:\/\/quickchannel.com\/fi\/wp-json\/wp\/v2\/pages\/2052","targetHints":{"allow":["GET"]}}],"collection":[{"href":"https:\/\/quickchannel.com\/fi\/wp-json\/wp\/v2\/pages"}],"about":[{"href":"https:\/\/quickchannel.com\/fi\/wp-json\/wp\/v2\/types\/page"}],"author":[{"embeddable":true,"href":"https:\/\/quickchannel.com\/fi\/wp-json\/wp\/v2\/users\/1"}],"replies":[{"embeddable":true,"href":"https:\/\/quickchannel.com\/fi\/wp-json\/wp\/v2\/comments?post=2052"}],"version-history":[{"count":19,"href":"https:\/\/quickchannel.com\/fi\/wp-json\/wp\/v2\/pages\/2052\/revisions"}],"predecessor-version":[{"id":22400,"href":"https:\/\/quickchannel.com\/fi\/wp-json\/wp\/v2\/pages\/2052\/revisions\/22400"}],"wp:featuredmedia":[{"embeddable":true,"href":"https:\/\/quickchannel.com\/fi\/wp-json\/wp\/v2\/media\/564"}],"wp:attachment":[{"href":"https:\/\/quickchannel.com\/fi\/wp-json\/wp\/v2\/media?parent=2052"}],"curies":[{"name":"wp","href":"https:\/\/api.w.org\/{rel}","templated":true}]}}