{"id":19694,"date":"2025-10-31T12:59:10","date_gmt":"2025-10-31T12:59:10","guid":{"rendered":"https:\/\/quickchannel.com\/?page_id=19694"},"modified":"2025-10-31T14:12:19","modified_gmt":"2025-10-31T14:12:19","slug":"video-talks-network","status":"publish","type":"page","link":"https:\/\/quickchannel.com\/fi\/video-talks-network\/","title":{"rendered":"Video Talks Network"},"content":{"rendered":"\n<div class=\"wp-block-cover alignfull is-light\" style=\"padding-top:180px;padding-bottom:250px\"><img loading=\"lazy\" decoding=\"async\" width=\"1440\" height=\"802\" class=\"wp-block-cover__image-background wp-image-16720 size-large\" alt=\"\" src=\"\/wp-content\/uploads\/2025\/06\/orange-lines-background.svg\" style=\"object-position:50% 100%\" data-object-fit=\"cover\" data-object-position=\"50% 100%\"\/><span aria-hidden=\"true\" class=\"wp-block-cover__background has-background-dim-0 has-background-dim\"><\/span><div class=\"wp-block-cover__inner-container is-layout-constrained wp-block-cover-is-layout-constrained\">\n<div class=\"wp-block-columns is-layout-flex wp-container-core-columns-is-layout-28f84493 wp-block-columns-is-layout-flex\">\n<div class=\"wp-block-column is-layout-flow wp-block-column-is-layout-flow\">\n<h2 class=\"wp-block-heading heading-h6 has-text-color has-link-color wp-elements-58a10edb7be335c19b9cb1e460e648fa\" style=\"color:#462004;text-transform:uppercase\"><strong>Video Talks Network<\/strong><\/h2>\n\n\n\n<h2 class=\"wp-block-heading heading-h1 has-text-color has-link-color wp-elements-dfe06c4c08e93810a941072d50c595f9\" style=\"color:#462004\"><strong>Apply to join the Video Talks Network<\/strong><\/h2>\n\n\n\n<p>Would you like to be a part of the Video Talks Network&nbsp;to discuss the biggest challenges and opportunities in video communication today?<\/p>\n\n\n\n<p><strong>We are now looking for:<\/strong><\/p>\n\n\n\n<ul class=\"wp-block-list\">\n<li class=\"has-ast-global-color-1-color has-text-color has-link-color wp-elements-568bcfcc6d070ebaa3ca432e5beade0f\"><strong>10 Communication Leaders<\/strong><\/li>\n\n\n\n<li class=\"has-ast-global-color-1-color has-text-color has-link-color wp-elements-fe16570ecaa27fac533e050c00d41f82\"><strong>10 Marketing Leaders<\/strong><\/li>\n\n\n\n<li class=\"has-ast-global-color-1-color has-text-color has-link-color wp-elements-72c27abf662ec855c3ee473763c34641\"><strong>10 Video Producers<\/strong><\/li>\n<\/ul>\n\n\n\n<p>who want to share experiences, exchange ideas, and be part of shaping the future of video together with us at\u00a0<strong>Video Summit<\/strong>.<br><br>If this sounds like you let\u2019s make it happen together!<br><br><strong>How the process works<br><\/strong>1. Simply fill out the form. 2. We&#8217;ll review your application 3. We&#8217;ll get back to you with more details.<\/p>\n<\/div>\n\n\n\n<div class=\"wp-block-column is-layout-flow wp-block-column-is-layout-flow\">\n<div class=\"new-book-a-demo\"><script src=\"https:\/\/js-eu1.hsforms.net\/forms\/embed\/developer\/19712629.js\" defer><\/script>\n<script>\nwindow.addEventListener('hs-form-event:on-submission:success', (event) => {\n_paq.push(['trackEvent', 'Forms', 'Form submission', \"Demo submission\" ]);\n});\n<\/script>\n<div class=\"hs-form-html\" data-region=\"eu1\" data-form-id=\"3f584ba2-a071-42c3-b900-6646ecc8c7ac\" data-portal-id=\"19712629\"><\/div><\/div>\n<\/div>\n<\/div>\n<\/div><\/div>\n\n\n\n<div class=\"wp-block-group alignfull is-layout-constrained wp-block-group-is-layout-constrained\"><div class=\"qc-logotypes alignfull\"><h2 class=\"heading-h4\">300+ asiakkaan luottama Pohjoismaissa<\/h2><div class=\"swiper logotyper__slider\"><div class=\"swiper-wrapper\"><div class=\"swiper-slide\"><img decoding=\"async\" src=\"\/wp-content\/uploads\/2024\/07\/malmo-universitet-logo.webp\" alt=\"\"><\/div><div class=\"swiper-slide\"><img decoding=\"async\" src=\"\/wp-content\/uploads\/2024\/11\/Saab_black-removebg-preview-1-w.png\" alt=\"SAAB white logotype\"><\/div><div class=\"swiper-slide\"><img decoding=\"async\" src=\"\/wp-content\/uploads\/2024\/11\/skanskalogo-w.webp\" alt=\"\"><\/div><div class=\"swiper-slide\"><img decoding=\"async\" src=\"\/wp-content\/uploads\/2024\/11\/wiersholm-logo-w.webp\" alt=\"wiersholm-logo\"><\/div><div class=\"swiper-slide\"><img decoding=\"async\" src=\"\/wp-content\/uploads\/2024\/11\/rrbetsformedlingen-logo-w.webp\" alt=\"\"><\/div><div class=\"swiper-slide\"><img decoding=\"async\" src=\"\/wp-content\/uploads\/2025\/01\/kavlinge-kommunlogotyp-edited-1.png\" alt=\"\"><\/div><div class=\"swiper-slide\"><img decoding=\"async\" src=\"\/wp-content\/uploads\/2025\/01\/logo_region_jonkopings_lan_linkedin-edited-1.png\" alt=\"Region J\u00f6nk\u00f6pingsl\u00e4n logotyp\"><\/div><div class=\"swiper-slide\"><img decoding=\"async\" src=\"\/wp-content\/uploads\/2025\/01\/logotyp-farg-vansterstalld.webp\" alt=\"\"><\/div><div class=\"swiper-slide\"><img decoding=\"async\" src=\"\/wp-content\/uploads\/2025\/05\/marks-kommun-1.png\" alt=\"\"><\/div><div class=\"swiper-slide\"><img decoding=\"async\" src=\"\/wp-content\/uploads\/2025\/05\/bazelmans-logo.png\" alt=\"bazelmans-logo\"><\/div><div class=\"swiper-slide\"><img decoding=\"async\" src=\"\/wp-content\/uploads\/2025\/06\/vastra-Gotalandsregionen-logotyp.png\" alt=\"va\u0308stra Go\u0308talandsregionen logotyp\"><\/div><div class=\"swiper-slide\"><img decoding=\"async\" src=\"\/wp-content\/uploads\/2025\/06\/sundsvalls-kommun-logotyp.png\" alt=\"sundsvalls kommun logotyp\"><\/div><div class=\"swiper-slide\"><img decoding=\"async\" src=\"\/wp-content\/uploads\/2025\/06\/linkoping-rgb-removebg-preview.png\" alt=\"Link\u00f6pings kommun logotyp\"><\/div><div class=\"swiper-slide\"><img decoding=\"async\" src=\"\/wp-content\/uploads\/2025\/06\/dnb-black-logo-1.png\" alt=\"\"><\/div><div class=\"swiper-slide\"><img decoding=\"async\" src=\"\/wp-content\/uploads\/2025\/06\/storebrand-1.png\" alt=\"\"><\/div><div class=\"swiper-slide\"><img decoding=\"async\" src=\"\/wp-content\/uploads\/2025\/09\/skistar-logo-2.png\" alt=\"\"><\/div><\/div><\/div><\/div><\/div>\n\n\n\n<div class=\"wp-block-cover alignfull is-light is-overflow-visible\" style=\"padding-top:10rem;padding-bottom:10rem\"><img loading=\"lazy\" decoding=\"async\" width=\"1440\" height=\"766\" class=\"wp-block-cover__image-background wp-image-16619 size-large\" alt=\"\" src=\"\/wp-content\/uploads\/2025\/06\/gray-waves.svg\" style=\"object-position:50% 20%\" data-object-fit=\"cover\" data-object-position=\"50% 20%\"\/><span aria-hidden=\"true\" class=\"wp-block-cover__background has-background-dim-0 has-background-dim\"><\/span><div class=\"wp-block-cover__inner-container is-layout-constrained wp-block-cover-is-layout-constrained\">\n<div class=\"wp-block-columns is-layout-flex wp-container-core-columns-is-layout-4348fa63 wp-block-columns-is-layout-flex\">\n<div class=\"wp-block-column half-text-video__text is-layout-flow wp-block-column-is-layout-flow\">\n<h2 class=\"wp-block-heading heading-h2 has-text-color has-link-color wp-elements-42fc54ef554c5348228cf1d282578ef6\" style=\"color:#0a0f1a;margin-bottom:40px;padding-bottom:0px\"><strong>Your video partner here and beyond<\/strong><\/h2>\n\n\n\n<p class=\"paragraph-xl has-text-color has-link-color wp-elements-cb091133d731c23f12cc7520b7c770ef\" style=\"color:#344054;margin-top:0px;margin-bottom:24px\">Our mission is to revolutionize working with video &nbsp;<br>through innovative functionality and efficient workflows, integrated in the customers\u2019 eco system.<\/p>\n\n\n\n<ul class=\"wp-block-list half-text-video__list\">\n<li class=\"paragraph-xl has-text-color has-link-color wp-elements-72c1d7f1e5167762e481b719d34a6375\" style=\"color:#344054\">Empower creators, businesses, and organizations<\/li>\n\n\n\n<li class=\"paragraph-xl has-text-color has-link-color wp-elements-dac99b3f305a3a8d6ff95ab6e5bc8be4\" style=\"color:#344054\">Connect, share stories, and achieve goals<\/li>\n\n\n\n<li class=\"paragraph-xl has-text-color has-link-color wp-elements-5099e05b4f94425d5706150fd3eb7ba1\" style=\"color:#344054\">Privacy, security, and ease at every step<\/li>\n<\/ul>\n\n\n\n<div class=\"wp-block-buttons is-layout-flex wp-block-buttons-is-layout-flex\">\n<div class=\"wp-block-button is-style-arrow-right\"><a class=\"wp-block-button__link has-text-color has-background has-link-color wp-element-button\" href=\"https:\/\/quickchannel.com\/en\/about-us\/\" style=\"border-style:none;border-width:0px;color:#81350d;background-color:#ffffff00;padding-right:0px;padding-left:0px\" target=\"_blank\" rel=\"noreferrer noopener\">Read the story about Quickchannel<\/a><\/div>\n<\/div>\n<\/div>\n\n\n\n<div class=\"wp-block-column is-layout-flow wp-block-column-is-layout-flow\">\n<div class=\"wp-block-screen9video-screen9video wp-block-embed\"><div class=\"wp-block-embed__wrapper\"><div style=\"position:relative;width:100%;padding-bottom:56.25%;\"><iframe allow=\"autoplay; fullscreen\" allowfullscreen=\"\" referrerpolicy=\"no-referrer-when-downgrade\" src=\"https:\/\/qcnl.tv\/e\/7RtLwk5DQekxgjOamlFH2Q\" style=\"border:0;width:100%;height:100%;position:absolute\" title=\"This is Quickchannel\"><\/iframe><script type=\"application\/ld+json\">{\"@context\": \"https:\/\/schema.org\", \"@type\": \"VideoObject\", \"description\": \"This is Quickchannel\", \"name\": \"This is Quickchannel\", \"thumbnailUrl\": [\"https:\/\/qcdn.screen9.com\/img\/W\/q\/WqNJAbjmo66f0-YRBow6lg_image\/thumb.jpg?v=3\", \"https:\/\/qcdn.screen9.com\/img\/W\/q\/WqNJAbjmo66f0-YRBow6lg_image\/360p.jpg?v=3\", \"https:\/\/qcdn.screen9.com\/img\/W\/q\/WqNJAbjmo66f0-YRBow6lg_image\/480p.jpg?v=3\", \"https:\/\/qcdn.screen9.com\/img\/W\/q\/WqNJAbjmo66f0-YRBow6lg_image\/720p.jpg?v=3\", \"https:\/\/qcdn.screen9.com\/img\/W\/q\/WqNJAbjmo66f0-YRBow6lg_image\/image.jpg?v=3\"], \"uploadDate\": \"2023-02-17T06:38:45Z\", \"duration\": \"PT3M19S\", \"interactionStatistic\": {\"@type\": \"InteractionCounter\", \"interactionType\": \"https:\/\/schema.org\/WatchAction\", \"userInteractionCount\": 786}, \"embedUrl\": \"https:\/\/qcnl.tv\/e\/7RtLwk5DQekxgjOamlFH2Q\"}<\/script><\/div><\/div><\/div>\n\n\n\n<div class=\"wp-block-group is-layout-constrained wp-block-group-is-layout-constrained\">\n<div class=\"wp-block-columns is-not-stacked-on-mobile half-text-video__advantages is-layout-flex wp-container-core-columns-is-layout-28f84493 wp-block-columns-is-layout-flex\">\n<div class=\"wp-block-column is-layout-flow wp-block-column-is-layout-flow\">\n<p class=\"half-text-video__advantage\"><strong>300+<\/strong><br>customers in the Nordics<\/p>\n<\/div>\n\n\n\n<div class=\"wp-block-column is-layout-flow wp-block-column-is-layout-flow\">\n<p class=\"half-text-video__advantage\"><strong>29 years<br><\/strong>in the market<\/p>\n<\/div>\n\n\n\n<div class=\"wp-block-column is-layout-flow wp-block-column-is-layout-flow\">\n<p class=\"half-text-video__advantage\"><strong>#1<br><\/strong>video platform on the Swedish market<\/p>\n<\/div>\n<\/div>\n<\/div>\n<\/div>\n<\/div>\n<\/div><\/div>\n","protected":false},"excerpt":{"rendered":"","protected":false},"author":21,"featured_media":19415,"parent":0,"menu_order":0,"comment_status":"closed","ping_status":"closed","template":"","meta":{"_acf_changed":false,"site-sidebar-layout":"default","site-content-layout":"","ast-site-content-layout":"default","site-content-style":"default","site-sidebar-style":"default","ast-global-header-display":"","ast-banner-title-visibility":"","ast-main-header-display":"","ast-hfb-above-header-display":"","ast-hfb-below-header-display":"","ast-hfb-mobile-header-display":"","site-post-title":"","ast-breadcrumbs-content":"","ast-featured-img":"disabled","footer-sml-layout":"","theme-transparent-header-meta":"","adv-header-id-meta":"","stick-header-meta":"","header-above-stick-meta":"","header-main-stick-meta":"","header-below-stick-meta":"","astra-migrate-meta-layouts":"default","ast-page-background-enabled":"default","ast-page-background-meta":{"desktop":{"background-color":"var(--ast-global-color-5)","background-image":"","background-repeat":"repeat","background-position":"center center","background-size":"auto","background-attachment":"scroll","background-type":"","background-media":"","overlay-type":"","overlay-color":"","overlay-opacity":"","overlay-gradient":""},"tablet":{"background-color":"","background-image":"","background-repeat":"repeat","background-position":"center center","background-size":"auto","background-attachment":"scroll","background-type":"","background-media":"","overlay-type":"","overlay-color":"","overlay-opacity":"","overlay-gradient":""},"mobile":{"background-color":"","background-image":"","background-repeat":"repeat","background-position":"center center","background-size":"auto","background-attachment":"scroll","background-type":"","background-media":"","overlay-type":"","overlay-color":"","overlay-opacity":"","overlay-gradient":""}},"ast-content-background-meta":{"desktop":{"background-color":"var(--ast-global-color-4)","background-image":"","background-repeat":"repeat","background-position":"center center","background-size":"auto","background-attachment":"scroll","background-type":"","background-media":"","overlay-type":"","overlay-color":"","overlay-opacity":"","overlay-gradient":""},"tablet":{"background-color":"var(--ast-global-color-4)","background-image":"","background-repeat":"repeat","background-position":"center center","background-size":"auto","background-attachment":"scroll","background-type":"","background-media":"","overlay-type":"","overlay-color":"","overlay-opacity":"","overlay-gradient":""},"mobile":{"background-color":"var(--ast-global-color-4)","background-image":"","background-repeat":"repeat","background-position":"center center","background-size":"auto","background-attachment":"scroll","background-type":"","background-media":"","overlay-type":"","overlay-color":"","overlay-opacity":"","overlay-gradient":""}},"footnotes":""},"class_list":["post-19694","page","type-page","status-publish","has-post-thumbnail","hentry"],"acf":[],"yoast_head":"<!-- This site is optimized with the Yoast SEO plugin v27.5 - https:\/\/yoast.com\/product\/yoast-seo-wordpress\/ -->\n<title>Video Talks Network | Quickchannel<\/title>\n<meta name=\"description\" content=\"Would you like to take part in our Video Talks Network\u00a0to discuss the biggest challenges and opportunities we see in video communication today?\" \/>\n<meta name=\"robots\" content=\"index, follow, max-snippet:-1, max-image-preview:large, max-video-preview:-1\" \/>\n<link rel=\"canonical\" href=\"https:\/\/quickchannel.com\/fi\/video-talks-network\/\" \/>\n<meta property=\"og:locale\" content=\"fi_FI\" \/>\n<meta property=\"og:type\" content=\"article\" \/>\n<meta property=\"og:title\" content=\"Video Talks Network | Quickchannel\" \/>\n<meta property=\"og:description\" content=\"Would you like to take part in our Video Talks Network\u00a0to discuss the biggest challenges and opportunities we see in video communication today?\" \/>\n<meta property=\"og:url\" content=\"https:\/\/quickchannel.com\/fi\/video-talks-network\/\" \/>\n<meta property=\"og:site_name\" content=\"Quickchannel\" \/>\n<meta property=\"article:publisher\" content=\"https:\/\/www.facebook.com\/61567385758463\" \/>\n<meta property=\"article:modified_time\" content=\"2025-10-31T14:12:19+00:00\" \/>\n<meta property=\"og:image\" content=\"https:\/\/quickchannel.com\/wp-content\/uploads\/2025\/10\/qc-podcast-logo-2.jpg\" \/>\n\t<meta property=\"og:image:width\" content=\"1500\" \/>\n\t<meta property=\"og:image:height\" content=\"1500\" \/>\n\t<meta property=\"og:image:type\" content=\"image\/jpeg\" \/>\n<meta name=\"twitter:card\" content=\"summary_large_image\" \/>\n<meta name=\"twitter:label1\" content=\"Arvioitu lukuaika\" \/>\n\t<meta name=\"twitter:data1\" content=\"2 minuuttia\" \/>\n<script type=\"application\/ld+json\" class=\"yoast-schema-graph\">{\"@context\":\"https:\\\/\\\/schema.org\",\"@graph\":[{\"@type\":\"WebPage\",\"@id\":\"https:\\\/\\\/quickchannel.com\\\/fi\\\/video-talks-network\\\/\",\"url\":\"https:\\\/\\\/quickchannel.com\\\/fi\\\/video-talks-network\\\/\",\"name\":\"Video Talks Network | Quickchannel\",\"isPartOf\":{\"@id\":\"https:\\\/\\\/quickchannel.com\\\/fi\\\/#website\"},\"primaryImageOfPage\":{\"@id\":\"https:\\\/\\\/quickchannel.com\\\/fi\\\/video-talks-network\\\/#primaryimage\"},\"image\":{\"@id\":\"https:\\\/\\\/quickchannel.com\\\/fi\\\/video-talks-network\\\/#primaryimage\"},\"thumbnailUrl\":\"\\\/wp-content\\\/uploads\\\/2025\\\/10\\\/qc-podcast-logo-2.jpg\",\"datePublished\":\"2025-10-31T12:59:10+00:00\",\"dateModified\":\"2025-10-31T14:12:19+00:00\",\"description\":\"Would you like to take part in our Video Talks Network\u00a0to discuss the biggest challenges and opportunities we see in video communication today?\",\"breadcrumb\":{\"@id\":\"https:\\\/\\\/quickchannel.com\\\/fi\\\/video-talks-network\\\/#breadcrumb\"},\"inLanguage\":\"fi\",\"potentialAction\":[{\"@type\":\"ReadAction\",\"target\":[\"https:\\\/\\\/quickchannel.com\\\/fi\\\/video-talks-network\\\/\"]}]},{\"@type\":\"ImageObject\",\"inLanguage\":\"fi\",\"@id\":\"https:\\\/\\\/quickchannel.com\\\/fi\\\/video-talks-network\\\/#primaryimage\",\"url\":\"\\\/wp-content\\\/uploads\\\/2025\\\/10\\\/qc-podcast-logo-2.jpg\",\"contentUrl\":\"\\\/wp-content\\\/uploads\\\/2025\\\/10\\\/qc-podcast-logo-2.jpg\",\"width\":1500,\"height\":1500},{\"@type\":\"BreadcrumbList\",\"@id\":\"https:\\\/\\\/quickchannel.com\\\/fi\\\/video-talks-network\\\/#breadcrumb\",\"itemListElement\":[{\"@type\":\"ListItem\",\"position\":1,\"name\":\"Home\",\"item\":\"https:\\\/\\\/quickchannel.com\\\/fi\\\/\"},{\"@type\":\"ListItem\",\"position\":2,\"name\":\"Video Talks Network\"}]},{\"@type\":\"WebSite\",\"@id\":\"https:\\\/\\\/quickchannel.com\\\/fi\\\/#website\",\"url\":\"https:\\\/\\\/quickchannel.com\\\/fi\\\/\",\"name\":\"Quickchannel\",\"description\":\"All you need for video creation, management, and sharing \u2013 whether on-demand or live \u2013 all within one end-to-end platform.\",\"publisher\":{\"@id\":\"https:\\\/\\\/quickchannel.com\\\/fi\\\/#organization\"},\"alternateName\":\"QC\",\"potentialAction\":[{\"@type\":\"SearchAction\",\"target\":{\"@type\":\"EntryPoint\",\"urlTemplate\":\"https:\\\/\\\/quickchannel.com\\\/fi\\\/?s={search_term_string}\"},\"query-input\":{\"@type\":\"PropertyValueSpecification\",\"valueRequired\":true,\"valueName\":\"search_term_string\"}}],\"inLanguage\":\"fi\"},{\"@type\":\"Organization\",\"@id\":\"https:\\\/\\\/quickchannel.com\\\/fi\\\/#organization\",\"name\":\"Quickchannel\",\"url\":\"https:\\\/\\\/quickchannel.com\\\/fi\\\/\",\"logo\":{\"@type\":\"ImageObject\",\"inLanguage\":\"fi\",\"@id\":\"https:\\\/\\\/quickchannel.com\\\/fi\\\/#\\\/schema\\\/logo\\\/image\\\/\",\"url\":\"\\\/wp-content\\\/uploads\\\/2024\\\/07\\\/qc-logo-black-horisontal-no-slogan-scaled.webp\",\"contentUrl\":\"\\\/wp-content\\\/uploads\\\/2024\\\/07\\\/qc-logo-black-horisontal-no-slogan-scaled.webp\",\"width\":2560,\"height\":330,\"caption\":\"Quickchannel\"},\"image\":{\"@id\":\"https:\\\/\\\/quickchannel.com\\\/fi\\\/#\\\/schema\\\/logo\\\/image\\\/\"},\"sameAs\":[\"https:\\\/\\\/www.facebook.com\\\/61567385758463\",\"https:\\\/\\\/www.linkedin.com\\\/company\\\/quickchannel-ab\",\"https:\\\/\\\/www.youtube.com\\\/@quickchannelab\"]}]}<\/script>\n<!-- \/ Yoast SEO plugin. -->","yoast_head_json":{"title":"Video Talks Network | Quickchannel","description":"Would you like to take part in our Video Talks Network\u00a0to discuss the biggest challenges and opportunities we see in video communication today?","robots":{"index":"index","follow":"follow","max-snippet":"max-snippet:-1","max-image-preview":"max-image-preview:large","max-video-preview":"max-video-preview:-1"},"canonical":"https:\/\/quickchannel.com\/fi\/video-talks-network\/","og_locale":"fi_FI","og_type":"article","og_title":"Video Talks Network | Quickchannel","og_description":"Would you like to take part in our Video Talks Network\u00a0to discuss the biggest challenges and opportunities we see in video communication today?","og_url":"https:\/\/quickchannel.com\/fi\/video-talks-network\/","og_site_name":"Quickchannel","article_publisher":"https:\/\/www.facebook.com\/61567385758463","article_modified_time":"2025-10-31T14:12:19+00:00","og_image":[{"width":1500,"height":1500,"url":"https:\/\/quickchannel.com\/wp-content\/uploads\/2025\/10\/qc-podcast-logo-2.jpg","type":"image\/jpeg"}],"twitter_card":"summary_large_image","twitter_misc":{"Arvioitu lukuaika":"2 minuuttia"},"schema":{"@context":"https:\/\/schema.org","@graph":[{"@type":"WebPage","@id":"https:\/\/quickchannel.com\/fi\/video-talks-network\/","url":"https:\/\/quickchannel.com\/fi\/video-talks-network\/","name":"Video Talks Network | Quickchannel","isPartOf":{"@id":"https:\/\/quickchannel.com\/fi\/#website"},"primaryImageOfPage":{"@id":"https:\/\/quickchannel.com\/fi\/video-talks-network\/#primaryimage"},"image":{"@id":"https:\/\/quickchannel.com\/fi\/video-talks-network\/#primaryimage"},"thumbnailUrl":"\/wp-content\/uploads\/2025\/10\/qc-podcast-logo-2.jpg","datePublished":"2025-10-31T12:59:10+00:00","dateModified":"2025-10-31T14:12:19+00:00","description":"Would you like to take part in our Video Talks Network\u00a0to discuss the biggest challenges and opportunities we see in video communication today?","breadcrumb":{"@id":"https:\/\/quickchannel.com\/fi\/video-talks-network\/#breadcrumb"},"inLanguage":"fi","potentialAction":[{"@type":"ReadAction","target":["https:\/\/quickchannel.com\/fi\/video-talks-network\/"]}]},{"@type":"ImageObject","inLanguage":"fi","@id":"https:\/\/quickchannel.com\/fi\/video-talks-network\/#primaryimage","url":"\/wp-content\/uploads\/2025\/10\/qc-podcast-logo-2.jpg","contentUrl":"\/wp-content\/uploads\/2025\/10\/qc-podcast-logo-2.jpg","width":1500,"height":1500},{"@type":"BreadcrumbList","@id":"https:\/\/quickchannel.com\/fi\/video-talks-network\/#breadcrumb","itemListElement":[{"@type":"ListItem","position":1,"name":"Home","item":"https:\/\/quickchannel.com\/fi\/"},{"@type":"ListItem","position":2,"name":"Video Talks Network"}]},{"@type":"WebSite","@id":"https:\/\/quickchannel.com\/fi\/#website","url":"https:\/\/quickchannel.com\/fi\/","name":"Quickchannel","description":"All you need for video creation, management, and sharing \u2013 whether on-demand or live \u2013 all within one end-to-end platform.","publisher":{"@id":"https:\/\/quickchannel.com\/fi\/#organization"},"alternateName":"QC","potentialAction":[{"@type":"SearchAction","target":{"@type":"EntryPoint","urlTemplate":"https:\/\/quickchannel.com\/fi\/?s={search_term_string}"},"query-input":{"@type":"PropertyValueSpecification","valueRequired":true,"valueName":"search_term_string"}}],"inLanguage":"fi"},{"@type":"Organization","@id":"https:\/\/quickchannel.com\/fi\/#organization","name":"Quickchannel","url":"https:\/\/quickchannel.com\/fi\/","logo":{"@type":"ImageObject","inLanguage":"fi","@id":"https:\/\/quickchannel.com\/fi\/#\/schema\/logo\/image\/","url":"\/wp-content\/uploads\/2024\/07\/qc-logo-black-horisontal-no-slogan-scaled.webp","contentUrl":"\/wp-content\/uploads\/2024\/07\/qc-logo-black-horisontal-no-slogan-scaled.webp","width":2560,"height":330,"caption":"Quickchannel"},"image":{"@id":"https:\/\/quickchannel.com\/fi\/#\/schema\/logo\/image\/"},"sameAs":["https:\/\/www.facebook.com\/61567385758463","https:\/\/www.linkedin.com\/company\/quickchannel-ab","https:\/\/www.youtube.com\/@quickchannelab"]}]}},"_links":{"self":[{"href":"https:\/\/quickchannel.com\/fi\/wp-json\/wp\/v2\/pages\/19694","targetHints":{"allow":["GET"]}}],"collection":[{"href":"https:\/\/quickchannel.com\/fi\/wp-json\/wp\/v2\/pages"}],"about":[{"href":"https:\/\/quickchannel.com\/fi\/wp-json\/wp\/v2\/types\/page"}],"author":[{"embeddable":true,"href":"https:\/\/quickchannel.com\/fi\/wp-json\/wp\/v2\/users\/21"}],"replies":[{"embeddable":true,"href":"https:\/\/quickchannel.com\/fi\/wp-json\/wp\/v2\/comments?post=19694"}],"version-history":[{"count":8,"href":"https:\/\/quickchannel.com\/fi\/wp-json\/wp\/v2\/pages\/19694\/revisions"}],"predecessor-version":[{"id":19711,"href":"https:\/\/quickchannel.com\/fi\/wp-json\/wp\/v2\/pages\/19694\/revisions\/19711"}],"wp:featuredmedia":[{"embeddable":true,"href":"https:\/\/quickchannel.com\/fi\/wp-json\/wp\/v2\/media\/19415"}],"wp:attachment":[{"href":"https:\/\/quickchannel.com\/fi\/wp-json\/wp\/v2\/media?parent=19694"}],"curies":[{"name":"wp","href":"https:\/\/api.w.org\/{rel}","templated":true}]}}