{"id":16089,"date":"2024-09-06T11:25:34","date_gmt":"2024-09-06T11:25:34","guid":{"rendered":"https:\/\/quickchannel.com\/?page_id=16089"},"modified":"2025-11-27T08:15:41","modified_gmt":"2025-11-27T08:15:41","slug":"sitevision","status":"publish","type":"page","link":"https:\/\/quickchannel.com\/fi\/integraatiot\/sitevision\/","title":{"rendered":"Sitevision"},"content":{"rendered":"\n<div class=\"wp-block-cover alignfull is-light\" style=\"padding-top:168px;padding-bottom:236px\"><img loading=\"lazy\" decoding=\"async\" width=\"1440\" height=\"802\" class=\"wp-block-cover__image-background wp-image-16692 size-large\" alt=\"\" src=\"\/wp-content\/uploads\/2025\/06\/green-background-1.svg\" style=\"object-position:50% 100%\" data-object-fit=\"cover\" data-object-position=\"50% 100%\"\/><span aria-hidden=\"true\" class=\"wp-block-cover__background has-background-dim-0 has-background-dim\"><\/span><div class=\"wp-block-cover__inner-container is-layout-constrained wp-block-cover-is-layout-constrained\">\n<div class=\"wp-block-group is-style-narrow is-layout-constrained wp-block-group-is-layout-constrained\">\n<div class=\"wp-block-columns is-layout-flex wp-container-core-columns-is-layout-28f84493 wp-block-columns-is-layout-flex\">\n<div class=\"wp-block-column is-layout-flow wp-block-column-is-layout-flow\">\n<h1 class=\"wp-block-heading heading-h2 has-ast-global-color-7-color has-text-color has-link-color wp-elements-615ec1de2dc56d63f36c97f294aad5a1\"><strong>Helppo videon julkaisu suoraan Sitevisionissa<\/strong><\/h1>\n<\/div>\n\n\n\n<div class=\"wp-block-column is-layout-flow wp-block-column-is-layout-flow\">\n<figure class=\"wp-block-image aligncenter size-full is-resized is-style-default wp-duotone-unset-1\"><img loading=\"lazy\" decoding=\"async\" width=\"1200\" height=\"225\" src=\"\/wp-content\/uploads\/2025\/06\/Sitevision-logotyp-black-green.svg\" alt=\"\" class=\"wp-image-13485\" style=\"width:358px;height:auto\"\/><\/figure>\n<\/div>\n<\/div>\n<\/div>\n<\/div><\/div>\n\n\n\n<div class=\"wp-block-group narrow-container is-content-justification-center is-layout-constrained wp-block-group-is-layout-constrained\">\n<h2 class=\"wp-block-heading\">Tietoa integraatiosta<\/h2>\n\n\n\n<p>Quickchannelin Sitevision-videomoduuli mahdollistaa videoiden helpon ja turvallisen lataamisen ja julkaisun suoraan Sitevisionissa. Yhdist\u00e4m\u00e4ll\u00e4 Quickchannelin Sitevisioniin videohallinnasta ja julkaisemisesta tulee sek\u00e4 saavutettavaa (WCAG) ett\u00e4 GDPR-yhteensopivaa, ja lis\u00e4ksi se on optimoitu k\u00e4ytt\u00e4ji\u00e4si varten.<\/p>\n\n\n\n<p>Quickchannel tarjoaa lis\u00e4ksi monipuolisia toimintoja, kuten tallennuksen, webinaarit, livestriimauksen, tekstityksen, editoinnin ja videohallinnan. Integraation kautta kaikki videosis\u00e4lt\u00f6si on k\u00e4ytett\u00e4viss\u00e4 suoraan Sitevisionissa.<\/p>\n\n\n\n<p>Jos olet jo Quickchannelin asiakas, voit ladata Quickchannel-lis\u00e4osan <a href=\"https:\/\/marketplace.sitevision.se\/en\/product\/sitevision--quickchannel\" target=\"_blank\" rel=\"noreferrer noopener\">Sitevision Marketplacesta<\/a>.<\/p>\n\n\n\n<p>Jos sinulla ei viel\u00e4 ole tili\u00e4, voit kokeilla palvelua ilmaiseksi ottamalla <a href=\"https:\/\/quickchannel.com\/fi\/ota-yhteytta\/\">meihin yhteytt\u00e4 <strong>t\u00e4st\u00e4<\/strong>.<\/a><\/p>\n\n\n\n<p>Quickchannelin video-lis\u00e4osan k\u00e4ytt\u00f6 edellytt\u00e4\u00e4 Quickchannel-tili\u00e4. Ensimm\u00e4inen askel on varata esittely yhdelt\u00e4 asiantuntijoistamme.<\/p>\n\n\n\n<div class=\"wp-block-buttons is-content-justification-left is-layout-flex wp-container-core-buttons-is-layout-fc4fd283 wp-block-buttons-is-layout-flex\">\n<div class=\"wp-block-button\"><a class=\"wp-block-button__link has-text-align-left wp-element-button\" href=\"https:\/\/quickchannel.com\/fi\/demo-kitos\/\">Varaa demo<\/a><\/div>\n<\/div>\n<\/div>\n","protected":false},"excerpt":{"rendered":"<p>Tietoa integraatiosta Quickchannelin Sitevision-videomoduuli mahdollistaa videoiden helpon ja turvallisen lataamisen ja julkaisun suoraan Sitevisionissa. Yhdist\u00e4m\u00e4ll\u00e4 Quickchannelin Sitevisioniin videohallinnasta ja julkaisemisesta [&hellip;]<\/p>\n","protected":false},"author":5,"featured_media":2903,"parent":3157,"menu_order":0,"comment_status":"closed","ping_status":"closed","template":"","meta":{"_acf_changed":false,"site-sidebar-layout":"default","site-content-layout":"","ast-site-content-layout":"default","site-content-style":"default","site-sidebar-style":"default","ast-global-header-display":"","ast-banner-title-visibility":"","ast-main-header-display":"","ast-hfb-above-header-display":"","ast-hfb-below-header-display":"","ast-hfb-mobile-header-display":"","site-post-title":"disabled","ast-breadcrumbs-content":"","ast-featured-img":"disabled","footer-sml-layout":"","theme-transparent-header-meta":"","adv-header-id-meta":"","stick-header-meta":"","header-above-stick-meta":"","header-main-stick-meta":"","header-below-stick-meta":"","astra-migrate-meta-layouts":"default","ast-page-background-enabled":"default","ast-page-background-meta":{"desktop":{"background-color":"var(--ast-global-color-5)","background-image":"","background-repeat":"repeat","background-position":"center center","background-size":"auto","background-attachment":"scroll","background-type":"","background-media":"","overlay-type":"","overlay-color":"","overlay-opacity":"","overlay-gradient":""},"tablet":{"background-color":"","background-image":"","background-repeat":"repeat","background-position":"center center","background-size":"auto","background-attachment":"scroll","background-type":"","background-media":"","overlay-type":"","overlay-color":"","overlay-opacity":"","overlay-gradient":""},"mobile":{"background-color":"","background-image":"","background-repeat":"repeat","background-position":"center center","background-size":"auto","background-attachment":"scroll","background-type":"","background-media":"","overlay-type":"","overlay-color":"","overlay-opacity":"","overlay-gradient":""}},"ast-content-background-meta":{"desktop":{"background-color":"var(--ast-global-color-4)","background-image":"","background-repeat":"repeat","background-position":"center center","background-size":"auto","background-attachment":"scroll","background-type":"","background-media":"","overlay-type":"","overlay-color":"","overlay-opacity":"","overlay-gradient":""},"tablet":{"background-color":"var(--ast-global-color-4)","background-image":"","background-repeat":"repeat","background-position":"center center","background-size":"auto","background-attachment":"scroll","background-type":"","background-media":"","overlay-type":"","overlay-color":"","overlay-opacity":"","overlay-gradient":""},"mobile":{"background-color":"var(--ast-global-color-4)","background-image":"","background-repeat":"repeat","background-position":"center center","background-size":"auto","background-attachment":"scroll","background-type":"","background-media":"","overlay-type":"","overlay-color":"","overlay-opacity":"","overlay-gradient":""}},"footnotes":""},"class_list":["post-16089","page","type-page","status-publish","has-post-thumbnail","hentry"],"acf":[],"yoast_head":"<!-- This site is optimized with the Yoast SEO plugin v27.3 - https:\/\/yoast.com\/product\/yoast-seo-wordpress\/ -->\n<title>Helppo videon julkaisu suoraan Sitevisionissa | Quickchannel<\/title>\n<meta name=\"description\" content=\"Quickchannelin videomoduuli Sitevisionille mahdollistaa videoiden helpon ja turvallisen lataamisen sek\u00e4 julkaisemisen suoraan Sitevisionissa.\" \/>\n<meta name=\"robots\" content=\"index, follow, max-snippet:-1, max-image-preview:large, max-video-preview:-1\" \/>\n<link rel=\"canonical\" href=\"https:\/\/quickchannel.com\/fi\/integraatiot\/sitevision\/\" \/>\n<meta property=\"og:locale\" content=\"fi_FI\" \/>\n<meta property=\"og:type\" content=\"article\" \/>\n<meta property=\"og:title\" content=\"Helppo videon julkaisu suoraan Sitevisionissa | Quickchannel\" \/>\n<meta property=\"og:description\" content=\"Quickchannelin videomoduuli Sitevisionille mahdollistaa videoiden helpon ja turvallisen lataamisen sek\u00e4 julkaisemisen suoraan Sitevisionissa.\" \/>\n<meta property=\"og:url\" content=\"https:\/\/quickchannel.com\/fi\/integraatiot\/sitevision\/\" \/>\n<meta property=\"og:site_name\" content=\"Quickchannel\" \/>\n<meta property=\"article:publisher\" content=\"https:\/\/www.facebook.com\/61567385758463\" \/>\n<meta property=\"article:modified_time\" content=\"2025-11-27T08:15:41+00:00\" \/>\n<meta property=\"og:image\" content=\"https:\/\/quickchannel.com\/wp-content\/uploads\/2024\/09\/sitevision-logo.webp\" \/>\n\t<meta property=\"og:image:width\" content=\"474\" \/>\n\t<meta property=\"og:image:height\" content=\"89\" \/>\n\t<meta property=\"og:image:type\" content=\"image\/webp\" \/>\n<meta name=\"twitter:card\" content=\"summary_large_image\" \/>\n<meta name=\"twitter:label1\" content=\"Arvioitu lukuaika\" \/>\n\t<meta name=\"twitter:data1\" content=\"2 minuuttia\" \/>\n<script type=\"application\/ld+json\" class=\"yoast-schema-graph\">{\"@context\":\"https:\\\/\\\/schema.org\",\"@graph\":[{\"@type\":\"WebPage\",\"@id\":\"https:\\\/\\\/quickchannel.com\\\/fi\\\/integraatiot\\\/sitevision\\\/\",\"url\":\"https:\\\/\\\/quickchannel.com\\\/fi\\\/integraatiot\\\/sitevision\\\/\",\"name\":\"Helppo videon julkaisu suoraan Sitevisionissa | Quickchannel\",\"isPartOf\":{\"@id\":\"https:\\\/\\\/quickchannel.com\\\/fi\\\/#website\"},\"primaryImageOfPage\":{\"@id\":\"https:\\\/\\\/quickchannel.com\\\/fi\\\/integraatiot\\\/sitevision\\\/#primaryimage\"},\"image\":{\"@id\":\"https:\\\/\\\/quickchannel.com\\\/fi\\\/integraatiot\\\/sitevision\\\/#primaryimage\"},\"thumbnailUrl\":\"\\\/wp-content\\\/uploads\\\/2024\\\/09\\\/sitevision-logo.webp\",\"datePublished\":\"2024-09-06T11:25:34+00:00\",\"dateModified\":\"2025-11-27T08:15:41+00:00\",\"description\":\"Quickchannelin videomoduuli Sitevisionille mahdollistaa videoiden helpon ja turvallisen lataamisen sek\u00e4 julkaisemisen suoraan Sitevisionissa.\",\"breadcrumb\":{\"@id\":\"https:\\\/\\\/quickchannel.com\\\/fi\\\/integraatiot\\\/sitevision\\\/#breadcrumb\"},\"inLanguage\":\"fi\",\"potentialAction\":[{\"@type\":\"ReadAction\",\"target\":[\"https:\\\/\\\/quickchannel.com\\\/fi\\\/integraatiot\\\/sitevision\\\/\"]}]},{\"@type\":\"ImageObject\",\"inLanguage\":\"fi\",\"@id\":\"https:\\\/\\\/quickchannel.com\\\/fi\\\/integraatiot\\\/sitevision\\\/#primaryimage\",\"url\":\"\\\/wp-content\\\/uploads\\\/2024\\\/09\\\/sitevision-logo.webp\",\"contentUrl\":\"\\\/wp-content\\\/uploads\\\/2024\\\/09\\\/sitevision-logo.webp\",\"width\":474,\"height\":89,\"caption\":\"sitevision-logo\"},{\"@type\":\"BreadcrumbList\",\"@id\":\"https:\\\/\\\/quickchannel.com\\\/fi\\\/integraatiot\\\/sitevision\\\/#breadcrumb\",\"itemListElement\":[{\"@type\":\"ListItem\",\"position\":1,\"name\":\"Home\",\"item\":\"https:\\\/\\\/quickchannel.com\\\/fi\\\/\"},{\"@type\":\"ListItem\",\"position\":2,\"name\":\"Integrations\",\"item\":\"https:\\\/\\\/quickchannel.com\\\/fi\\\/integraatiot\\\/\"},{\"@type\":\"ListItem\",\"position\":3,\"name\":\"Sitevision\"}]},{\"@type\":\"WebSite\",\"@id\":\"https:\\\/\\\/quickchannel.com\\\/fi\\\/#website\",\"url\":\"https:\\\/\\\/quickchannel.com\\\/fi\\\/\",\"name\":\"Quickchannel\",\"description\":\"All you need for video creation, management, and sharing \u2013 whether on-demand or live \u2013 all within one end-to-end platform.\",\"publisher\":{\"@id\":\"https:\\\/\\\/quickchannel.com\\\/fi\\\/#organization\"},\"alternateName\":\"QC\",\"potentialAction\":[{\"@type\":\"SearchAction\",\"target\":{\"@type\":\"EntryPoint\",\"urlTemplate\":\"https:\\\/\\\/quickchannel.com\\\/fi\\\/?s={search_term_string}\"},\"query-input\":{\"@type\":\"PropertyValueSpecification\",\"valueRequired\":true,\"valueName\":\"search_term_string\"}}],\"inLanguage\":\"fi\"},{\"@type\":\"Organization\",\"@id\":\"https:\\\/\\\/quickchannel.com\\\/fi\\\/#organization\",\"name\":\"Quickchannel\",\"url\":\"https:\\\/\\\/quickchannel.com\\\/fi\\\/\",\"logo\":{\"@type\":\"ImageObject\",\"inLanguage\":\"fi\",\"@id\":\"https:\\\/\\\/quickchannel.com\\\/fi\\\/#\\\/schema\\\/logo\\\/image\\\/\",\"url\":\"\\\/wp-content\\\/uploads\\\/2024\\\/07\\\/qc-logo-black-horisontal-no-slogan-scaled.webp\",\"contentUrl\":\"\\\/wp-content\\\/uploads\\\/2024\\\/07\\\/qc-logo-black-horisontal-no-slogan-scaled.webp\",\"width\":2560,\"height\":330,\"caption\":\"Quickchannel\"},\"image\":{\"@id\":\"https:\\\/\\\/quickchannel.com\\\/fi\\\/#\\\/schema\\\/logo\\\/image\\\/\"},\"sameAs\":[\"https:\\\/\\\/www.facebook.com\\\/61567385758463\",\"https:\\\/\\\/www.linkedin.com\\\/company\\\/quickchannel-ab\",\"https:\\\/\\\/www.youtube.com\\\/@quickchannelab\"]}]}<\/script>\n<!-- \/ Yoast SEO plugin. -->","yoast_head_json":{"title":"Helppo videon julkaisu suoraan Sitevisionissa | Quickchannel","description":"Quickchannelin videomoduuli Sitevisionille mahdollistaa videoiden helpon ja turvallisen lataamisen sek\u00e4 julkaisemisen suoraan Sitevisionissa.","robots":{"index":"index","follow":"follow","max-snippet":"max-snippet:-1","max-image-preview":"max-image-preview:large","max-video-preview":"max-video-preview:-1"},"canonical":"https:\/\/quickchannel.com\/fi\/integraatiot\/sitevision\/","og_locale":"fi_FI","og_type":"article","og_title":"Helppo videon julkaisu suoraan Sitevisionissa | Quickchannel","og_description":"Quickchannelin videomoduuli Sitevisionille mahdollistaa videoiden helpon ja turvallisen lataamisen sek\u00e4 julkaisemisen suoraan Sitevisionissa.","og_url":"https:\/\/quickchannel.com\/fi\/integraatiot\/sitevision\/","og_site_name":"Quickchannel","article_publisher":"https:\/\/www.facebook.com\/61567385758463","article_modified_time":"2025-11-27T08:15:41+00:00","og_image":[{"width":474,"height":89,"url":"https:\/\/quickchannel.com\/wp-content\/uploads\/2024\/09\/sitevision-logo.webp","type":"image\/webp"}],"twitter_card":"summary_large_image","twitter_misc":{"Arvioitu lukuaika":"2 minuuttia"},"schema":{"@context":"https:\/\/schema.org","@graph":[{"@type":"WebPage","@id":"https:\/\/quickchannel.com\/fi\/integraatiot\/sitevision\/","url":"https:\/\/quickchannel.com\/fi\/integraatiot\/sitevision\/","name":"Helppo videon julkaisu suoraan Sitevisionissa | Quickchannel","isPartOf":{"@id":"https:\/\/quickchannel.com\/fi\/#website"},"primaryImageOfPage":{"@id":"https:\/\/quickchannel.com\/fi\/integraatiot\/sitevision\/#primaryimage"},"image":{"@id":"https:\/\/quickchannel.com\/fi\/integraatiot\/sitevision\/#primaryimage"},"thumbnailUrl":"\/wp-content\/uploads\/2024\/09\/sitevision-logo.webp","datePublished":"2024-09-06T11:25:34+00:00","dateModified":"2025-11-27T08:15:41+00:00","description":"Quickchannelin videomoduuli Sitevisionille mahdollistaa videoiden helpon ja turvallisen lataamisen sek\u00e4 julkaisemisen suoraan Sitevisionissa.","breadcrumb":{"@id":"https:\/\/quickchannel.com\/fi\/integraatiot\/sitevision\/#breadcrumb"},"inLanguage":"fi","potentialAction":[{"@type":"ReadAction","target":["https:\/\/quickchannel.com\/fi\/integraatiot\/sitevision\/"]}]},{"@type":"ImageObject","inLanguage":"fi","@id":"https:\/\/quickchannel.com\/fi\/integraatiot\/sitevision\/#primaryimage","url":"\/wp-content\/uploads\/2024\/09\/sitevision-logo.webp","contentUrl":"\/wp-content\/uploads\/2024\/09\/sitevision-logo.webp","width":474,"height":89,"caption":"sitevision-logo"},{"@type":"BreadcrumbList","@id":"https:\/\/quickchannel.com\/fi\/integraatiot\/sitevision\/#breadcrumb","itemListElement":[{"@type":"ListItem","position":1,"name":"Home","item":"https:\/\/quickchannel.com\/fi\/"},{"@type":"ListItem","position":2,"name":"Integrations","item":"https:\/\/quickchannel.com\/fi\/integraatiot\/"},{"@type":"ListItem","position":3,"name":"Sitevision"}]},{"@type":"WebSite","@id":"https:\/\/quickchannel.com\/fi\/#website","url":"https:\/\/quickchannel.com\/fi\/","name":"Quickchannel","description":"All you need for video creation, management, and sharing \u2013 whether on-demand or live \u2013 all within one end-to-end platform.","publisher":{"@id":"https:\/\/quickchannel.com\/fi\/#organization"},"alternateName":"QC","potentialAction":[{"@type":"SearchAction","target":{"@type":"EntryPoint","urlTemplate":"https:\/\/quickchannel.com\/fi\/?s={search_term_string}"},"query-input":{"@type":"PropertyValueSpecification","valueRequired":true,"valueName":"search_term_string"}}],"inLanguage":"fi"},{"@type":"Organization","@id":"https:\/\/quickchannel.com\/fi\/#organization","name":"Quickchannel","url":"https:\/\/quickchannel.com\/fi\/","logo":{"@type":"ImageObject","inLanguage":"fi","@id":"https:\/\/quickchannel.com\/fi\/#\/schema\/logo\/image\/","url":"\/wp-content\/uploads\/2024\/07\/qc-logo-black-horisontal-no-slogan-scaled.webp","contentUrl":"\/wp-content\/uploads\/2024\/07\/qc-logo-black-horisontal-no-slogan-scaled.webp","width":2560,"height":330,"caption":"Quickchannel"},"image":{"@id":"https:\/\/quickchannel.com\/fi\/#\/schema\/logo\/image\/"},"sameAs":["https:\/\/www.facebook.com\/61567385758463","https:\/\/www.linkedin.com\/company\/quickchannel-ab","https:\/\/www.youtube.com\/@quickchannelab"]}]}},"_links":{"self":[{"href":"https:\/\/quickchannel.com\/fi\/wp-json\/wp\/v2\/pages\/16089","targetHints":{"allow":["GET"]}}],"collection":[{"href":"https:\/\/quickchannel.com\/fi\/wp-json\/wp\/v2\/pages"}],"about":[{"href":"https:\/\/quickchannel.com\/fi\/wp-json\/wp\/v2\/types\/page"}],"author":[{"embeddable":true,"href":"https:\/\/quickchannel.com\/fi\/wp-json\/wp\/v2\/users\/5"}],"replies":[{"embeddable":true,"href":"https:\/\/quickchannel.com\/fi\/wp-json\/wp\/v2\/comments?post=16089"}],"version-history":[{"count":2,"href":"https:\/\/quickchannel.com\/fi\/wp-json\/wp\/v2\/pages\/16089\/revisions"}],"predecessor-version":[{"id":20656,"href":"https:\/\/quickchannel.com\/fi\/wp-json\/wp\/v2\/pages\/16089\/revisions\/20656"}],"up":[{"embeddable":true,"href":"https:\/\/quickchannel.com\/fi\/wp-json\/wp\/v2\/pages\/3157"}],"wp:featuredmedia":[{"embeddable":true,"href":"https:\/\/quickchannel.com\/fi\/wp-json\/wp\/v2\/media\/2903"}],"wp:attachment":[{"href":"https:\/\/quickchannel.com\/fi\/wp-json\/wp\/v2\/media?parent=16089"}],"curies":[{"name":"wp","href":"https:\/\/api.w.org\/{rel}","templated":true}]}}