{"id":12096,"date":"2025-05-30T06:11:41","date_gmt":"2025-05-30T06:11:41","guid":{"rendered":"https:\/\/quickchannel.com\/?page_id=12096"},"modified":"2025-06-02T16:25:15","modified_gmt":"2025-06-02T16:25:15","slug":"solutions","status":"publish","type":"page","link":"https:\/\/quickchannel.com\/fi\/solutions\/","title":{"rendered":"Solutions"},"content":{"rendered":"\n<div class=\"wp-block-group alignfull is-layout-constrained wp-container-core-group-is-layout-d273a42d wp-block-group-is-layout-constrained has-background\" style=\"margin-top:0;margin-bottom:0;padding-top:168px;padding-bottom:136px;background-image:url(&apos;\/wp-content\/uploads\/2025\/05\/green-banner-1.png&apos;);background-position:50% 100%;background-size:cover;\">\n<h2 class=\"wp-block-heading has-text-align-center heading-h6 has-black-color has-text-color has-link-color wp-elements-7df75a7ac551f6c3a08c292008600069\" style=\"margin-right:0;margin-bottom:var(--wp--preset--spacing--30);margin-left:0;text-transform:uppercase\"><strong>solutions for marketers<\/strong><\/h2>\n\n\n\n<h1 class=\"wp-block-heading has-text-align-center heading-h1 has-text-color has-link-color wp-elements-96e467eb94b63bf5f946fa8a7523ea2b\" style=\"color:#0a2a2e;margin-top:0;margin-right:0;margin-bottom:0;margin-left:0\"><strong>Turn Video into Your Most<br>Powerful Marketing Tool<\/strong><\/h1>\n\n\n\n<p class=\"has-text-align-center has-text-color has-link-color wp-elements-a101f4e895d01fa55ed87f203d7b2d95\" style=\"color:#0a2a2e;font-size:18px\">Marketers juggle endless tasks\u2014from creating engaging content to proving campaign ROI. <br>QuickChannel streamlines your workflow, so you can focus on what matters: growth.<\/p>\n\n\n\n<div class=\"wp-block-buttons is-content-justification-center is-layout-flex wp-container-core-buttons-is-layout-a89b3969 wp-block-buttons-is-layout-flex\">\n<div class=\"wp-block-button\"><a class=\"wp-block-button__link has-text-align-center wp-element-button\" style=\"border-radius:12px\">Book a demo<\/a><\/div>\n<\/div>\n<\/div>\n\n\n\n<div class=\"wp-block-group alignfull is-layout-constrained wp-block-group-is-layout-constrained\"><div class=\"qc-logotypes alignfull\"><h2 class=\"heading-h4\">300+ asiakkaan luottama Pohjoismaissa<\/h2><div class=\"swiper logotyper__slider\"><div class=\"swiper-wrapper\"><div class=\"swiper-slide\"><img decoding=\"async\" src=\"\/wp-content\/uploads\/2024\/07\/malmo-universitet-logo.webp\" alt=\"\"><\/div><div class=\"swiper-slide\"><img decoding=\"async\" src=\"\/wp-content\/uploads\/2024\/11\/Saab_black-removebg-preview-1-w.png\" alt=\"SAAB white logotype\"><\/div><div class=\"swiper-slide\"><img decoding=\"async\" src=\"\/wp-content\/uploads\/2024\/11\/skanskalogo-w.webp\" alt=\"\"><\/div><div class=\"swiper-slide\"><img decoding=\"async\" src=\"\/wp-content\/uploads\/2024\/11\/wiersholm-logo-w.webp\" alt=\"wiersholm-logo\"><\/div><div class=\"swiper-slide\"><img decoding=\"async\" src=\"\/wp-content\/uploads\/2024\/11\/rrbetsformedlingen-logo-w.webp\" alt=\"\"><\/div><div class=\"swiper-slide\"><img decoding=\"async\" src=\"\/wp-content\/uploads\/2025\/01\/kavlinge-kommunlogotyp-edited-1.png\" alt=\"\"><\/div><div class=\"swiper-slide\"><img decoding=\"async\" src=\"\/wp-content\/uploads\/2025\/01\/logo_region_jonkopings_lan_linkedin-edited-1.png\" alt=\"Region J\u00f6nk\u00f6pingsl\u00e4n logotyp\"><\/div><div class=\"swiper-slide\"><img decoding=\"async\" src=\"\/wp-content\/uploads\/2025\/01\/logotyp-farg-vansterstalld.webp\" alt=\"\"><\/div><div class=\"swiper-slide\"><img decoding=\"async\" src=\"\/wp-content\/uploads\/2025\/05\/marks-kommun-1.png\" alt=\"\"><\/div><div class=\"swiper-slide\"><img decoding=\"async\" src=\"\/wp-content\/uploads\/2025\/05\/bazelmans-logo.png\" alt=\"bazelmans-logo\"><\/div><div class=\"swiper-slide\"><img decoding=\"async\" src=\"\/wp-content\/uploads\/2025\/06\/vastra-Gotalandsregionen-logotyp.png\" alt=\"va\u0308stra Go\u0308talandsregionen logotyp\"><\/div><div class=\"swiper-slide\"><img decoding=\"async\" src=\"\/wp-content\/uploads\/2025\/06\/sundsvalls-kommun-logotyp.png\" alt=\"sundsvalls kommun logotyp\"><\/div><div class=\"swiper-slide\"><img decoding=\"async\" src=\"\/wp-content\/uploads\/2025\/06\/linkoping-rgb-removebg-preview.png\" alt=\"Link\u00f6pings kommun logotyp\"><\/div><div class=\"swiper-slide\"><img decoding=\"async\" src=\"\/wp-content\/uploads\/2025\/06\/dnb-black-logo-1.png\" alt=\"\"><\/div><div class=\"swiper-slide\"><img decoding=\"async\" src=\"\/wp-content\/uploads\/2025\/06\/storebrand-1.png\" alt=\"\"><\/div><div class=\"swiper-slide\"><img decoding=\"async\" src=\"\/wp-content\/uploads\/2025\/09\/skistar-logo-2.png\" alt=\"\"><\/div><\/div><\/div><\/div><\/div>\n\n\n\n<div class=\"wp-block-group alignfull text-boxes-v2 is-layout-constrained wp-block-group-is-layout-constrained\">    <section class=\"text-boxes__slider\">\n    <h2 class=\"text-boxes__title show-mobile\">Challenges QuickChannel Solves for Marketers<\/h2>\n        <div class=\"text-boxes swiper-wrapper\">\n            <div class=\"text-boxes__title-box hide-mobile\">\n            <h2 class=\"text-boxes__title\">Challenges QuickChannel Solves for Marketers<\/h2>\n        \n                <\/div>\n        \n            <div class=\"text-boxes__user swiper-slide\">\n                <h3 class=\"text-boxes__user-title\">One company \u2013 One team<\/h3>\n                <p class=\"text-boxes__content\">Our people are the heart of everything we do. Together, we thrive in a borderless culture where every voice matters.<\/p>\n            <\/div>\n        \n            <div class=\"text-boxes__user swiper-slide\">\n                <h3 class=\"text-boxes__user-title\">Always learning<\/h3>\n                <p class=\"text-boxes__content\">Success or learning\u2014both move us forward. Together, with trust and openness.<\/p>\n            <\/div>\n        \n            <div class=\"text-boxes__user swiper-slide\">\n                <h3 class=\"text-boxes__user-title\">Driven by innovation<\/h3>\n                <p class=\"text-boxes__content\">We champion innovation, boldly exploring new approaches to move forward.<\/p>\n            <\/div>\n        \n            <div class=\"text-boxes__user swiper-slide\">\n                <h3 class=\"text-boxes__user-title\">User success is our success<\/h3>\n                <p class=\"text-boxes__content\">Our success grows from yours. By empowering users to reach their goals, we fulfill our own purpose.<\/p>\n            <\/div>\n            <\/div>\n        <\/section>\n<\/div>\n\n\n\n<div class=\"wp-block-group alignfull is-layout-constrained wp-block-group-is-layout-constrained\"><div class=\"blockquote\">\n    <div class=\"blockquote__image-container\">\n        <img decoding=\"async\"  class=\"blockquote__image\" src=\"\/wp-content\/uploads\/2025\/05\/Jonas-Tillgren.png\" alt=\"\"\/>\n    <\/div>\n    <div class=\"blockquote__text-container\">\n        <img decoding=\"async\" class=\"blockquote__logo\" src=\"\/wp-content\/uploads\/2024\/01\/Saab_black-removebg-preview.png\" alt=\"saab-black-logotype\"\/>\n        <blockquote class=\"blockquote__quote heading-h3\">\n            \u201cQuickChannel helped us\u00a0scale video content\u00a0without hiring more staff. The analytics alone saved us 20+ hours a month\u2014now we\u00a0know\u00a0what works.\u201d        <\/blockquote>\n        <div class=\"blockquote__author\">\n        <p class=\"blockquote__author-name heading-h4\"> Jonas Tillgren<\/p>\n        <p class=\"blockquote__author-job-position heading-h5\"> Brand Manager at SAAB<\/p>\n        <\/div>\n    <\/div>\n<\/div>\n<\/div>\n\n\n\n<div class=\"wp-block-group alignfull is-layout-constrained wp-block-group-is-layout-constrained\">\n<h2 class=\"wp-block-heading has-text-align-center heading-h2\">Features Built for Marketing Teams<\/h2>\n\n\n\n<div class=\"wp-block-columns is-layout-flex wp-container-core-columns-is-layout-e4498882 wp-block-columns-is-layout-flex\" style=\"margin-bottom:128px\">\n<div class=\"wp-block-column is-layout-flow wp-block-column-is-layout-flow\">\n<div class=\"wp-block-group is-layout-constrained wp-block-group-is-layout-constrained\">\n<figure class=\"wp-block-image size-full\"><img loading=\"lazy\" decoding=\"async\" width=\"632\" height=\"512\" src=\"\/wp-content\/uploads\/2025\/05\/Frame-427318426.png\" alt=\"\" class=\"wp-image-12075\" srcset=\"\/wp-content\/uploads\/2025\/05\/Frame-427318426.png 632w, \/wp-content\/uploads\/2025\/05\/Frame-427318426-300x243.png 300w, \/wp-content\/uploads\/2025\/05\/Frame-427318426-200x162.png 200w\" sizes=\"auto, (max-width: 632px) 100vw, 632px\" \/><\/figure>\n\n\n\n<h3 class=\"wp-block-heading heading-h4 has-text-color has-link-color wp-elements-e914b2f86d90a0d3817890b007adb4e7\" style=\"color:#0a0f1a\">Multi-Platform Streaming<\/h3>\n\n\n\n<p class=\"has-text-color has-link-color wp-elements-032dbffcc8b545bab28eba6fa8dd1c89\" style=\"color:#344054\">Go live on social + your website simultaneously.<\/p>\n\n\n\n<div class=\"wp-block-buttons is-layout-flex wp-block-buttons-is-layout-flex\">\n<div class=\"wp-block-button is-style-arrow-right\"><a class=\"wp-block-button__link has-text-color has-background has-link-color wp-element-button\" style=\"border-style:none;border-width:0px;color:#81350d;background-color:#ffffff00;padding-right:0;padding-left:0\">More about video streaming<\/a><\/div>\n<\/div>\n<\/div>\n<\/div>\n\n\n\n<div class=\"wp-block-column is-layout-flow wp-block-column-is-layout-flow\" style=\"padding-right:0;padding-left:0\">\n<div class=\"wp-block-group is-layout-constrained wp-block-group-is-layout-constrained\">\n<figure class=\"wp-block-image size-full\"><img loading=\"lazy\" decoding=\"async\" width=\"632\" height=\"512\" src=\"\/wp-content\/uploads\/2025\/05\/Frame-427318426.png\" alt=\"\" class=\"wp-image-12075\" srcset=\"\/wp-content\/uploads\/2025\/05\/Frame-427318426.png 632w, \/wp-content\/uploads\/2025\/05\/Frame-427318426-300x243.png 300w, \/wp-content\/uploads\/2025\/05\/Frame-427318426-200x162.png 200w\" sizes=\"auto, (max-width: 632px) 100vw, 632px\" \/><\/figure>\n\n\n\n<h3 class=\"wp-block-heading heading-h4 has-text-color has-link-color wp-elements-e914b2f86d90a0d3817890b007adb4e7\" style=\"color:#0a0f1a\">Multi-Platform Streaming<\/h3>\n\n\n\n<p class=\"has-text-color has-link-color wp-elements-032dbffcc8b545bab28eba6fa8dd1c89\" style=\"color:#344054\">Go live on social + your website simultaneously.<\/p>\n\n\n\n<div class=\"wp-block-buttons is-layout-flex wp-block-buttons-is-layout-flex\">\n<div class=\"wp-block-button is-style-arrow-right\"><a class=\"wp-block-button__link has-text-color has-background has-link-color wp-element-button\" style=\"border-style:none;border-width:0px;color:#81350d;background-color:#ffffff00;padding-right:0;padding-left:0\">More about video streaming<\/a><\/div>\n<\/div>\n<\/div>\n<\/div>\n<\/div>\n\n\n\n<div class=\"wp-block-columns is-layout-flex wp-container-core-columns-is-layout-c0198eba wp-block-columns-is-layout-flex\">\n<div class=\"wp-block-column is-layout-flow wp-block-column-is-layout-flow\">\n<div class=\"wp-block-group is-layout-constrained wp-block-group-is-layout-constrained\">\n<figure class=\"wp-block-image size-full\"><img loading=\"lazy\" decoding=\"async\" width=\"632\" height=\"512\" src=\"\/wp-content\/uploads\/2025\/05\/Frame-427318426.png\" alt=\"\" class=\"wp-image-12075\" style=\"object-fit:cover\" srcset=\"\/wp-content\/uploads\/2025\/05\/Frame-427318426.png 632w, \/wp-content\/uploads\/2025\/05\/Frame-427318426-300x243.png 300w, \/wp-content\/uploads\/2025\/05\/Frame-427318426-200x162.png 200w\" sizes=\"auto, (max-width: 632px) 100vw, 632px\" \/><\/figure>\n\n\n\n<h3 class=\"wp-block-heading heading-h4 has-text-color has-link-color wp-elements-e914b2f86d90a0d3817890b007adb4e7\" style=\"color:#0a0f1a\">Multi-Platform Streaming<\/h3>\n\n\n\n<p class=\"has-text-color has-link-color wp-elements-c59e60761c452e90292b2fda32f2ca1b\" style=\"color:#344054\">Go live on social + your website simultaneously.More about video streaming<\/p>\n\n\n\n<div class=\"wp-block-buttons is-layout-flex wp-block-buttons-is-layout-flex\">\n<div class=\"wp-block-button is-style-arrow-right\"><a class=\"wp-block-button__link has-text-color has-background has-link-color wp-element-button\" style=\"border-style:none;border-width:0px;color:#81350d;background-color:#ffffff00;padding-right:0;padding-left:0\">More about video streaming<\/a><\/div>\n<\/div>\n<\/div>\n<\/div>\n\n\n\n<div class=\"wp-block-column is-layout-flow wp-block-column-is-layout-flow\">\n<div class=\"wp-block-group is-layout-constrained wp-block-group-is-layout-constrained\">\n<figure class=\"wp-block-image size-full\"><img loading=\"lazy\" decoding=\"async\" width=\"632\" height=\"512\" src=\"\/wp-content\/uploads\/2025\/05\/Frame-427318426.png\" alt=\"\" class=\"wp-image-12075\" srcset=\"\/wp-content\/uploads\/2025\/05\/Frame-427318426.png 632w, \/wp-content\/uploads\/2025\/05\/Frame-427318426-300x243.png 300w, \/wp-content\/uploads\/2025\/05\/Frame-427318426-200x162.png 200w\" sizes=\"auto, (max-width: 632px) 100vw, 632px\" \/><\/figure>\n\n\n\n<h3 class=\"wp-block-heading heading-h4 has-text-color has-link-color wp-elements-e914b2f86d90a0d3817890b007adb4e7\" style=\"color:#0a0f1a\">Multi-Platform Streaming<\/h3>\n\n\n\n<p class=\"has-text-color has-link-color wp-elements-032dbffcc8b545bab28eba6fa8dd1c89\" style=\"color:#344054\">Go live on social + your website simultaneously.<\/p>\n\n\n\n<div class=\"wp-block-buttons is-layout-flex wp-block-buttons-is-layout-flex\">\n<div class=\"wp-block-button is-style-arrow-right\"><a class=\"wp-block-button__link has-text-color has-background has-link-color wp-element-button\" style=\"border-style:none;border-width:0px;color:#81350d;background-color:#ffffff00;padding-right:0;padding-left:0\">More about video streaming<\/a><\/div>\n<\/div>\n<\/div>\n<\/div>\n<\/div>\n<\/div>\n\n\n\n<div class=\"wp-block-cover alignfull\" style=\"margin-top:0;margin-bottom:0;padding-top:248px;padding-bottom:128px\" id=\"form\"><img loading=\"lazy\" decoding=\"async\" width=\"1440\" height=\"983\" class=\"wp-block-cover__image-background wp-image-16492 size-large\" alt=\"\" src=\"\/wp-content\/uploads\/2025\/05\/form-background.svg\" style=\"object-position:50% 0%\" data-object-fit=\"cover\" data-object-position=\"50% 0%\"\/><span aria-hidden=\"true\" class=\"wp-block-cover__background has-background-dim-0 has-background-dim\"><\/span><div class=\"wp-block-cover__inner-container is-layout-constrained wp-block-cover-is-layout-constrained\">\n<div class=\"wp-block-columns are-vertically-aligned-top is-layout-flex wp-container-core-columns-is-layout-28f84493 wp-block-columns-is-layout-flex\">\n<div class=\"wp-block-column is-vertically-aligned-top is-layout-flow wp-block-column-is-layout-flow\">\n<h2 class=\"wp-block-heading has-ast-global-color-5-color has-text-color has-link-color wp-elements-def93fba32b29e690af989038bab0ddf\" style=\"font-size:56px;line-height:1.2\"><strong>Valmis n\u00e4kem\u00e4\u00e4n Quickchannelin toiminnassa?&nbsp;<\/strong><\/h2>\n<\/div>\n\n\n\n<div class=\"wp-block-column is-vertically-aligned-top is-layout-flow wp-block-column-is-layout-flow\">\n<div class=\"new-book-a-demo\">\n<script>\ndocument.addEventListener('DOMContentLoaded', ()=> {\nwindow.addEventListener('hs-form-event:on-submission:success', (event) => {\n_paq.push(['trackEvent', 'Forms', 'Form submission', \"Demo submission\" ]);\n});});\n<\/script>\n<div class=\"hs-form-html\" data-region=\"eu1\" data-form-id=\"1473c0a8-6394-4424-82f2-58b6c9ecc29d\" data-portal-id=\"19712629\"><\/div><\/div>\n<\/div>\n<\/div>\n<\/div><\/div>\n","protected":false},"excerpt":{"rendered":"<p>solutions for marketers Turn Video into Your MostPowerful Marketing Tool Marketers juggle endless tasks\u2014from creating engaging content to proving campaign [&hellip;]<\/p>\n","protected":false},"author":12,"featured_media":0,"parent":0,"menu_order":0,"comment_status":"closed","ping_status":"closed","template":"","meta":{"_acf_changed":false,"site-sidebar-layout":"default","site-content-layout":"","ast-site-content-layout":"","site-content-style":"default","site-sidebar-style":"default","ast-global-header-display":"","ast-banner-title-visibility":"","ast-main-header-display":"","ast-hfb-above-header-display":"","ast-hfb-below-header-display":"","ast-hfb-mobile-header-display":"","site-post-title":"","ast-breadcrumbs-content":"","ast-featured-img":"","footer-sml-layout":"","theme-transparent-header-meta":"","adv-header-id-meta":"","stick-header-meta":"","header-above-stick-meta":"","header-main-stick-meta":"","header-below-stick-meta":"","astra-migrate-meta-layouts":"default","ast-page-background-enabled":"default","ast-page-background-meta":{"desktop":{"background-color":"var(--ast-global-color-4)","background-image":"","background-repeat":"repeat","background-position":"center center","background-size":"auto","background-attachment":"scroll","background-type":"","background-media":"","overlay-type":"","overlay-color":"","overlay-opacity":"","overlay-gradient":""},"tablet":{"background-color":"","background-image":"","background-repeat":"repeat","background-position":"center center","background-size":"auto","background-attachment":"scroll","background-type":"","background-media":"","overlay-type":"","overlay-color":"","overlay-opacity":"","overlay-gradient":""},"mobile":{"background-color":"","background-image":"","background-repeat":"repeat","background-position":"center center","background-size":"auto","background-attachment":"scroll","background-type":"","background-media":"","overlay-type":"","overlay-color":"","overlay-opacity":"","overlay-gradient":""}},"ast-content-background-meta":{"desktop":{"background-color":"var(--ast-global-color-5)","background-image":"","background-repeat":"repeat","background-position":"center center","background-size":"auto","background-attachment":"scroll","background-type":"","background-media":"","overlay-type":"","overlay-color":"","overlay-opacity":"","overlay-gradient":""},"tablet":{"background-color":"var(--ast-global-color-5)","background-image":"","background-repeat":"repeat","background-position":"center center","background-size":"auto","background-attachment":"scroll","background-type":"","background-media":"","overlay-type":"","overlay-color":"","overlay-opacity":"","overlay-gradient":""},"mobile":{"background-color":"var(--ast-global-color-5)","background-image":"","background-repeat":"repeat","background-position":"center center","background-size":"auto","background-attachment":"scroll","background-type":"","background-media":"","overlay-type":"","overlay-color":"","overlay-opacity":"","overlay-gradient":""}},"footnotes":""},"class_list":["post-12096","page","type-page","status-publish","hentry"],"acf":[],"yoast_head":"<!-- This site is optimized with the Yoast SEO plugin v27.6 - https:\/\/yoast.com\/product\/yoast-seo-wordpress\/ -->\n<title>Solutions - Quickchannel<\/title>\n<meta name=\"robots\" content=\"index, follow, max-snippet:-1, max-image-preview:large, max-video-preview:-1\" \/>\n<link rel=\"canonical\" href=\"https:\/\/quickchannel.com\/fi\/solutions\/\" \/>\n<meta property=\"og:locale\" content=\"fi_FI\" \/>\n<meta property=\"og:type\" content=\"article\" \/>\n<meta property=\"og:title\" content=\"Solutions - Quickchannel\" \/>\n<meta property=\"og:description\" content=\"solutions for marketers Turn Video into Your MostPowerful Marketing Tool Marketers juggle endless tasks\u2014from creating engaging content to proving campaign [&hellip;]\" \/>\n<meta property=\"og:url\" content=\"https:\/\/quickchannel.com\/fi\/solutions\/\" \/>\n<meta property=\"og:site_name\" content=\"Quickchannel\" \/>\n<meta property=\"article:publisher\" content=\"https:\/\/www.facebook.com\/61567385758463\" \/>\n<meta property=\"article:modified_time\" content=\"2025-06-02T16:25:15+00:00\" \/>\n<meta name=\"twitter:card\" content=\"summary_large_image\" \/>\n<meta name=\"twitter:label1\" content=\"Arvioitu lukuaika\" \/>\n\t<meta name=\"twitter:data1\" content=\"2 minuuttia\" \/>\n<script type=\"application\/ld+json\" class=\"yoast-schema-graph\">{\"@context\":\"https:\\\/\\\/schema.org\",\"@graph\":[{\"@type\":\"WebPage\",\"@id\":\"https:\\\/\\\/quickchannel.com\\\/fi\\\/solutions\\\/\",\"url\":\"https:\\\/\\\/quickchannel.com\\\/fi\\\/solutions\\\/\",\"name\":\"Solutions - Quickchannel\",\"isPartOf\":{\"@id\":\"https:\\\/\\\/quickchannel.com\\\/fi\\\/#website\"},\"datePublished\":\"2025-05-30T06:11:41+00:00\",\"dateModified\":\"2025-06-02T16:25:15+00:00\",\"breadcrumb\":{\"@id\":\"https:\\\/\\\/quickchannel.com\\\/fi\\\/solutions\\\/#breadcrumb\"},\"inLanguage\":\"fi\",\"potentialAction\":[{\"@type\":\"ReadAction\",\"target\":[\"https:\\\/\\\/quickchannel.com\\\/fi\\\/solutions\\\/\"]}]},{\"@type\":\"BreadcrumbList\",\"@id\":\"https:\\\/\\\/quickchannel.com\\\/fi\\\/solutions\\\/#breadcrumb\",\"itemListElement\":[{\"@type\":\"ListItem\",\"position\":1,\"name\":\"Home\",\"item\":\"https:\\\/\\\/quickchannel.com\\\/fi\\\/\"},{\"@type\":\"ListItem\",\"position\":2,\"name\":\"Solutions\"}]},{\"@type\":\"WebSite\",\"@id\":\"https:\\\/\\\/quickchannel.com\\\/fi\\\/#website\",\"url\":\"https:\\\/\\\/quickchannel.com\\\/fi\\\/\",\"name\":\"Quickchannel\",\"description\":\"All you need for video creation, management, and sharing \u2013 whether on-demand or live \u2013 all within one end-to-end platform.\",\"publisher\":{\"@id\":\"https:\\\/\\\/quickchannel.com\\\/fi\\\/#organization\"},\"alternateName\":\"QC\",\"potentialAction\":[{\"@type\":\"SearchAction\",\"target\":{\"@type\":\"EntryPoint\",\"urlTemplate\":\"https:\\\/\\\/quickchannel.com\\\/fi\\\/?s={search_term_string}\"},\"query-input\":{\"@type\":\"PropertyValueSpecification\",\"valueRequired\":true,\"valueName\":\"search_term_string\"}}],\"inLanguage\":\"fi\"},{\"@type\":\"Organization\",\"@id\":\"https:\\\/\\\/quickchannel.com\\\/fi\\\/#organization\",\"name\":\"Quickchannel\",\"url\":\"https:\\\/\\\/quickchannel.com\\\/fi\\\/\",\"logo\":{\"@type\":\"ImageObject\",\"inLanguage\":\"fi\",\"@id\":\"https:\\\/\\\/quickchannel.com\\\/fi\\\/#\\\/schema\\\/logo\\\/image\\\/\",\"url\":\"\\\/wp-content\\\/uploads\\\/2024\\\/07\\\/qc-logo-black-horisontal-no-slogan-scaled.webp\",\"contentUrl\":\"\\\/wp-content\\\/uploads\\\/2024\\\/07\\\/qc-logo-black-horisontal-no-slogan-scaled.webp\",\"width\":2560,\"height\":330,\"caption\":\"Quickchannel\"},\"image\":{\"@id\":\"https:\\\/\\\/quickchannel.com\\\/fi\\\/#\\\/schema\\\/logo\\\/image\\\/\"},\"sameAs\":[\"https:\\\/\\\/www.facebook.com\\\/61567385758463\",\"https:\\\/\\\/www.linkedin.com\\\/company\\\/quickchannel-ab\",\"https:\\\/\\\/www.youtube.com\\\/@quickchannelab\"]}]}<\/script>\n<!-- \/ Yoast SEO plugin. -->","yoast_head_json":{"title":"Solutions - Quickchannel","robots":{"index":"index","follow":"follow","max-snippet":"max-snippet:-1","max-image-preview":"max-image-preview:large","max-video-preview":"max-video-preview:-1"},"canonical":"https:\/\/quickchannel.com\/fi\/solutions\/","og_locale":"fi_FI","og_type":"article","og_title":"Solutions - Quickchannel","og_description":"solutions for marketers Turn Video into Your MostPowerful Marketing Tool Marketers juggle endless tasks\u2014from creating engaging content to proving campaign [&hellip;]","og_url":"https:\/\/quickchannel.com\/fi\/solutions\/","og_site_name":"Quickchannel","article_publisher":"https:\/\/www.facebook.com\/61567385758463","article_modified_time":"2025-06-02T16:25:15+00:00","twitter_card":"summary_large_image","twitter_misc":{"Arvioitu lukuaika":"2 minuuttia"},"schema":{"@context":"https:\/\/schema.org","@graph":[{"@type":"WebPage","@id":"https:\/\/quickchannel.com\/fi\/solutions\/","url":"https:\/\/quickchannel.com\/fi\/solutions\/","name":"Solutions - Quickchannel","isPartOf":{"@id":"https:\/\/quickchannel.com\/fi\/#website"},"datePublished":"2025-05-30T06:11:41+00:00","dateModified":"2025-06-02T16:25:15+00:00","breadcrumb":{"@id":"https:\/\/quickchannel.com\/fi\/solutions\/#breadcrumb"},"inLanguage":"fi","potentialAction":[{"@type":"ReadAction","target":["https:\/\/quickchannel.com\/fi\/solutions\/"]}]},{"@type":"BreadcrumbList","@id":"https:\/\/quickchannel.com\/fi\/solutions\/#breadcrumb","itemListElement":[{"@type":"ListItem","position":1,"name":"Home","item":"https:\/\/quickchannel.com\/fi\/"},{"@type":"ListItem","position":2,"name":"Solutions"}]},{"@type":"WebSite","@id":"https:\/\/quickchannel.com\/fi\/#website","url":"https:\/\/quickchannel.com\/fi\/","name":"Quickchannel","description":"All you need for video creation, management, and sharing \u2013 whether on-demand or live \u2013 all within one end-to-end platform.","publisher":{"@id":"https:\/\/quickchannel.com\/fi\/#organization"},"alternateName":"QC","potentialAction":[{"@type":"SearchAction","target":{"@type":"EntryPoint","urlTemplate":"https:\/\/quickchannel.com\/fi\/?s={search_term_string}"},"query-input":{"@type":"PropertyValueSpecification","valueRequired":true,"valueName":"search_term_string"}}],"inLanguage":"fi"},{"@type":"Organization","@id":"https:\/\/quickchannel.com\/fi\/#organization","name":"Quickchannel","url":"https:\/\/quickchannel.com\/fi\/","logo":{"@type":"ImageObject","inLanguage":"fi","@id":"https:\/\/quickchannel.com\/fi\/#\/schema\/logo\/image\/","url":"\/wp-content\/uploads\/2024\/07\/qc-logo-black-horisontal-no-slogan-scaled.webp","contentUrl":"\/wp-content\/uploads\/2024\/07\/qc-logo-black-horisontal-no-slogan-scaled.webp","width":2560,"height":330,"caption":"Quickchannel"},"image":{"@id":"https:\/\/quickchannel.com\/fi\/#\/schema\/logo\/image\/"},"sameAs":["https:\/\/www.facebook.com\/61567385758463","https:\/\/www.linkedin.com\/company\/quickchannel-ab","https:\/\/www.youtube.com\/@quickchannelab"]}]}},"_links":{"self":[{"href":"https:\/\/quickchannel.com\/fi\/wp-json\/wp\/v2\/pages\/12096","targetHints":{"allow":["GET"]}}],"collection":[{"href":"https:\/\/quickchannel.com\/fi\/wp-json\/wp\/v2\/pages"}],"about":[{"href":"https:\/\/quickchannel.com\/fi\/wp-json\/wp\/v2\/types\/page"}],"author":[{"embeddable":true,"href":"https:\/\/quickchannel.com\/fi\/wp-json\/wp\/v2\/users\/12"}],"replies":[{"embeddable":true,"href":"https:\/\/quickchannel.com\/fi\/wp-json\/wp\/v2\/comments?post=12096"}],"version-history":[{"count":4,"href":"https:\/\/quickchannel.com\/fi\/wp-json\/wp\/v2\/pages\/12096\/revisions"}],"predecessor-version":[{"id":12896,"href":"https:\/\/quickchannel.com\/fi\/wp-json\/wp\/v2\/pages\/12096\/revisions\/12896"}],"wp:attachment":[{"href":"https:\/\/quickchannel.com\/fi\/wp-json\/wp\/v2\/media?parent=12096"}],"curies":[{"name":"wp","href":"https:\/\/api.w.org\/{rel}","templated":true}]}}