{"id":497,"date":"2024-07-08T12:06:42","date_gmt":"2024-07-08T12:06:42","guid":{"rendered":"https:\/\/kristofer.quickchannel.com\/?page_id=497"},"modified":"2025-06-12T07:00:22","modified_gmt":"2025-06-12T07:00:22","slug":"organ-harryda-kommun","status":"publish","type":"page","link":"https:\/\/quickchannel.com\/en\/organ-harryda-kommun\/","title":{"rendered":"H\u00e4rryda Kommun &#8211; Organ"},"content":{"rendered":"\n<div class=\"wp-block-group alignfull is-layout-constrained wp-container-core-group-is-layout-d273a42d wp-block-group-is-layout-constrained has-background\" style=\"margin-top:0;margin-bottom:0;padding-top:168px;padding-bottom:136px;background-image:url(&apos;\/wp-content\/uploads\/2025\/05\/light-banner-1.png&apos;);background-position:50% 100%;background-size:cover;\">\n<h2 class=\"wp-block-heading has-text-align-center heading-h6 has-text-color has-link-color wp-elements-d6638f5e585f8451d77569d746748ade\" style=\"color:#81350d;margin-top:0;margin-right:0;margin-bottom:0;margin-left:0;text-transform:uppercase\"><strong>Organ \u2013 h\u00e4rryda kommun<\/strong><\/h2>\n\n\n\n<h1 class=\"wp-block-heading has-text-align-center heading-h1 has-text-color has-link-color wp-elements-ee923b01b4a2dd7df6d024467380c861\" style=\"color:#462004;margin-top:0;margin-right:0;margin-bottom:0;margin-left:0;font-size:56px\">Organ \u2013 H\u00e4rryda Kommun<\/h1>\n\n\n\n<p class=\"has-text-align-center narrow-container\">V\u00e4lj organ<\/p>\n<\/div>\n\n\n\n<div class=\"wp-block-group is-layout-constrained wp-container-core-group-is-layout-52fd8420 wp-block-group-is-layout-constrained\">\n<h2 class=\"wp-block-heading has-text-align-center has-large-font-size\"><a href=\"https:\/\/secure.quickchannel.com\/qc\/create\/meetingv2.asp?PRODUCER_ID=ability633\">Kommunfullm\u00e4ktige<\/a><\/h2>\n\n\n\n<h2 class=\"wp-block-heading has-text-align-center has-large-font-size\"><a href=\"https:\/\/secure.quickchannel.com\/qc\/create\/meetingv2.asp?PRODUCER_ID=ability669\">Kommunstyrelsen<\/a><\/h2>\n\n\n\n<h2 class=\"wp-block-heading has-text-align-center has-large-font-size\"><a href=\"https:\/\/secure.quickchannel.com\/qc\/create\/meetingv2.asp?PRODUCER_ID=ability684\">Socialn\u00e4mnden<\/a><\/h2>\n\n\n\n<h2 class=\"wp-block-heading has-text-align-center has-large-font-size\"><a href=\"https:\/\/secure.quickchannel.com\/qc\/create\/meetingv2.asp?PRODUCER_ID=ability1756\">Milj\u00f6- och bygglovsn\u00e4mnden<\/a><\/h2>\n\n\n\n<h2 class=\"wp-block-heading has-text-align-center has-large-font-size\"><a href=\"https:\/\/secure.quickchannel.com\/qc\/create\/meetingclient.asp?PRODUCER_ID=ability1729\">N\u00e4mnden f\u00f6r utbildning, kultur och fritid<\/a><\/h2>\n<\/div>\n\n\n\n<figure class=\"wp-block-image aligncenter size-full\"><img loading=\"lazy\" decoding=\"async\" width=\"452\" height=\"165\" src=\"https:\/\/quickchannel.com\/wp-content\/uploads\/2024\/09\/Harryda-Kommun-logga.webp\" alt=\"H\u00e4rryda kommun logotype\" class=\"wp-image-4020\" srcset=\"\/wp-content\/uploads\/2024\/09\/Harryda-Kommun-logga.webp 452w, \/wp-content\/uploads\/2024\/09\/Harryda-Kommun-logga-300x110.webp 300w, \/wp-content\/uploads\/2024\/09\/Harryda-Kommun-logga-200x73.webp 200w\" sizes=\"auto, (max-width: 452px) 100vw, 452px\" \/><\/figure>\n","protected":false},"excerpt":{"rendered":"<p>Organ \u2013 h\u00e4rryda kommun Organ \u2013 H\u00e4rryda Kommun V\u00e4lj organ Kommunfullm\u00e4ktige Kommunstyrelsen Socialn\u00e4mnden Milj\u00f6- och bygglovsn\u00e4mnden N\u00e4mnden f\u00f6r utbildning, kultur [&hellip;]<\/p>\n","protected":false},"author":1,"featured_media":0,"parent":0,"menu_order":0,"comment_status":"closed","ping_status":"closed","template":"","meta":{"_acf_changed":false,"site-sidebar-layout":"default","site-content-layout":"","ast-site-content-layout":"default","site-content-style":"default","site-sidebar-style":"default","ast-global-header-display":"","ast-banner-title-visibility":"","ast-main-header-display":"","ast-hfb-above-header-display":"","ast-hfb-below-header-display":"","ast-hfb-mobile-header-display":"","site-post-title":"disabled","ast-breadcrumbs-content":"","ast-featured-img":"","footer-sml-layout":"","theme-transparent-header-meta":"","adv-header-id-meta":"","stick-header-meta":"","header-above-stick-meta":"","header-main-stick-meta":"","header-below-stick-meta":"","astra-migrate-meta-layouts":"default","ast-page-background-enabled":"default","ast-page-background-meta":{"desktop":{"background-color":"var(--ast-global-color-5)","background-image":"","background-repeat":"repeat","background-position":"center center","background-size":"auto","background-attachment":"scroll","background-type":"","background-media":"","overlay-type":"","overlay-color":"","overlay-opacity":"","overlay-gradient":""},"tablet":{"background-color":"","background-image":"","background-repeat":"repeat","background-position":"center center","background-size":"auto","background-attachment":"scroll","background-type":"","background-media":"","overlay-type":"","overlay-color":"","overlay-opacity":"","overlay-gradient":""},"mobile":{"background-color":"","background-image":"","background-repeat":"repeat","background-position":"center center","background-size":"auto","background-attachment":"scroll","background-type":"","background-media":"","overlay-type":"","overlay-color":"","overlay-opacity":"","overlay-gradient":""}},"ast-content-background-meta":{"desktop":{"background-color":"var(--ast-global-color-4)","background-image":"","background-repeat":"repeat","background-position":"center center","background-size":"auto","background-attachment":"scroll","background-type":"","background-media":"","overlay-type":"","overlay-color":"","overlay-opacity":"","overlay-gradient":""},"tablet":{"background-color":"var(--ast-global-color-4)","background-image":"","background-repeat":"repeat","background-position":"center center","background-size":"auto","background-attachment":"scroll","background-type":"","background-media":"","overlay-type":"","overlay-color":"","overlay-opacity":"","overlay-gradient":""},"mobile":{"background-color":"var(--ast-global-color-4)","background-image":"","background-repeat":"repeat","background-position":"center center","background-size":"auto","background-attachment":"scroll","background-type":"","background-media":"","overlay-type":"","overlay-color":"","overlay-opacity":"","overlay-gradient":""}},"footnotes":""},"class_list":["post-497","page","type-page","status-publish","hentry"],"acf":[],"yoast_head":"<!-- This site is optimized with the Yoast SEO plugin v27.4 - https:\/\/yoast.com\/product\/yoast-seo-wordpress\/ -->\n<title>H\u00e4rryda Kommun - Organ - Quickchannel<\/title>\n<meta name=\"robots\" content=\"index, follow, max-snippet:-1, max-image-preview:large, max-video-preview:-1\" \/>\n<link rel=\"canonical\" href=\"https:\/\/quickchannel.com\/en\/organ-harryda-kommun\/\" \/>\n<meta property=\"og:locale\" content=\"en_US\" \/>\n<meta property=\"og:type\" content=\"article\" \/>\n<meta property=\"og:title\" content=\"H\u00e4rryda Kommun - Organ - Quickchannel\" \/>\n<meta property=\"og:description\" content=\"Organ \u2013 h\u00e4rryda kommun Organ \u2013 H\u00e4rryda Kommun V\u00e4lj organ Kommunfullm\u00e4ktige Kommunstyrelsen Socialn\u00e4mnden Milj\u00f6- och bygglovsn\u00e4mnden N\u00e4mnden f\u00f6r utbildning, kultur [&hellip;]\" \/>\n<meta property=\"og:url\" content=\"https:\/\/quickchannel.com\/en\/organ-harryda-kommun\/\" \/>\n<meta property=\"og:site_name\" content=\"Quickchannel\" \/>\n<meta property=\"article:publisher\" content=\"https:\/\/www.facebook.com\/61567385758463\" \/>\n<meta property=\"article:modified_time\" content=\"2025-06-12T07:00:22+00:00\" \/>\n<meta property=\"og:image\" content=\"https:\/\/quickchannel.com\/wp-content\/uploads\/2024\/09\/Harryda-Kommun-logga.webp\" \/>\n\t<meta property=\"og:image:width\" content=\"452\" \/>\n\t<meta property=\"og:image:height\" content=\"165\" \/>\n\t<meta property=\"og:image:type\" content=\"image\/webp\" \/>\n<meta name=\"twitter:card\" content=\"summary_large_image\" \/>\n<meta name=\"twitter:label1\" content=\"Est. reading time\" \/>\n\t<meta name=\"twitter:data1\" content=\"1 minute\" \/>\n<script type=\"application\/ld+json\" class=\"yoast-schema-graph\">{\"@context\":\"https:\\\/\\\/schema.org\",\"@graph\":[{\"@type\":\"WebPage\",\"@id\":\"https:\\\/\\\/quickchannel.com\\\/en\\\/organ-harryda-kommun\\\/\",\"url\":\"https:\\\/\\\/quickchannel.com\\\/en\\\/organ-harryda-kommun\\\/\",\"name\":\"H\u00e4rryda Kommun - Organ - Quickchannel\",\"isPartOf\":{\"@id\":\"https:\\\/\\\/quickchannel.com\\\/en\\\/#website\"},\"primaryImageOfPage\":{\"@id\":\"https:\\\/\\\/quickchannel.com\\\/en\\\/organ-harryda-kommun\\\/#primaryimage\"},\"image\":{\"@id\":\"https:\\\/\\\/quickchannel.com\\\/en\\\/organ-harryda-kommun\\\/#primaryimage\"},\"thumbnailUrl\":\"https:\\\/\\\/quickchannel.com\\\/wp-content\\\/uploads\\\/2024\\\/09\\\/Harryda-Kommun-logga.webp\",\"datePublished\":\"2024-07-08T12:06:42+00:00\",\"dateModified\":\"2025-06-12T07:00:22+00:00\",\"breadcrumb\":{\"@id\":\"https:\\\/\\\/quickchannel.com\\\/en\\\/organ-harryda-kommun\\\/#breadcrumb\"},\"inLanguage\":\"en-US\",\"potentialAction\":[{\"@type\":\"ReadAction\",\"target\":[\"https:\\\/\\\/quickchannel.com\\\/en\\\/organ-harryda-kommun\\\/\"]}]},{\"@type\":\"ImageObject\",\"inLanguage\":\"en-US\",\"@id\":\"https:\\\/\\\/quickchannel.com\\\/en\\\/organ-harryda-kommun\\\/#primaryimage\",\"url\":\"https:\\\/\\\/quickchannel.com\\\/wp-content\\\/uploads\\\/2024\\\/09\\\/Harryda-Kommun-logga.webp\",\"contentUrl\":\"https:\\\/\\\/quickchannel.com\\\/wp-content\\\/uploads\\\/2024\\\/09\\\/Harryda-Kommun-logga.webp\"},{\"@type\":\"BreadcrumbList\",\"@id\":\"https:\\\/\\\/quickchannel.com\\\/en\\\/organ-harryda-kommun\\\/#breadcrumb\",\"itemListElement\":[{\"@type\":\"ListItem\",\"position\":1,\"name\":\"Home\",\"item\":\"https:\\\/\\\/quickchannel.com\\\/en\\\/\"},{\"@type\":\"ListItem\",\"position\":2,\"name\":\"H\u00e4rryda Kommun &#8211; Organ\"}]},{\"@type\":\"WebSite\",\"@id\":\"https:\\\/\\\/quickchannel.com\\\/en\\\/#website\",\"url\":\"https:\\\/\\\/quickchannel.com\\\/en\\\/\",\"name\":\"Quickchannel\",\"description\":\"All you need for video creation, management, and sharing \u2013 whether on-demand or live \u2013 all within one end-to-end platform.\",\"publisher\":{\"@id\":\"https:\\\/\\\/quickchannel.com\\\/en\\\/#organization\"},\"alternateName\":\"QC\",\"potentialAction\":[{\"@type\":\"SearchAction\",\"target\":{\"@type\":\"EntryPoint\",\"urlTemplate\":\"https:\\\/\\\/quickchannel.com\\\/en\\\/?s={search_term_string}\"},\"query-input\":{\"@type\":\"PropertyValueSpecification\",\"valueRequired\":true,\"valueName\":\"search_term_string\"}}],\"inLanguage\":\"en-US\"},{\"@type\":\"Organization\",\"@id\":\"https:\\\/\\\/quickchannel.com\\\/en\\\/#organization\",\"name\":\"Quickchannel\",\"url\":\"https:\\\/\\\/quickchannel.com\\\/en\\\/\",\"logo\":{\"@type\":\"ImageObject\",\"inLanguage\":\"en-US\",\"@id\":\"https:\\\/\\\/quickchannel.com\\\/en\\\/#\\\/schema\\\/logo\\\/image\\\/\",\"url\":\"\\\/wp-content\\\/uploads\\\/2024\\\/07\\\/qc-logo-black-horisontal-no-slogan-scaled.webp\",\"contentUrl\":\"\\\/wp-content\\\/uploads\\\/2024\\\/07\\\/qc-logo-black-horisontal-no-slogan-scaled.webp\",\"width\":2560,\"height\":330,\"caption\":\"Quickchannel\"},\"image\":{\"@id\":\"https:\\\/\\\/quickchannel.com\\\/en\\\/#\\\/schema\\\/logo\\\/image\\\/\"},\"sameAs\":[\"https:\\\/\\\/www.facebook.com\\\/61567385758463\",\"https:\\\/\\\/www.linkedin.com\\\/company\\\/quickchannel-ab\",\"https:\\\/\\\/www.youtube.com\\\/@quickchannelab\"]}]}<\/script>\n<!-- \/ Yoast SEO plugin. -->","yoast_head_json":{"title":"H\u00e4rryda Kommun - Organ - Quickchannel","robots":{"index":"index","follow":"follow","max-snippet":"max-snippet:-1","max-image-preview":"max-image-preview:large","max-video-preview":"max-video-preview:-1"},"canonical":"https:\/\/quickchannel.com\/en\/organ-harryda-kommun\/","og_locale":"en_US","og_type":"article","og_title":"H\u00e4rryda Kommun - Organ - Quickchannel","og_description":"Organ \u2013 h\u00e4rryda kommun Organ \u2013 H\u00e4rryda Kommun V\u00e4lj organ Kommunfullm\u00e4ktige Kommunstyrelsen Socialn\u00e4mnden Milj\u00f6- och bygglovsn\u00e4mnden N\u00e4mnden f\u00f6r utbildning, kultur [&hellip;]","og_url":"https:\/\/quickchannel.com\/en\/organ-harryda-kommun\/","og_site_name":"Quickchannel","article_publisher":"https:\/\/www.facebook.com\/61567385758463","article_modified_time":"2025-06-12T07:00:22+00:00","og_image":[{"width":452,"height":165,"url":"https:\/\/quickchannel.com\/wp-content\/uploads\/2024\/09\/Harryda-Kommun-logga.webp","type":"image\/webp"}],"twitter_card":"summary_large_image","twitter_misc":{"Est. reading time":"1 minute"},"schema":{"@context":"https:\/\/schema.org","@graph":[{"@type":"WebPage","@id":"https:\/\/quickchannel.com\/en\/organ-harryda-kommun\/","url":"https:\/\/quickchannel.com\/en\/organ-harryda-kommun\/","name":"H\u00e4rryda Kommun - Organ - Quickchannel","isPartOf":{"@id":"https:\/\/quickchannel.com\/en\/#website"},"primaryImageOfPage":{"@id":"https:\/\/quickchannel.com\/en\/organ-harryda-kommun\/#primaryimage"},"image":{"@id":"https:\/\/quickchannel.com\/en\/organ-harryda-kommun\/#primaryimage"},"thumbnailUrl":"https:\/\/quickchannel.com\/wp-content\/uploads\/2024\/09\/Harryda-Kommun-logga.webp","datePublished":"2024-07-08T12:06:42+00:00","dateModified":"2025-06-12T07:00:22+00:00","breadcrumb":{"@id":"https:\/\/quickchannel.com\/en\/organ-harryda-kommun\/#breadcrumb"},"inLanguage":"en-US","potentialAction":[{"@type":"ReadAction","target":["https:\/\/quickchannel.com\/en\/organ-harryda-kommun\/"]}]},{"@type":"ImageObject","inLanguage":"en-US","@id":"https:\/\/quickchannel.com\/en\/organ-harryda-kommun\/#primaryimage","url":"https:\/\/quickchannel.com\/wp-content\/uploads\/2024\/09\/Harryda-Kommun-logga.webp","contentUrl":"https:\/\/quickchannel.com\/wp-content\/uploads\/2024\/09\/Harryda-Kommun-logga.webp"},{"@type":"BreadcrumbList","@id":"https:\/\/quickchannel.com\/en\/organ-harryda-kommun\/#breadcrumb","itemListElement":[{"@type":"ListItem","position":1,"name":"Home","item":"https:\/\/quickchannel.com\/en\/"},{"@type":"ListItem","position":2,"name":"H\u00e4rryda Kommun &#8211; Organ"}]},{"@type":"WebSite","@id":"https:\/\/quickchannel.com\/en\/#website","url":"https:\/\/quickchannel.com\/en\/","name":"Quickchannel","description":"All you need for video creation, management, and sharing \u2013 whether on-demand or live \u2013 all within one end-to-end platform.","publisher":{"@id":"https:\/\/quickchannel.com\/en\/#organization"},"alternateName":"QC","potentialAction":[{"@type":"SearchAction","target":{"@type":"EntryPoint","urlTemplate":"https:\/\/quickchannel.com\/en\/?s={search_term_string}"},"query-input":{"@type":"PropertyValueSpecification","valueRequired":true,"valueName":"search_term_string"}}],"inLanguage":"en-US"},{"@type":"Organization","@id":"https:\/\/quickchannel.com\/en\/#organization","name":"Quickchannel","url":"https:\/\/quickchannel.com\/en\/","logo":{"@type":"ImageObject","inLanguage":"en-US","@id":"https:\/\/quickchannel.com\/en\/#\/schema\/logo\/image\/","url":"\/wp-content\/uploads\/2024\/07\/qc-logo-black-horisontal-no-slogan-scaled.webp","contentUrl":"\/wp-content\/uploads\/2024\/07\/qc-logo-black-horisontal-no-slogan-scaled.webp","width":2560,"height":330,"caption":"Quickchannel"},"image":{"@id":"https:\/\/quickchannel.com\/en\/#\/schema\/logo\/image\/"},"sameAs":["https:\/\/www.facebook.com\/61567385758463","https:\/\/www.linkedin.com\/company\/quickchannel-ab","https:\/\/www.youtube.com\/@quickchannelab"]}]}},"_links":{"self":[{"href":"https:\/\/quickchannel.com\/en\/wp-json\/wp\/v2\/pages\/497","targetHints":{"allow":["GET"]}}],"collection":[{"href":"https:\/\/quickchannel.com\/en\/wp-json\/wp\/v2\/pages"}],"about":[{"href":"https:\/\/quickchannel.com\/en\/wp-json\/wp\/v2\/types\/page"}],"author":[{"embeddable":true,"href":"https:\/\/quickchannel.com\/en\/wp-json\/wp\/v2\/users\/1"}],"replies":[{"embeddable":true,"href":"https:\/\/quickchannel.com\/en\/wp-json\/wp\/v2\/comments?post=497"}],"version-history":[{"count":3,"href":"https:\/\/quickchannel.com\/en\/wp-json\/wp\/v2\/pages\/497\/revisions"}],"predecessor-version":[{"id":16036,"href":"https:\/\/quickchannel.com\/en\/wp-json\/wp\/v2\/pages\/497\/revisions\/16036"}],"wp:attachment":[{"href":"https:\/\/quickchannel.com\/en\/wp-json\/wp\/v2\/media?parent=497"}],"curies":[{"name":"wp","href":"https:\/\/api.w.org\/{rel}","templated":true}]}}