{"id":11664,"date":"2025-05-28T07:31:26","date_gmt":"2025-05-28T07:31:26","guid":{"rendered":"https:\/\/quickchannel.com\/?page_id=11664"},"modified":"2025-06-23T09:23:14","modified_gmt":"2025-06-23T09:23:14","slug":"sa-kommer-du-igang-med-quickchannel-och-clipsk","status":"publish","type":"page","link":"https:\/\/quickchannel.com\/en\/sa-kommer-du-igang-med-quickchannel-och-clipsk\/","title":{"rendered":"S\u00e5 kommer du ig\u00e5ng med Quickchannel och Clipsk"},"content":{"rendered":"\n<div class=\"wp-block-group alignfull is-layout-constrained wp-block-group-is-layout-constrained has-background\" style=\"padding-top:180px;padding-bottom:250px;background-image:url(&apos;\/wp-content\/uploads\/2025\/05\/light-banner-2-1.png&apos;);background-position:50% 100%;background-size:cover;\">\n<div class=\"wp-block-columns is-layout-flex wp-container-core-columns-is-layout-28f84493 wp-block-columns-is-layout-flex\">\n<div class=\"wp-block-column is-layout-flow wp-block-column-is-layout-flow\">\n<h2 class=\"wp-block-heading heading-h6 has-text-color has-link-color wp-elements-1daabb7fe1c52f7e0ab4198fc60875fa\" style=\"color:#462004;text-transform:uppercase\"><strong>Quickchannel &amp; Clipsk<\/strong><\/h2>\n\n\n\n<h2 class=\"wp-block-heading heading-h1 has-text-color has-link-color wp-elements-d788872e0b11217bd6c0bc8aa037eda4\" style=\"color:#462004\"><strong>Kombinera Quickchannel och Clipsk f\u00f6r att effektivisera ditt arbetsfl\u00f6de med video<\/strong><\/h2>\n\n\n\n<p><strong>Med hj\u00e4lp av v\u00e5rt samarbete med Clipsk kan kunder nu till Quickchannel och Clipsk redigera mobilanpassad video i Clipsk-appen och samtidigt lagra det i Quickchannel. Detta m\u00f6jligg\u00f6r att du kan effektivisera ditt arbetsfl\u00f6de med video och skapa proffsigt videoinneh\u00e5ll snabbare.<\/strong><\/p>\n\n\n\n<p><strong>F\u00f6r att kunna anv\u00e4nda Quickchannel och Clipsk tillsammans beh\u00f6ver du<\/strong>:<\/p>\n\n\n\n<ul class=\"wp-block-list\">\n<li>Ett Quickchannel-konto med \u00e5tkomst till API<\/li>\n\n\n\n<li>En aktiv prenumeration av Clipsk<\/li>\n<\/ul>\n<\/div>\n\n\n\n<div class=\"wp-block-column is-layout-flow wp-block-column-is-layout-flow\">\n<div class=\"new-book-a-demo\"><script charset=\"utf-8\" type=\"text\/javascript\" src=\"\/\/js-eu1.hsforms.net\/forms\/embed\/v2.js\"><\/script>\n<script>\n  hbspt.forms.create({\n    portalId: \"19712629\",\n    formId: \"f7929503-6469-4447-8eda-74b8aa91faac\",\n    region: \"eu1\"\n  });\n<\/script><\/div>\n<\/div>\n<\/div>\n\n\n\n<div class=\"wp-block-group alignwide is-layout-constrained wp-block-group-is-layout-constrained\" id=\"results\"><\/div>\n<\/div>\n\n\n\n<div class=\"wp-block-columns are-vertically-aligned-center is-layout-flex wp-container-core-columns-is-layout-28f84493 wp-block-columns-is-layout-flex\">\n<div class=\"wp-block-column is-vertically-aligned-center is-layout-flow wp-block-column-is-layout-flow\" style=\"flex-basis:420px\">\n<div class=\"wp-block-group is-layout-constrained wp-block-group-is-layout-constrained\">\n<h2 class=\"wp-block-heading\">Clipsk \u2013 videoredigering direkt i mobilen<\/h2>\n\n\n\n<ul class=\"wp-block-list\">\n<li>Med <a href=\"https:\/\/www.clipsk.se\/\" target=\"_blank\" rel=\"noreferrer noopener\">Clipsk app<\/a> redigerar du video direkt i mobilen anpassat f\u00f6r &#8220;short form&#8221;-inneh\u00e5ll<\/li>\n\n\n\n<li>Skr\u00e4ddarsytt varum\u00e4rkesanpassat video-inneh\u00e5ll f\u00f6r hela organisationen<\/li>\n\n\n\n<li>Fullt GDPR-kompatibelt<\/li>\n<\/ul>\n<\/div>\n<\/div>\n\n\n\n<div class=\"wp-block-column is-vertically-aligned-center is-layout-flow wp-block-column-is-layout-flow\">\n<figure class=\"wp-block-image size-large is-resized\"><img loading=\"lazy\" decoding=\"async\" width=\"764\" height=\"1024\" src=\"\/wp-content\/uploads\/2025\/05\/clipsk-functions-brand-764x1024.png\" alt=\"\" class=\"wp-image-11677\" style=\"width:auto;height:400px\" srcset=\"\/wp-content\/uploads\/2025\/05\/clipsk-functions-brand-764x1024.png 764w, \/wp-content\/uploads\/2025\/05\/clipsk-functions-brand-224x300.png 224w, \/wp-content\/uploads\/2025\/05\/clipsk-functions-brand-768x1029.png 768w, \/wp-content\/uploads\/2025\/05\/clipsk-functions-brand-200x268.png 200w, \/wp-content\/uploads\/2025\/05\/clipsk-functions-brand.png 1000w\" sizes=\"auto, (max-width: 764px) 100vw, 764px\" \/><\/figure>\n<\/div>\n<\/div>\n\n\n\n<div class=\"wp-block-columns are-vertically-aligned-center is-layout-flex wp-container-core-columns-is-layout-28f84493 wp-block-columns-is-layout-flex\">\n<div class=\"wp-block-column is-vertically-aligned-center is-layout-flow wp-block-column-is-layout-flow\">\n<figure class=\"wp-block-image size-large\"><img loading=\"lazy\" decoding=\"async\" width=\"1024\" height=\"727\" src=\"\/wp-content\/uploads\/2025\/05\/Video-editor-1024x727.png\" alt=\"\" class=\"wp-image-11667\" srcset=\"\/wp-content\/uploads\/2025\/05\/Video-editor-1024x727.png 1024w, \/wp-content\/uploads\/2025\/05\/Video-editor-300x213.png 300w, \/wp-content\/uploads\/2025\/05\/Video-editor-768x545.png 768w, \/wp-content\/uploads\/2025\/05\/Video-editor-200x142.png 200w, \/wp-content\/uploads\/2025\/05\/Video-editor.png 1200w\" sizes=\"auto, (max-width: 1024px) 100vw, 1024px\" \/><\/figure>\n<\/div>\n\n\n\n<div class=\"wp-block-column is-layout-flow wp-block-column-is-layout-flow\" style=\"flex-basis:420px\">\n<div class=\"wp-block-group is-layout-constrained wp-block-group-is-layout-constrained\">\n<h2 class=\"wp-block-heading\">Quickckannel Video Editor \u2013 videoredigering i desktop<\/h2>\n\n\n\n<p>Med v\u00e5r Video Editor kan du skapa snygga, professionella videor p\u00e5 bara n\u00e5gra minuter \u2014 trimma, klipp, l\u00e4gg till text och effekter direkt i webbl\u00e4saren. Ingen erfarenhet kr\u00e4vs, bara resultat som lyfter ditt varum\u00e4rke.<\/p>\n\n\n\n<ul class=\"wp-block-list\">\n<li><span style=\"font-size: revert;\">Intuitiv drag-and-drop funktionalitet<\/span><\/li>\n\n\n\n<li>Skapa varum\u00e4rkesanpassade mallar f\u00f6r hela organisationen<\/li>\n\n\n\n<li>All video lagring \u00e4r fullt GDPR-kompatibel<\/li>\n<\/ul>\n<\/div>\n<\/div>\n<\/div>\n","protected":false},"excerpt":{"rendered":"<p>Quickchannel &amp; Clipsk Kombinera Quickchannel och Clipsk f\u00f6r att effektivisera ditt arbetsfl\u00f6de med video Med hj\u00e4lp av v\u00e5rt samarbete med [&hellip;]<\/p>\n","protected":false},"author":21,"featured_media":11667,"parent":0,"menu_order":0,"comment_status":"closed","ping_status":"closed","template":"","meta":{"_acf_changed":false,"site-sidebar-layout":"default","site-content-layout":"","ast-site-content-layout":"","site-content-style":"default","site-sidebar-style":"default","ast-global-header-display":"","ast-banner-title-visibility":"","ast-main-header-display":"","ast-hfb-above-header-display":"","ast-hfb-below-header-display":"","ast-hfb-mobile-header-display":"","site-post-title":"","ast-breadcrumbs-content":"","ast-featured-img":"disabled","footer-sml-layout":"","theme-transparent-header-meta":"","adv-header-id-meta":"","stick-header-meta":"","header-above-stick-meta":"","header-main-stick-meta":"","header-below-stick-meta":"","astra-migrate-meta-layouts":"default","ast-page-background-enabled":"default","ast-page-background-meta":{"desktop":{"background-color":"var(--ast-global-color-4)","background-image":"","background-repeat":"repeat","background-position":"center center","background-size":"auto","background-attachment":"scroll","background-type":"","background-media":"","overlay-type":"","overlay-color":"","overlay-opacity":"","overlay-gradient":""},"tablet":{"background-color":"","background-image":"","background-repeat":"repeat","background-position":"center center","background-size":"auto","background-attachment":"scroll","background-type":"","background-media":"","overlay-type":"","overlay-color":"","overlay-opacity":"","overlay-gradient":""},"mobile":{"background-color":"","background-image":"","background-repeat":"repeat","background-position":"center center","background-size":"auto","background-attachment":"scroll","background-type":"","background-media":"","overlay-type":"","overlay-color":"","overlay-opacity":"","overlay-gradient":""}},"ast-content-background-meta":{"desktop":{"background-color":"var(--ast-global-color-5)","background-image":"","background-repeat":"repeat","background-position":"center center","background-size":"auto","background-attachment":"scroll","background-type":"","background-media":"","overlay-type":"","overlay-color":"","overlay-opacity":"","overlay-gradient":""},"tablet":{"background-color":"var(--ast-global-color-5)","background-image":"","background-repeat":"repeat","background-position":"center center","background-size":"auto","background-attachment":"scroll","background-type":"","background-media":"","overlay-type":"","overlay-color":"","overlay-opacity":"","overlay-gradient":""},"mobile":{"background-color":"var(--ast-global-color-5)","background-image":"","background-repeat":"repeat","background-position":"center center","background-size":"auto","background-attachment":"scroll","background-type":"","background-media":"","overlay-type":"","overlay-color":"","overlay-opacity":"","overlay-gradient":""}},"footnotes":""},"class_list":["post-11664","page","type-page","status-publish","has-post-thumbnail","hentry"],"acf":[],"yoast_head":"<!-- This site is optimized with the Yoast SEO plugin v27.5 - https:\/\/yoast.com\/product\/yoast-seo-wordpress\/ -->\n<title>S\u00e5 kommer du ig\u00e5ng med Quickchannel och Clipsk - Quickchannel<\/title>\n<meta name=\"description\" content=\"L\u00e4r dig hur vi kombinerar Quickchannel och Clipsk f\u00f6r att enkelt redigera video och effektivisera ditt arbetsfl\u00f6de med video.\" \/>\n<meta name=\"robots\" content=\"index, follow, max-snippet:-1, max-image-preview:large, max-video-preview:-1\" \/>\n<link rel=\"canonical\" href=\"https:\/\/quickchannel.com\/en\/sa-kommer-du-igang-med-quickchannel-och-clipsk\/\" \/>\n<meta property=\"og:locale\" content=\"en_US\" \/>\n<meta property=\"og:type\" content=\"article\" \/>\n<meta property=\"og:title\" content=\"S\u00e5 kommer du ig\u00e5ng med Quickchannel och Clipsk - Quickchannel\" \/>\n<meta property=\"og:description\" content=\"L\u00e4r dig hur vi kombinerar Quickchannel och Clipsk f\u00f6r att enkelt redigera video och effektivisera ditt arbetsfl\u00f6de med video.\" \/>\n<meta property=\"og:url\" content=\"https:\/\/quickchannel.com\/en\/sa-kommer-du-igang-med-quickchannel-och-clipsk\/\" \/>\n<meta property=\"og:site_name\" content=\"Quickchannel\" \/>\n<meta property=\"article:publisher\" content=\"https:\/\/www.facebook.com\/61567385758463\" \/>\n<meta property=\"article:modified_time\" content=\"2025-06-23T09:23:14+00:00\" \/>\n<meta property=\"og:image\" content=\"https:\/\/quickchannel.com\/wp-content\/uploads\/2025\/05\/Video-editor.png\" \/>\n\t<meta property=\"og:image:width\" content=\"1200\" \/>\n\t<meta property=\"og:image:height\" content=\"852\" \/>\n\t<meta property=\"og:image:type\" content=\"image\/png\" \/>\n<meta name=\"twitter:card\" content=\"summary_large_image\" \/>\n<meta name=\"twitter:label1\" content=\"Est. reading time\" \/>\n\t<meta name=\"twitter:data1\" content=\"2 minutes\" \/>\n<script type=\"application\/ld+json\" class=\"yoast-schema-graph\">{\"@context\":\"https:\\\/\\\/schema.org\",\"@graph\":[{\"@type\":\"WebPage\",\"@id\":\"https:\\\/\\\/quickchannel.com\\\/en\\\/sa-kommer-du-igang-med-quickchannel-och-clipsk\\\/\",\"url\":\"https:\\\/\\\/quickchannel.com\\\/en\\\/sa-kommer-du-igang-med-quickchannel-och-clipsk\\\/\",\"name\":\"S\u00e5 kommer du ig\u00e5ng med Quickchannel och Clipsk - Quickchannel\",\"isPartOf\":{\"@id\":\"https:\\\/\\\/quickchannel.com\\\/en\\\/#website\"},\"primaryImageOfPage\":{\"@id\":\"https:\\\/\\\/quickchannel.com\\\/en\\\/sa-kommer-du-igang-med-quickchannel-och-clipsk\\\/#primaryimage\"},\"image\":{\"@id\":\"https:\\\/\\\/quickchannel.com\\\/en\\\/sa-kommer-du-igang-med-quickchannel-och-clipsk\\\/#primaryimage\"},\"thumbnailUrl\":\"\\\/wp-content\\\/uploads\\\/2025\\\/05\\\/Video-editor.png\",\"datePublished\":\"2025-05-28T07:31:26+00:00\",\"dateModified\":\"2025-06-23T09:23:14+00:00\",\"description\":\"L\u00e4r dig hur vi kombinerar Quickchannel och Clipsk f\u00f6r att enkelt redigera video och effektivisera ditt arbetsfl\u00f6de med video.\",\"breadcrumb\":{\"@id\":\"https:\\\/\\\/quickchannel.com\\\/en\\\/sa-kommer-du-igang-med-quickchannel-och-clipsk\\\/#breadcrumb\"},\"inLanguage\":\"en-US\",\"potentialAction\":[{\"@type\":\"ReadAction\",\"target\":[\"https:\\\/\\\/quickchannel.com\\\/en\\\/sa-kommer-du-igang-med-quickchannel-och-clipsk\\\/\"]}]},{\"@type\":\"ImageObject\",\"inLanguage\":\"en-US\",\"@id\":\"https:\\\/\\\/quickchannel.com\\\/en\\\/sa-kommer-du-igang-med-quickchannel-och-clipsk\\\/#primaryimage\",\"url\":\"\\\/wp-content\\\/uploads\\\/2025\\\/05\\\/Video-editor.png\",\"contentUrl\":\"\\\/wp-content\\\/uploads\\\/2025\\\/05\\\/Video-editor.png\",\"width\":1200,\"height\":852,\"caption\":\"video editor\"},{\"@type\":\"BreadcrumbList\",\"@id\":\"https:\\\/\\\/quickchannel.com\\\/en\\\/sa-kommer-du-igang-med-quickchannel-och-clipsk\\\/#breadcrumb\",\"itemListElement\":[{\"@type\":\"ListItem\",\"position\":1,\"name\":\"Home\",\"item\":\"https:\\\/\\\/quickchannel.com\\\/en\\\/\"},{\"@type\":\"ListItem\",\"position\":2,\"name\":\"S\u00e5 kommer du ig\u00e5ng med Quickchannel och Clipsk\"}]},{\"@type\":\"WebSite\",\"@id\":\"https:\\\/\\\/quickchannel.com\\\/en\\\/#website\",\"url\":\"https:\\\/\\\/quickchannel.com\\\/en\\\/\",\"name\":\"Quickchannel\",\"description\":\"All you need for video creation, management, and sharing \u2013 whether on-demand or live \u2013 all within one end-to-end platform.\",\"publisher\":{\"@id\":\"https:\\\/\\\/quickchannel.com\\\/en\\\/#organization\"},\"alternateName\":\"QC\",\"potentialAction\":[{\"@type\":\"SearchAction\",\"target\":{\"@type\":\"EntryPoint\",\"urlTemplate\":\"https:\\\/\\\/quickchannel.com\\\/en\\\/?s={search_term_string}\"},\"query-input\":{\"@type\":\"PropertyValueSpecification\",\"valueRequired\":true,\"valueName\":\"search_term_string\"}}],\"inLanguage\":\"en-US\"},{\"@type\":\"Organization\",\"@id\":\"https:\\\/\\\/quickchannel.com\\\/en\\\/#organization\",\"name\":\"Quickchannel\",\"url\":\"https:\\\/\\\/quickchannel.com\\\/en\\\/\",\"logo\":{\"@type\":\"ImageObject\",\"inLanguage\":\"en-US\",\"@id\":\"https:\\\/\\\/quickchannel.com\\\/en\\\/#\\\/schema\\\/logo\\\/image\\\/\",\"url\":\"\\\/wp-content\\\/uploads\\\/2024\\\/07\\\/qc-logo-black-horisontal-no-slogan-scaled.webp\",\"contentUrl\":\"\\\/wp-content\\\/uploads\\\/2024\\\/07\\\/qc-logo-black-horisontal-no-slogan-scaled.webp\",\"width\":2560,\"height\":330,\"caption\":\"Quickchannel\"},\"image\":{\"@id\":\"https:\\\/\\\/quickchannel.com\\\/en\\\/#\\\/schema\\\/logo\\\/image\\\/\"},\"sameAs\":[\"https:\\\/\\\/www.facebook.com\\\/61567385758463\",\"https:\\\/\\\/www.linkedin.com\\\/company\\\/quickchannel-ab\",\"https:\\\/\\\/www.youtube.com\\\/@quickchannelab\"]}]}<\/script>\n<!-- \/ Yoast SEO plugin. -->","yoast_head_json":{"title":"S\u00e5 kommer du ig\u00e5ng med Quickchannel och Clipsk - Quickchannel","description":"L\u00e4r dig hur vi kombinerar Quickchannel och Clipsk f\u00f6r att enkelt redigera video och effektivisera ditt arbetsfl\u00f6de med video.","robots":{"index":"index","follow":"follow","max-snippet":"max-snippet:-1","max-image-preview":"max-image-preview:large","max-video-preview":"max-video-preview:-1"},"canonical":"https:\/\/quickchannel.com\/en\/sa-kommer-du-igang-med-quickchannel-och-clipsk\/","og_locale":"en_US","og_type":"article","og_title":"S\u00e5 kommer du ig\u00e5ng med Quickchannel och Clipsk - Quickchannel","og_description":"L\u00e4r dig hur vi kombinerar Quickchannel och Clipsk f\u00f6r att enkelt redigera video och effektivisera ditt arbetsfl\u00f6de med video.","og_url":"https:\/\/quickchannel.com\/en\/sa-kommer-du-igang-med-quickchannel-och-clipsk\/","og_site_name":"Quickchannel","article_publisher":"https:\/\/www.facebook.com\/61567385758463","article_modified_time":"2025-06-23T09:23:14+00:00","og_image":[{"width":1200,"height":852,"url":"https:\/\/quickchannel.com\/wp-content\/uploads\/2025\/05\/Video-editor.png","type":"image\/png"}],"twitter_card":"summary_large_image","twitter_misc":{"Est. reading time":"2 minutes"},"schema":{"@context":"https:\/\/schema.org","@graph":[{"@type":"WebPage","@id":"https:\/\/quickchannel.com\/en\/sa-kommer-du-igang-med-quickchannel-och-clipsk\/","url":"https:\/\/quickchannel.com\/en\/sa-kommer-du-igang-med-quickchannel-och-clipsk\/","name":"S\u00e5 kommer du ig\u00e5ng med Quickchannel och Clipsk - Quickchannel","isPartOf":{"@id":"https:\/\/quickchannel.com\/en\/#website"},"primaryImageOfPage":{"@id":"https:\/\/quickchannel.com\/en\/sa-kommer-du-igang-med-quickchannel-och-clipsk\/#primaryimage"},"image":{"@id":"https:\/\/quickchannel.com\/en\/sa-kommer-du-igang-med-quickchannel-och-clipsk\/#primaryimage"},"thumbnailUrl":"\/wp-content\/uploads\/2025\/05\/Video-editor.png","datePublished":"2025-05-28T07:31:26+00:00","dateModified":"2025-06-23T09:23:14+00:00","description":"L\u00e4r dig hur vi kombinerar Quickchannel och Clipsk f\u00f6r att enkelt redigera video och effektivisera ditt arbetsfl\u00f6de med video.","breadcrumb":{"@id":"https:\/\/quickchannel.com\/en\/sa-kommer-du-igang-med-quickchannel-och-clipsk\/#breadcrumb"},"inLanguage":"en-US","potentialAction":[{"@type":"ReadAction","target":["https:\/\/quickchannel.com\/en\/sa-kommer-du-igang-med-quickchannel-och-clipsk\/"]}]},{"@type":"ImageObject","inLanguage":"en-US","@id":"https:\/\/quickchannel.com\/en\/sa-kommer-du-igang-med-quickchannel-och-clipsk\/#primaryimage","url":"\/wp-content\/uploads\/2025\/05\/Video-editor.png","contentUrl":"\/wp-content\/uploads\/2025\/05\/Video-editor.png","width":1200,"height":852,"caption":"video editor"},{"@type":"BreadcrumbList","@id":"https:\/\/quickchannel.com\/en\/sa-kommer-du-igang-med-quickchannel-och-clipsk\/#breadcrumb","itemListElement":[{"@type":"ListItem","position":1,"name":"Home","item":"https:\/\/quickchannel.com\/en\/"},{"@type":"ListItem","position":2,"name":"S\u00e5 kommer du ig\u00e5ng med Quickchannel och Clipsk"}]},{"@type":"WebSite","@id":"https:\/\/quickchannel.com\/en\/#website","url":"https:\/\/quickchannel.com\/en\/","name":"Quickchannel","description":"All you need for video creation, management, and sharing \u2013 whether on-demand or live \u2013 all within one end-to-end platform.","publisher":{"@id":"https:\/\/quickchannel.com\/en\/#organization"},"alternateName":"QC","potentialAction":[{"@type":"SearchAction","target":{"@type":"EntryPoint","urlTemplate":"https:\/\/quickchannel.com\/en\/?s={search_term_string}"},"query-input":{"@type":"PropertyValueSpecification","valueRequired":true,"valueName":"search_term_string"}}],"inLanguage":"en-US"},{"@type":"Organization","@id":"https:\/\/quickchannel.com\/en\/#organization","name":"Quickchannel","url":"https:\/\/quickchannel.com\/en\/","logo":{"@type":"ImageObject","inLanguage":"en-US","@id":"https:\/\/quickchannel.com\/en\/#\/schema\/logo\/image\/","url":"\/wp-content\/uploads\/2024\/07\/qc-logo-black-horisontal-no-slogan-scaled.webp","contentUrl":"\/wp-content\/uploads\/2024\/07\/qc-logo-black-horisontal-no-slogan-scaled.webp","width":2560,"height":330,"caption":"Quickchannel"},"image":{"@id":"https:\/\/quickchannel.com\/en\/#\/schema\/logo\/image\/"},"sameAs":["https:\/\/www.facebook.com\/61567385758463","https:\/\/www.linkedin.com\/company\/quickchannel-ab","https:\/\/www.youtube.com\/@quickchannelab"]}]}},"_links":{"self":[{"href":"https:\/\/quickchannel.com\/en\/wp-json\/wp\/v2\/pages\/11664","targetHints":{"allow":["GET"]}}],"collection":[{"href":"https:\/\/quickchannel.com\/en\/wp-json\/wp\/v2\/pages"}],"about":[{"href":"https:\/\/quickchannel.com\/en\/wp-json\/wp\/v2\/types\/page"}],"author":[{"embeddable":true,"href":"https:\/\/quickchannel.com\/en\/wp-json\/wp\/v2\/users\/21"}],"replies":[{"embeddable":true,"href":"https:\/\/quickchannel.com\/en\/wp-json\/wp\/v2\/comments?post=11664"}],"version-history":[{"count":15,"href":"https:\/\/quickchannel.com\/en\/wp-json\/wp\/v2\/pages\/11664\/revisions"}],"predecessor-version":[{"id":16485,"href":"https:\/\/quickchannel.com\/en\/wp-json\/wp\/v2\/pages\/11664\/revisions\/16485"}],"wp:featuredmedia":[{"embeddable":true,"href":"https:\/\/quickchannel.com\/en\/wp-json\/wp\/v2\/media\/11667"}],"wp:attachment":[{"href":"https:\/\/quickchannel.com\/en\/wp-json\/wp\/v2\/media?parent=11664"}],"curies":[{"name":"wp","href":"https:\/\/api.w.org\/{rel}","templated":true}]}}